{"id":135,"date":"2023-10-04T16:36:01","date_gmt":"2023-10-04T14:36:01","guid":{"rendered":"https:\/\/ownpowr.com\/product\/byd-b-box-premium-lvs-24-0\/"},"modified":"2025-10-15T14:03:57","modified_gmt":"2025-10-15T12:03:57","slug":"byd-b-box-premium-lvs-24-0","status":"publish","type":"product","link":"https:\/\/ownpowr.com\/pt\/product\/byd-b-box-premium-lvs-24-0\/","title":{"rendered":"BYD Caixa de bateria premium LVS 24,0 kWh Entrega em meados\/final de dezembro"},"content":{"rendered":"<p>BYD B-Box premium LVS 24.0<\/p>\n<p>CUIDADO:<br \/>\nSubst\u00e2ncia perigosa de acordo com UN 3480 \/ Classe de perigo de transporte 9 \/ Grupo de embalagem II<\/p>\n<p>Informa\u00e7\u00f5es:<\/p>\n<p>- capacidade \u00fatil: 24,00 kWh<br \/>\n- tens\u00e3o nominal: 51,2 V<br \/>\n- M\u00e1x. Corrente de sa\u00edda: 250A<br \/>\n- Corrente de sa\u00edda de pico: 360A, 5s<br \/>\n- Gama de tens\u00e3o de funcionamento: 40-57.6 V<br \/>\n- temperatura ambiente: -10 \u00b0C a +50 \u00b0C<br \/>\n- interfaces: CAN\/RS485<br \/>\n- efici\u00eancia energ\u00e9tica de ida e volta: &gt;= 95%<br \/>\n- certifica\u00e7\u00e3o: VDE2510-50 \/ IEC62619\/ CE \/ CEC \/ UN38.3<br \/>\n- Classe de prote\u00e7\u00e3o IP: IP55<br \/>\n- Aplica\u00e7\u00f5es: Rede ON \/ Rede ON + Backup \/ Rede OFF<\/p>\n<p>O conjunto inclui:<br \/>\n6x m\u00f3dulo de bateria BYD B-BOX PREMIUM LVS<br \/>\n1x BYD LV PDU + Base<br \/>\n1x BYD LV Unidade de gest\u00e3o da bateria NOVO<\/p>\n<p><strong>Mais informa\u00e7\u00f5es:<\/strong><\/p>\n<ul>\n<li><a href=\"https:\/\/storeyourownpower.com\/wp-content\/uploads\/2023\/01\/Datasheet-English-LVS.pdf\" target=\"_blank\" rel=\"noopener\">Ficha de dados LVS<\/a><\/li>\n<li><a href=\"https:\/\/storeyourownpower.com\/wp-content\/uploads\/2023\/01\/Datenblatt-German-LVS.pdf\" target=\"_blank\" rel=\"noopener\">Dados do LVS alem\u00e3o<\/a><\/li>\n<li><a href=\"https:\/\/storeyourownpower.com\/wp-content\/uploads\/2023\/01\/Mounting-instructions-English-LVS.pdf\" target=\"_blank\" rel=\"noopener\">Instru\u00e7\u00f5es de montagem Ingl\u00eas LVS<\/a><\/li>\n<li><a href=\"https:\/\/storeyourownpower.com\/wp-content\/uploads\/2023\/01\/Mounting-instructions-German-LVS.pdf\" target=\"_blank\" rel=\"noopener\">Instru\u00e7\u00f5es de montagem LVS alem\u00e3o<\/a><\/li>\n<li><a href=\"https:\/\/storeyourownpower.com\/wp-content\/uploads\/2023\/01\/Warranty-terms-English.pdf\" target=\"_blank\" rel=\"noopener\">Termos da garantia Ingl\u00eas<\/a><\/li>\n<li><a href=\"https:\/\/storeyourownpower.com\/wp-content\/uploads\/2023\/01\/Warranty-terms-German-LVS.pdf\" target=\"_blank\" rel=\"noopener\">Termos de garantia LVS alem\u00e3o<\/a><\/li>\n<\/ul>","protected":false},"excerpt":{"rendered":"<p>BYD B-Box premium LVS 24.0 ATEN\u00c7\u00c3O: Subst\u00e2ncia perigosa de acordo com UN 3480 \/ Classe de perigo de transporte 9 \/ Grupo de embalagem II Informa\u00e7\u00f5es: - capacidade \u00fatil: 24,00 kWh - tens\u00e3o nominal: [...]<\/p>","protected":false},"featured_media":136,"template":"","meta":{"_seopress_robots_primary_cat":"none","_seopress_titles_title":"BYD B-Box Premium LVS 24.0 - Advanced Lithium Battery with High Capacity and Safety Features","_seopress_titles_desc":"Discover the features of the BYD B-Box Premium LVS 24.0, including its 24.00 kWh usable capacity, high output current of 360A, and IP55 protection class. Perfect for ON Grid, ON Grid + Backup, or OFF Grid applications. Get more information and warranty details.","_seopress_robots_index":"","_kad_blocks_custom_css":"","_kad_blocks_head_custom_js":"","_kad_blocks_body_custom_js":"","_kad_blocks_footer_custom_js":""},"product_cat":[17],"product_tag":[],"class_list":{"0":"post-135","1":"product","2":"type-product","3":"status-publish","4":"has-post-thumbnail","6":"product_cat-home-batteries","8":"first","9":"onbackorder","10":"sale","11":"taxable","12":"shipping-taxable","13":"purchasable","14":"product-type-simple"},"taxonomy_info":{"product_cat":[{"value":17,"label":"Home batteries"}]},"featured_image_src_large":["https:\/\/ownpowr.com\/wp-content\/uploads\/2022\/11\/9-252Ff-252F6-252Fc-252F9f6cce05a635a6ae3545c0eba2096a6b27f1a5bb_det_sb_byd_b_box_lvs_24-0.jpeg",640,540,false],"author_info":[],"comment_info":"","_links":{"self":[{"href":"https:\/\/ownpowr.com\/pt\/wp-json\/wp\/v2\/product\/135","targetHints":{"allow":["GET"]}}],"collection":[{"href":"https:\/\/ownpowr.com\/pt\/wp-json\/wp\/v2\/product"}],"about":[{"href":"https:\/\/ownpowr.com\/pt\/wp-json\/wp\/v2\/types\/product"}],"wp:featuredmedia":[{"embeddable":true,"href":"https:\/\/ownpowr.com\/pt\/wp-json\/wp\/v2\/media\/136"}],"wp:attachment":[{"href":"https:\/\/ownpowr.com\/pt\/wp-json\/wp\/v2\/media?parent=135"}],"wp:term":[{"taxonomy":"product_cat","embeddable":true,"href":"https:\/\/ownpowr.com\/pt\/wp-json\/wp\/v2\/product_cat?post=135"},{"taxonomy":"product_tag","embeddable":true,"href":"https:\/\/ownpowr.com\/pt\/wp-json\/wp\/v2\/product_tag?post=135"}],"curies":[{"name":"wp","href":"https:\/\/api.w.org\/{rel}","templated":true}]}}