{"id":139,"date":"2023-10-04T16:36:02","date_gmt":"2023-10-04T14:36:02","guid":{"rendered":"https:\/\/ownpowr.com\/product\/byd-b-box-premium-lvs-4-0\/"},"modified":"2025-10-15T14:02:31","modified_gmt":"2025-10-15T12:02:31","slug":"byd-b-box-premium-lvs-4-0","status":"publish","type":"product","link":"https:\/\/ownpowr.com\/pt\/product\/byd-b-box-premium-lvs-4-0\/","title":{"rendered":"BYD Caixa de bateria premium LVS 4,0 kWh Entrega em meados\/final de dezembro"},"content":{"rendered":"<p>BYD B-Box premium LVS 4.0<\/p>\n<p>Informa\u00e7\u00f5es:<br \/>\n- capacidade \u00fatil: 4,00 kWh<br \/>\n- tens\u00e3o nominal: 51,2 V<br \/>\n- M\u00e1x. Corrente de sa\u00edda: 65A<br \/>\n- Corrente de sa\u00edda de pico: 90A, 5s<br \/>\n- Gama de tens\u00e3o de funcionamento: 40-57.6 V<br \/>\n- temperatura ambiente: -10 \u00b0C a +50 \u00b0C<br \/>\n- interfaces: CAN\/RS485<br \/>\n- efici\u00eancia energ\u00e9tica de ida e volta: &gt;= 95%<br \/>\n- certifica\u00e7\u00e3o: VDE2510-50 \/ IEC62619\/ CE \/ CEC \/ UN38.3<br \/>\n- Classe de prote\u00e7\u00e3o IP: IP55<br \/>\n- Aplica\u00e7\u00f5es: Rede ON \/ Rede ON + Backup \/ Rede OFF<br \/>\n- Expanda sempre \/ at\u00e9 16 LVS 16.0 em paralelo \/ 256 kWh utiliz\u00e1veis<\/p>\n<p>O conjunto inclui:<br \/>\n1x M\u00f3dulo de bateria BYD B-BOX PREMIUM LVS<br \/>\n1x BYD LV PDU + Base<br \/>\n1x BYD LV Unidade de gest\u00e3o da bateria NOVO<\/p>\n<p><strong>Mais informa\u00e7\u00f5es:<\/strong><\/p>\n<ul>\n<li><a href=\"https:\/\/storeyourownpower.com\/wp-content\/uploads\/2023\/01\/Datasheet-English-LVS.pdf\" target=\"_blank\" rel=\"noopener\">Ficha de dados LVS<\/a><\/li>\n<li><a href=\"https:\/\/storeyourownpower.com\/wp-content\/uploads\/2023\/01\/Datenblatt-German-LVS.pdf\" target=\"_blank\" rel=\"noopener\">Dados do LVS alem\u00e3o<\/a><\/li>\n<li><a href=\"https:\/\/storeyourownpower.com\/wp-content\/uploads\/2023\/01\/Mounting-instructions-English-LVS.pdf\" target=\"_blank\" rel=\"noopener\">Instru\u00e7\u00f5es de montagem Ingl\u00eas LVS<\/a><\/li>\n<li><a href=\"https:\/\/storeyourownpower.com\/wp-content\/uploads\/2023\/01\/Mounting-instructions-German-LVS.pdf\" target=\"_blank\" rel=\"noopener\">Instru\u00e7\u00f5es de montagem LVS alem\u00e3o<\/a><\/li>\n<li><a href=\"https:\/\/storeyourownpower.com\/wp-content\/uploads\/2023\/01\/Warranty-terms-English.pdf\" target=\"_blank\" rel=\"noopener\">Termos da garantia Ingl\u00eas<\/a><\/li>\n<li><a href=\"https:\/\/storeyourownpower.com\/wp-content\/uploads\/2023\/01\/Warranty-terms-German-LVS.pdf\" target=\"_blank\" rel=\"noopener\">Termos de garantia LVS alem\u00e3o<\/a><\/li>\n<\/ul>","protected":false},"excerpt":{"rendered":"<p>BYD B-Box premium LVS 4.0 Informa\u00e7\u00f5es: - Capacidade \u00fatil: 4,00 kWh - Tens\u00e3o nominal: 51,2 V - Corrente de sa\u00edda m\u00e1x. Corrente de sa\u00edda: 65A - Corrente de pico de sa\u00edda: 90A, 5s - Tens\u00e3o de funcionamento [...]<\/p>","protected":false},"featured_media":140,"template":"","meta":{"_seopress_robots_primary_cat":"none","_seopress_titles_title":"BYD B-Box Premium LVS 4.0: High Capacity and Efficiency Battery for Grid Backup and Off-Grid Applications","_seopress_titles_desc":"Discover the BYD B-Box Premium LVS 4.0 with 4.00 kWh usable capacity, 65A output current, and IP55 protection class. Perfect for ON Grid, OFF Grid, and backup applications. Expandable up to 16 LVS 16.0 modules. Learn more!","_seopress_robots_index":"","_kad_blocks_custom_css":"","_kad_blocks_head_custom_js":"","_kad_blocks_body_custom_js":"","_kad_blocks_footer_custom_js":""},"product_cat":[17],"product_tag":[],"class_list":{"0":"post-139","1":"product","2":"type-product","3":"status-publish","4":"has-post-thumbnail","6":"product_cat-home-batteries","8":"first","9":"onbackorder","10":"sale","11":"taxable","12":"shipping-taxable","13":"purchasable","14":"product-type-simple"},"taxonomy_info":{"product_cat":[{"value":17,"label":"Home batteries"}]},"featured_image_src_large":["https:\/\/ownpowr.com\/wp-content\/uploads\/2022\/11\/e-252Fb-252F8-252F6-252Feb86ead2797e066c0412db7296196f199394b37d_det_sb_byd_b_box_lvs_4-0.jpeg",640,540,false],"author_info":[],"comment_info":"","_links":{"self":[{"href":"https:\/\/ownpowr.com\/pt\/wp-json\/wp\/v2\/product\/139","targetHints":{"allow":["GET"]}}],"collection":[{"href":"https:\/\/ownpowr.com\/pt\/wp-json\/wp\/v2\/product"}],"about":[{"href":"https:\/\/ownpowr.com\/pt\/wp-json\/wp\/v2\/types\/product"}],"wp:featuredmedia":[{"embeddable":true,"href":"https:\/\/ownpowr.com\/pt\/wp-json\/wp\/v2\/media\/140"}],"wp:attachment":[{"href":"https:\/\/ownpowr.com\/pt\/wp-json\/wp\/v2\/media?parent=139"}],"wp:term":[{"taxonomy":"product_cat","embeddable":true,"href":"https:\/\/ownpowr.com\/pt\/wp-json\/wp\/v2\/product_cat?post=139"},{"taxonomy":"product_tag","embeddable":true,"href":"https:\/\/ownpowr.com\/pt\/wp-json\/wp\/v2\/product_tag?post=139"}],"curies":[{"name":"wp","href":"https:\/\/api.w.org\/{rel}","templated":true}]}}