{"id":185455,"date":"2025-01-30T09:44:03","date_gmt":"2025-01-30T07:44:03","guid":{"rendered":"https:\/\/ownpowr.com\/?post_type=product&#038;p=185455"},"modified":"2025-01-30T09:44:03","modified_gmt":"2025-01-30T07:44:03","slug":"blauhoff-maxus-storage-only-385kwh-liquid-cooled-energy-storage-cabinet-10y-warantee-8000-cycles","status":"publish","type":"product","link":"https:\/\/ownpowr.com\/pt\/product\/blauhoff-maxus-storage-only-385kwh-armario-de-armazenamento-de-energia-refrigerado-a-liquido-10-anos-de-garantia-8000-ciclos\/","title":{"rendered":"Blauhoff Maxus Apenas armazenamento 385kWh Arm\u00e1rio de armazenamento de energia arrefecido a l\u00edquido Garantia de 10 anos 8000 ciclos"},"content":{"rendered":"<p>ATEN\u00c7\u00c3O!<\/p>\n<p>Devido \u00e0 integra\u00e7\u00e3o e complexidade, este pre\u00e7o \u00e9 um pre\u00e7o de instalador comercial sem IVA e sem montagem<\/p>\n<p>A montagem \u00e9 efectuada pelo seu instalador local com a ajuda do nosso colaborador t\u00e9cnico<\/p>\n<p>Blauhoff Maxus Apenas para armazenamento Arm\u00e1rio de armazenamento de energia de 385Kwh Refrigerado a l\u00edquido Garantia de 10 anos 8000 ciclos<\/p>\n<p>Possibilidade de subven\u00e7\u00e3o https:\/\/blauhoff.nl\/subsidies-thuisbatterij-voor-bedrijven\/<\/p>\n<p>C\u00e9lulas prism\u00e1ticas para uma qualidade superior e uma vida \u00fatil mais longa, 8000 ciclos e 10 anos de garantia para as c\u00e9lulas sem custos adicionais e 5 anos para o conjunto.<\/p>\n<p>A maior parte dos outros fornecedores oferece 3 a 5 anos para o conjunto e para as c\u00e9lulas e, depois disso, tem de pagar mais!<\/p>\n<p>ESS totalmente integrado para facilitar o transporte e a O&amp;M. Pode ser adaptado a muitas das principais marcas de inversores (somotec) e utilizado como armazenamento de bateria compacto.<\/p>\n<p>O design integrado e modular torna-o r\u00e1pido de montar e utilizar, com um m\u00e1ximo de 3 horas de trabalho.<\/p>\n<p>Blauhoff BLH-385kWh-Maxus, \u00e9 um arm\u00e1rio de armazenamento ESS industrial com arrefecimento l\u00edquido, est\u00e1 integrado com, bateria, BMS, gest\u00e3o t\u00e9rmica, distribui\u00e7\u00e3o de energia, prote\u00e7\u00e3o contra inc\u00eandios, etc.<\/p>\n<p>O seu design de seguran\u00e7a garante um melhor desempenho da bateria e uma vida \u00fatil mais longa<br \/>\nvida \u00fatil. V\u00e1rios conjuntos de arm\u00e1rios podem ser diretamente colocados em paralelo at\u00e9 30 unidades para obter armazenamento de energia<br \/>\nexpans\u00e3o do sistema. \u00c9 muito f\u00e1cil de escalar e port\u00e1til.<\/p>\n<p>Arrefecimento l\u00edquido :<br \/>\nO desvio de temperatura das c\u00e9lulas da bateria<br \/>\nem todo o sistema \u00e9 de \u00b11,5\u00b0C devido a<br \/>\nsistema inteligente de arrefecimento l\u00edquido. Pode<br \/>\nprolongar a vida \u00fatil do sistema at\u00e9<br \/>\n30%, aumente a efici\u00eancia do sistema a longo prazo<br \/>\nat\u00e9 88,5%.<\/p>\n<p>Seguro<br \/>\nO sistema tem quatro n\u00edveis de gest\u00e3o<br \/>\nestrutura que pode fornecer<br \/>\nprote\u00e7\u00e3o contra curto-circuitos, sobreintensidades<br \/>\nprote\u00e7\u00e3o, prote\u00e7\u00e3o contra sobretens\u00e3o<br \/>\nprote\u00e7\u00e3o contra subtens\u00e3o, sobretemperatura<br \/>\nprote\u00e7\u00e3o, etc.<\/p>\n<p><strong>NEN-EN-IEC 62619:2022 - Pilhas e baterias secund\u00e1rias contendo electr\u00f3litos alcalinos ou outros electr\u00f3litos n\u00e3o \u00e1cidos - Requisitos de seguran\u00e7a para pilhas e baterias secund\u00e1rias de l\u00edtio, para utiliza\u00e7\u00e3o em aplica\u00e7\u00f5es industriais<\/strong><\/p>\n<p><strong>NEN-EN-IEC 61000-6-2\u3001EN IEC 61000-6-4<\/strong><\/p>\n<p><strong>UL 9540A:2019 edi\u00e7\u00e3o 4 - Norma para M\u00e9todo de Ensaio para Avaliar a Propaga\u00e7\u00e3o de Inc\u00eandio por Fuga T\u00e9rmica em Sistemas de Armazenamento de Energia de Baterias<\/strong><\/p>\n<p><strong>UN38.3<\/strong><strong>s<\/strong><\/p>","protected":false},"excerpt":{"rendered":"<p>ATEN\u00c7\u00c3O ! Devido \u00e0 integra\u00e7\u00e3o e \u00e0 complexidade, este pre\u00e7o \u00e9 um pre\u00e7o de instala\u00e7\u00e3o comercial sem IVA e sem montagem. A montagem \u00e9 efectuada pelo seu instalador local com a ajuda dos nossos t\u00e9cnicos.<\/p>","protected":false},"featured_media":185452,"template":"","meta":{"_seopress_robots_primary_cat":"none","_seopress_titles_title":"","_seopress_titles_desc":"","_seopress_robots_index":"","_kad_blocks_custom_css":"","_kad_blocks_head_custom_js":"","_kad_blocks_body_custom_js":"","_kad_blocks_footer_custom_js":""},"product_cat":[17],"product_tag":[],"class_list":{"0":"post-185455","1":"product","2":"type-product","3":"status-publish","4":"has-post-thumbnail","6":"product_cat-home-batteries","8":"first","9":"instock","10":"sale","11":"taxable","12":"shipping-taxable","13":"purchasable","14":"product-type-simple"},"taxonomy_info":{"product_cat":[{"value":17,"label":"Home batteries"}]},"featured_image_src_large":["https:\/\/ownpowr.com\/wp-content\/uploads\/2024\/10\/maxus-.png",300,300,false],"author_info":[],"comment_info":"","_links":{"self":[{"href":"https:\/\/ownpowr.com\/pt\/wp-json\/wp\/v2\/product\/185455","targetHints":{"allow":["GET"]}}],"collection":[{"href":"https:\/\/ownpowr.com\/pt\/wp-json\/wp\/v2\/product"}],"about":[{"href":"https:\/\/ownpowr.com\/pt\/wp-json\/wp\/v2\/types\/product"}],"wp:featuredmedia":[{"embeddable":true,"href":"https:\/\/ownpowr.com\/pt\/wp-json\/wp\/v2\/media\/185452"}],"wp:attachment":[{"href":"https:\/\/ownpowr.com\/pt\/wp-json\/wp\/v2\/media?parent=185455"}],"wp:term":[{"taxonomy":"product_cat","embeddable":true,"href":"https:\/\/ownpowr.com\/pt\/wp-json\/wp\/v2\/product_cat?post=185455"},{"taxonomy":"product_tag","embeddable":true,"href":"https:\/\/ownpowr.com\/pt\/wp-json\/wp\/v2\/product_tag?post=185455"}],"curies":[{"name":"wp","href":"https:\/\/api.w.org\/{rel}","templated":true}]}}