{"id":187742,"date":"2024-10-25T09:11:12","date_gmt":"2024-10-25T07:11:12","guid":{"rendered":"https:\/\/ownpowr.com\/?post_type=product&#038;p=187742"},"modified":"2025-01-30T09:53:51","modified_gmt":"2025-01-30T07:53:51","slug":"blauhoff-25k-80kwh-hv-3-phase-system-powerpack-ip55-100ah-1c-charge-discharge","status":"publish","type":"product","link":"https:\/\/ownpowr.com\/pt\/product\/blauhoff-25k-80kwh-hv-3-phase-system-powerpack-ip55-100ah-1c-carga-descarga\/","title":{"rendered":"Blauhoff 25K\/80kWh HV 3 Phase System Powerpack IP55 100aH 1C Carga\/Descarga"},"content":{"rendered":"<h2>Blauhoff Home 25K\/80 kWh HV 3 Fase systeem Cobalt vrij Powerpack IP55 Exterior\/Interior\/Cobalt vrij 100aH 1C<\/h2>\n<p>O sistema Blauhoff Home BLH-25k\/80 kWh 3 Fases, super robusto e de f\u00e1cil utiliza\u00e7\u00e3o, da marca Blauhoff, oferece uma solu\u00e7\u00e3o eficaz e eficiente para o controlo de energia em casas com uma maior veracidade. Com este sistema de ponta, pode otimizar a efici\u00eancia energ\u00e9tica da sua casa, reduzir a sua depend\u00eancia da rede el\u00e9ctrica e beneficiar da otimiza\u00e7\u00e3o do consumo de energia em caso de falha de energia. Al\u00e9m disso, este sistema \u00e9 fornecido com montagem gratuita, o que lhe permite uma instala\u00e7\u00e3o perfeita. Comunique-se com a sala din\u00e2mica como um sinal de assinatura e tamb\u00e9m com uma grande quantidade de energia!<\/p>\n<p>O omvormer tem um comprimento de 780 mm e um peso de 33,6 kg. Com um cabo extra de 300 mm entre o omvormer e a bateria, pode colocar o seu sistema numa posi\u00e7\u00e3o ideal, o que contribui para um fornecimento de energia eficiente e um m\u00ednimo de perdas de energia.<\/p>\n<p>O sistema de baterias Blauhoff \u00e9 duplos, cobalto e compacto, com dimens\u00f5es de 734 mm x 400 mm por m\u00f3dulo e um peso de 906 kg. A bateria tem uma capacidade de 80 kWh, para que possa armazenar energia excedent\u00e1ria que ser\u00e1 gerada pelos seus pain\u00e9is de zinco ou outras fontes de energia. Nos momentos em que n\u00e3o h\u00e1 produ\u00e7\u00e3o de energia, pode aproveitar a energia excedent\u00e1ria para obter mais energia, de modo a que se sinta menos agradecido com a rede el\u00e9ctrica e a energia que consome. Isto acontece de forma totalmente autom\u00e1tica em combina\u00e7\u00e3o com um contrato de energia din\u00e2mico. No inverno, pode beneficiar de um bom armazenamento durante a noite e durante todo o dia, bem como de um carregamento gratuito durante o meio-dia e o fim do dia, e de um carregamento autom\u00e1tico durante a manh\u00e3 ou durante a noite.<\/p>\n<p><strong>Especialmente concebido para carregar\/descarregar 1C (100aH), para que possa carregar e carregar rapidamente. 8000 ciclos, 10 anos de garantia e certifica\u00e7\u00e3o UL9540A, a categoria mais alta e mais segura da marca!<\/strong><\/p>\n<p><strong>Com o Smartlanhub Blauhoff gratuito, que inclui aplica\u00e7\u00e3o e hardware, pode controlar automaticamente e de forma din\u00e2mica a sua energia atrav\u00e9s de uma assinatura.  Pode tamb\u00e9m informar-se sobre o seu fornecedor de energia. \u00c9 compat\u00edvel com a dom\u00f3tica Homeautomation e Homey Pro.<\/strong><\/p>\n<p>O sistema de 3 fases Home BLH-25k\/80 kWh est\u00e1 dispon\u00edvel para consumidores com uma pot\u00eancia energ\u00e9tica anual de mais de 29200 kWh. Com um vermog\u00e9neo de 25 kW, pode obter uma grande quantidade de energia com base na energia de zonne e na energia de opgewekte na bateria. Bovendien biedt dit systeem noodstroomvoorziening, zodat belangrijke apparaten blijven werken tijdens stroomuitval and uw dagelijkse routines ongestoord kunnen doorgaan. O seu sistema est\u00e1 pronto a funcionar at\u00e9 um m\u00e1ximo de 600 kWh<\/p>\n<p>O Blauhoff Home BLH-25k\/80 kWh 3 Fase System Powerpack foi concebido com flexibilidade. Ele est\u00e1 dispon\u00edvel num porto gerador\/e\u00f3lico, que lhe d\u00e1 a possibilidade de gerar mais energia e de aumentar a sua autonomia energ\u00e9tica. Com uma alimenta\u00e7\u00e3o m\u00ednima de 3x25A e preparado para configura\u00e7\u00f5es de 3 fases, este sistema \u00e9 compat\u00edvel com as redes el\u00e9ctricas mais potentes.<\/p>\n<p>Gra\u00e7as \u00e0 montagem gratuita, pode ver uma instala\u00e7\u00e3o profissional, para que o seu sistema funcione de forma \u00f3ptima desde o primeiro momento e para que possa usufruir de um servi\u00e7o de excel\u00eancia.<\/p>\n<p>D\u00ea o salto para uma produ\u00e7\u00e3o de energia mais eficiente e duradoura com o sistema Blauhoff Home BLH-25k\/80kWh de 3 fases. Com o seu elevado consumo de energia, a sua boa gest\u00e3o de res\u00edduos e a flexibilidade das suas fontes de energia, pode beneficiar de uma melhor gest\u00e3o de res\u00edduos, de uma redu\u00e7\u00e3o de custos e de um maior respeito pelo ambiente. Ligue-se ao Blauhoff e torne a sua casa clara para as fontes de energia do consumo.<\/p>\n<p><a href=\"https:\/\/blauhoff.nl\/wp-content\/uploads\/2024\/10\/Blauhoff-Power-Pack-HV-V1.4-1.pdf\" target=\"_blank\" rel=\"noopener\">Blauhoff Power Pack HV V1.4 (1)<\/a><\/p>","protected":false},"excerpt":{"rendered":"<p>Blauhoff Home 25K\/80 kWh HV 3 Fase systeem Cobalt vrij Powerpack IP55 Outdoor\/Indoor\/Cobalt vrij 100aH 1C O super robuste en makkelijk uitbreidbare Blauhoff Home BLH-25k\/80 kWh 3 Fase Systeem, van [...]<\/p>","protected":false},"featured_media":187745,"template":"","meta":{"_seopress_robots_primary_cat":"none","_seopress_titles_title":"","_seopress_titles_desc":"","_seopress_robots_index":"","_kad_blocks_custom_css":"","_kad_blocks_head_custom_js":"","_kad_blocks_body_custom_js":"","_kad_blocks_footer_custom_js":""},"product_cat":[17,19],"product_tag":[],"class_list":{"0":"post-187742","1":"product","2":"type-product","3":"status-publish","4":"has-post-thumbnail","6":"product_cat-home-batteries","7":"product_cat-sets-with-inverters","9":"first","10":"instock","11":"taxable","12":"shipping-taxable","13":"purchasable","14":"product-type-simple"},"taxonomy_info":{"product_cat":[{"value":17,"label":"Home batteries"},{"value":19,"label":"Sets with inverters"}]},"featured_image_src_large":["https:\/\/ownpowr.com\/wp-content\/uploads\/2024\/10\/bh3-25k-80kwh-300x300-1.png",300,300,false],"author_info":[],"comment_info":"","_links":{"self":[{"href":"https:\/\/ownpowr.com\/pt\/wp-json\/wp\/v2\/product\/187742","targetHints":{"allow":["GET"]}}],"collection":[{"href":"https:\/\/ownpowr.com\/pt\/wp-json\/wp\/v2\/product"}],"about":[{"href":"https:\/\/ownpowr.com\/pt\/wp-json\/wp\/v2\/types\/product"}],"wp:featuredmedia":[{"embeddable":true,"href":"https:\/\/ownpowr.com\/pt\/wp-json\/wp\/v2\/media\/187745"}],"wp:attachment":[{"href":"https:\/\/ownpowr.com\/pt\/wp-json\/wp\/v2\/media?parent=187742"}],"wp:term":[{"taxonomy":"product_cat","embeddable":true,"href":"https:\/\/ownpowr.com\/pt\/wp-json\/wp\/v2\/product_cat?post=187742"},{"taxonomy":"product_tag","embeddable":true,"href":"https:\/\/ownpowr.com\/pt\/wp-json\/wp\/v2\/product_tag?post=187742"}],"curies":[{"name":"wp","href":"https:\/\/api.w.org\/{rel}","templated":true}]}}