{"id":189086,"date":"2025-01-30T10:14:35","date_gmt":"2025-01-30T08:14:35","guid":{"rendered":"https:\/\/ownpowr.com\/?post_type=product&#038;p=189086"},"modified":"2025-01-30T10:14:35","modified_gmt":"2025-01-30T08:14:35","slug":"blauhoff-home-12k-60-kwh-lv-3-phase-system-cobalt-free-powerpack-ip55-outdoor-indoor-cobalt-free-100ah-1c","status":"publish","type":"product","link":"https:\/\/ownpowr.com\/pt\/product\/blauhoff-home-12k-60-kwh-lv-sistema-trifasico-cobalt-free-powerpack-ip55-exterior-interior-cobalt-free-100ah-1c\/","title":{"rendered":"Blauhoff Home 12K\/60 kWh LV Sistema trif\u00e1sico Powerpack isento de cobalto IP55 Exterior\/Interior\/isento de cobalto 100aH 1C"},"content":{"rendered":"<p>Blauhoff Home 12K\/60 kWh LV Sistema trif\u00e1sico Powerpack isento de cobalto IP55 Exterior\/Interior\/isento de cobalto 100aH 1C<\/p>\n<p>O Sistema Trif\u00e1sico Blauhoff Home BLH-12k\/60 kWh, super robusto e facilmente expans\u00edvel, da conceituada marca Blauhoff, proporciona-lhe uma solu\u00e7\u00e3o de armazenamento de energia fi\u00e1vel e eficiente para habita\u00e7\u00f5es com consumos mais elevados. Com este potente sistema, pode otimizar a efici\u00eancia energ\u00e9tica da sua casa, reduzir a sua depend\u00eancia da rede e beneficiar do fornecimento de energia de emerg\u00eancia em caso de falhas de energia. Al\u00e9m disso, este sistema \u00e9 fornecido com montagem gratuita, garantindo uma instala\u00e7\u00e3o sem problemas. Comunica com a dynamic power em fun\u00e7\u00e3o das suas necessidades, sem subscri\u00e7\u00e3o e sempre com liberdade de escolha do fornecedor de energia!<\/p>\n<p>O inversor tem um comprimento de 780 mm e um peso de 33,6 kg. Um cabo adicional de 300 mm entre o inversor e a bateria permite-lhe determinar a coloca\u00e7\u00e3o ideal para o seu sistema, garantindo uma transfer\u00eancia de energia eficiente e perdas de energia m\u00ednimas.<\/p>\n<p>O sistema de bateria Blauhoff \u00e9 dur\u00e1vel, sem cobalto, compacto e plano, com dimens\u00f5es de 734 mm x 400 mm por m\u00f3dulo e um peso de 680 kg. A bateria tem uma capacidade de 60 kWh, permitindo-lhe armazenar a energia excedente gerada pelos seus pain\u00e9is solares ou outras fontes de energia. Nos per\u00edodos em que n\u00e3o h\u00e1 produ\u00e7\u00e3o de energia, pode utilizar a energia armazenada para cobrir o seu consumo de energia, reduzindo a sua depend\u00eancia da rede e diminuindo ainda mais os seus custos energ\u00e9ticos. Tudo isto se conjuga automaticamente com um contrato din\u00e2mico de energia. Pode ent\u00e3o tirar partido da energia barata \u00e0 noite no inverno e utiliz\u00e1-la durante todo o dia e, no ver\u00e3o, carregar gratuitamente \u00e0 tarde e utiliz\u00e1-la \u00e0 noite e carregar o carro com ela de manh\u00e3 ou \u00e0 noite.<\/p>\n<p>Especialmente concebido para carregar\/descarregar 1C (100aH), para que possa carregar e descarregar incrivelmente r\u00e1pido. 8000 ciclos, 10 anos de garantia e certifica\u00e7\u00e3o UL9540A, a categoria mais alta poss\u00edvel e mais segura contra inc\u00eandios!<\/p>\n<p>Sempre entregue com o Smartlanhub Blauhoff gratuito, incluindo a aplica\u00e7\u00e3o e o hardware, para que possa negociar de forma din\u00e2mica, autom\u00e1tica e sem taxas de subscri\u00e7\u00e3o e ser respons\u00e1vel pelo seu fornecedor de energia. Pode mudar diariamente para o fornecedor mais vantajoso. Tamb\u00e9m \u00e9 compat\u00edvel com a dom\u00f3tica Homeautomation e Homey Pro.<\/p>\n<p>O sistema trif\u00e1sico Home BLH-12k\/60 kWh \u00e9 recomendado para agregados familiares com um consumo m\u00e9dio anual de aproximadamente 21900 kWh. Com uma pot\u00eancia de 12 kW, pode cobrir uma parte significativa das suas necessidades energ\u00e9ticas utilizando a energia solar gerada e a energia armazenada na bateria. Al\u00e9m disso, este sistema fornece energia de emerg\u00eancia, para que os dispositivos importantes continuem a funcionar durante as falhas de energia e as suas rotinas di\u00e1rias possam continuar sem interrup\u00e7\u00f5es. O sistema tamb\u00e9m \u00e9 expans\u00edvel at\u00e9 600 kWh.<\/p>\n<p>O Powerpack do sistema trif\u00e1sico Blauhoff Home BLH-12k\/60 kWh foi concebido com a flexibilidade em mente. Disp\u00f5e de uma porta para gerador\/moinho de vento, o que lhe permite acrescentar fontes de energia adicionais e aumentar ainda mais a sua independ\u00eancia energ\u00e9tica. Com uma liga\u00e7\u00e3o m\u00ednima de 3x25A e adequado para configura\u00e7\u00f5es trif\u00e1sicas, este sistema \u00e9 compat\u00edvel com a maioria das redes el\u00e9ctricas dom\u00e9sticas.<\/p>\n<p>Com a montagem gratuita, pode contar com uma instala\u00e7\u00e3o profissional, garantindo que o seu sistema funciona de forma \u00f3ptima desde o primeiro momento e que pode desfrutar de uma experi\u00eancia sem preocupa\u00e7\u00f5es.<\/p>\n<p>Fa\u00e7a a mudan\u00e7a para um fornecimento de energia mais eficiente e sustent\u00e1vel com o sistema trif\u00e1sico Blauhoff Home BLH-12k\/60kWh. Com um poderoso armazenamento de energia, energia de reserva e flexibilidade nas fontes de energia, pode contar com um fornecimento de energia fi\u00e1vel, realizar poupan\u00e7as de custos e reduzir a sua pegada de carbono. Escolha o Blauhoff e prepare a sua casa para as necessidades energ\u00e9ticas do futuro.<\/p>\n<p><a href=\"https:\/\/blauhoff.nl\/wp-content\/uploads\/2024\/07\/Blauhoff-Power-Pack-LV-V1.3-1.pdf\" target=\"_blank\" rel=\"noopener\">Blauhoff Unidade de pot\u00eancia LV V1.3<\/a><\/p>","protected":false},"excerpt":{"rendered":"<p>Blauhoff Home 12K\/60 kWh LV 3 Phase System Cobalt free Powerpack IP55 Outdoor\/Indoor\/Cobalt free 100aH 1C O super robusto e facilmente expans\u00edvel Blauhoff Home BLH-12k\/60 kWh 3 Phase System, da [...]<\/p>","protected":false},"featured_media":189089,"template":"","meta":{"_seopress_robots_primary_cat":"none","_seopress_titles_title":"","_seopress_titles_desc":"","_seopress_robots_index":"","_kad_blocks_custom_css":"","_kad_blocks_head_custom_js":"","_kad_blocks_body_custom_js":"","_kad_blocks_footer_custom_js":""},"product_cat":[17,19],"product_tag":[],"class_list":{"0":"post-189086","1":"product","2":"type-product","3":"status-publish","4":"has-post-thumbnail","6":"product_cat-home-batteries","7":"product_cat-sets-with-inverters","9":"first","10":"instock","11":"taxable","12":"shipping-taxable","13":"purchasable","14":"product-type-simple"},"taxonomy_info":{"product_cat":[{"value":17,"label":"Home batteries"},{"value":19,"label":"Sets with inverters"}]},"featured_image_src_large":["https:\/\/ownpowr.com\/wp-content\/uploads\/2024\/11\/bh3_12k_60kwh-480x480-1.png",480,480,false],"author_info":[],"comment_info":"","_links":{"self":[{"href":"https:\/\/ownpowr.com\/pt\/wp-json\/wp\/v2\/product\/189086","targetHints":{"allow":["GET"]}}],"collection":[{"href":"https:\/\/ownpowr.com\/pt\/wp-json\/wp\/v2\/product"}],"about":[{"href":"https:\/\/ownpowr.com\/pt\/wp-json\/wp\/v2\/types\/product"}],"wp:featuredmedia":[{"embeddable":true,"href":"https:\/\/ownpowr.com\/pt\/wp-json\/wp\/v2\/media\/189089"}],"wp:attachment":[{"href":"https:\/\/ownpowr.com\/pt\/wp-json\/wp\/v2\/media?parent=189086"}],"wp:term":[{"taxonomy":"product_cat","embeddable":true,"href":"https:\/\/ownpowr.com\/pt\/wp-json\/wp\/v2\/product_cat?post=189086"},{"taxonomy":"product_tag","embeddable":true,"href":"https:\/\/ownpowr.com\/pt\/wp-json\/wp\/v2\/product_tag?post=189086"}],"curies":[{"name":"wp","href":"https:\/\/api.w.org\/{rel}","templated":true}]}}