{"id":194672,"date":"2024-11-29T12:20:43","date_gmt":"2024-11-29T10:20:43","guid":{"rendered":"https:\/\/ownpowr.com\/?post_type=product&#038;p=194672"},"modified":"2025-01-30T10:20:05","modified_gmt":"2025-01-30T08:20:05","slug":"blauhoff-25k-342-kwh-slim-line-hv","status":"publish","type":"product","link":"https:\/\/ownpowr.com\/pt\/product\/blauhoff-25k-342-kwh-slim-line-hv\/","title":{"rendered":"Blauhoff 25k\/34,2 kWh Linha fina HV"},"content":{"rendered":"<p>Blauhoff Home 25K\/34.2kWh Sistema trif\u00e1sico Slim Line IP65 17 cm de espessura Exterior\/Interior !<\/p>\n<p>O super fino Sistema Trif\u00e1sico Blauhoff Home 25K\/34.2kWh, da conceituada marca Blauhoff, oferece uma solu\u00e7\u00e3o fi\u00e1vel e eficiente para o armazenamento de energia em habita\u00e7\u00f5es com consumos m\u00e9dios. Com este potente sistema pode otimizar a efici\u00eancia energ\u00e9tica da sua casa, reduzir a sua depend\u00eancia da rede el\u00e9ctrica e beneficiar de uma alimenta\u00e7\u00e3o de emerg\u00eancia em caso de falha de energia. Al\u00e9m disso, este sistema \u00e9 fornecido com instala\u00e7\u00e3o gratuita, o que garante uma instala\u00e7\u00e3o sem preocupa\u00e7\u00f5es. Comunica com a dynamic power em fun\u00e7\u00e3o das suas necessidades, sem subscri\u00e7\u00e3o e com escolha sempre livre do fornecedor de energia!<\/p>\n<p>O inversor tem um comprimento de 780 mm e um peso de 33,6 kg. Com um cabo adicional de 300 mm entre o inversor e a bateria, pode determinar o posicionamento ideal para o seu sistema, o que garante uma transfer\u00eancia de energia eficiente e perdas de energia m\u00ednimas.<\/p>\n<p>O sistema de bateria Blauhoff \u00e9 dur\u00e1vel e ultra compacto e plano, medindo 670mm x 900mm x 170mm e pesando 150kg. A bateria tem uma capacidade de 34,2 kWh, permitindo-lhe armazenar o excesso de energia gerada pelos seus pain\u00e9is solares ou outras fontes de energia. Quando n\u00e3o h\u00e1 produ\u00e7\u00e3o de energia, pode utilizar a energia armazenada para cobrir o seu consumo de energia, tornando-o menos dependente da rede e reduzindo ainda mais os seus custos energ\u00e9ticos. Tudo isto acontece automaticamente em combina\u00e7\u00e3o com um contrato de energia din\u00e2mico, se dispon\u00edvel. Pode ent\u00e3o beneficiar de eletricidade barata \u00e0 noite no inverno e utiliz\u00e1-la durante todo o dia e, no ver\u00e3o, pode carregar gratuitamente durante a tarde e a noite e utiliz\u00e1-la para carregar o seu carro de manh\u00e3 ou \u00e0 noite.<\/p>\n<p>O sistema trif\u00e1sico Home 25K\/34.2kWh \u00e9 recomendado para fam\u00edlias com um consumo m\u00e9dio anual de aproximadamente 12483 kWh. Com uma capacidade de 25 kW, pode cobrir uma parte significativa das suas necessidades energ\u00e9ticas utilizando a energia solar gerada e armazenada na bateria. Al\u00e9m disso, este sistema fornece energia de emerg\u00eancia, para que os aparelhos importantes continuem a funcionar durante as falhas de energia e as suas rotinas di\u00e1rias possam continuar sem interrup\u00e7\u00f5es.<\/p>\n<p>O Blauhoff Home 25K\/34.2kWh 3 Phase System Slim Line foi concebido com a flexibilidade em mente. Possui uma porta para gerador\/turbina e\u00f3lica, dando-lhe a op\u00e7\u00e3o de adicionar fontes de energia adicionais e aumentar ainda mais a sua independ\u00eancia energ\u00e9tica. Com uma liga\u00e7\u00e3o m\u00ednima de 3x50A e adequado para configura\u00e7\u00f5es trif\u00e1sicas, este sistema \u00e9 compat\u00edvel com a maioria das redes el\u00e9ctricas dom\u00e9sticas.<\/p>\n<p>Gra\u00e7as \u00e0 instala\u00e7\u00e3o gratuita, pode contar com uma instala\u00e7\u00e3o profissional, garantindo que o seu sistema funciona de forma \u00f3ptima desde o primeiro momento e que pode desfrutar de uma experi\u00eancia despreocupada.<\/p>\n<p>Fa\u00e7a a mudan\u00e7a para um fornecimento de energia mais eficiente e sustent\u00e1vel com o sistema trif\u00e1sico Blauhoff Home 25K\/34,2kWh. Com um poderoso armazenamento de energia, fornecimento de energia de emerg\u00eancia e flexibilidade nas fontes de energia, pode contar com um fornecimento de energia fi\u00e1vel, realizar poupan\u00e7as de custos e reduzir a sua pegada ecol\u00f3gica. Escolha o Blauhoff e prepare a sua casa para as necessidades energ\u00e9ticas do futuro.<\/p>\n<p><a href=\"https:\/\/blauhoff.nl\/wp-content\/uploads\/2024\/02\/Datasheet-Blauhoff-RESS-HV-Slim-Line.pdf\" target=\"_blank\" rel=\"noopener\">Ficha t\u00e9cnica Blauhoff RESS HV Slim Line<\/a><\/p>","protected":false},"excerpt":{"rendered":"<p>Blauhoff Home 25K\/34.2kWh Sistema Trif\u00e1sico Slim Line IP65 17 cm de espessura Exterior\/Interior ! O sistema trif\u00e1sico super fino Blauhoff Home 25K\/34.2kWh, da conceituada marca Blauhoff, oferece uma [...]<\/p>","protected":false},"featured_media":194675,"template":"","meta":{"_seopress_robots_primary_cat":"none","_seopress_titles_title":"","_seopress_titles_desc":"","_seopress_robots_index":"","_kad_blocks_custom_css":"","_kad_blocks_head_custom_js":"","_kad_blocks_body_custom_js":"","_kad_blocks_footer_custom_js":""},"product_cat":[17,19],"product_tag":[],"class_list":{"0":"post-194672","1":"product","2":"type-product","3":"status-publish","4":"has-post-thumbnail","6":"product_cat-home-batteries","7":"product_cat-sets-with-inverters","9":"first","10":"instock","11":"taxable","12":"shipping-taxable","13":"purchasable","14":"product-type-simple"},"taxonomy_info":{"product_cat":[{"value":17,"label":"Home batteries"},{"value":19,"label":"Sets with inverters"}]},"featured_image_src_large":["https:\/\/ownpowr.com\/wp-content\/uploads\/2024\/11\/3-phase-25k-battery-342kwh-480x480-1.png",480,480,false],"author_info":[],"comment_info":"","_links":{"self":[{"href":"https:\/\/ownpowr.com\/pt\/wp-json\/wp\/v2\/product\/194672","targetHints":{"allow":["GET"]}}],"collection":[{"href":"https:\/\/ownpowr.com\/pt\/wp-json\/wp\/v2\/product"}],"about":[{"href":"https:\/\/ownpowr.com\/pt\/wp-json\/wp\/v2\/types\/product"}],"wp:featuredmedia":[{"embeddable":true,"href":"https:\/\/ownpowr.com\/pt\/wp-json\/wp\/v2\/media\/194675"}],"wp:attachment":[{"href":"https:\/\/ownpowr.com\/pt\/wp-json\/wp\/v2\/media?parent=194672"}],"wp:term":[{"taxonomy":"product_cat","embeddable":true,"href":"https:\/\/ownpowr.com\/pt\/wp-json\/wp\/v2\/product_cat?post=194672"},{"taxonomy":"product_tag","embeddable":true,"href":"https:\/\/ownpowr.com\/pt\/wp-json\/wp\/v2\/product_tag?post=194672"}],"curies":[{"name":"wp","href":"https:\/\/api.w.org\/{rel}","templated":true}]}}