{"id":197485,"date":"2024-12-13T11:46:01","date_gmt":"2024-12-13T09:46:01","guid":{"rendered":"https:\/\/ownpowr.com\/?post_type=product&#038;p=197485"},"modified":"2025-01-30T09:45:04","modified_gmt":"2025-01-30T07:45:04","slug":"blh-electric-generator-on-trailer-with-various-connections-50k-100kwh-and-solar-panels","status":"publish","type":"product","link":"https:\/\/ownpowr.com\/pt\/product\/gerador-eletrico-blh-no-reboque-com-varias-ligacoes-50k-100kwh-e-paineis-solares\/","title":{"rendered":"BLH Gerador el\u00e9trico no reboque com v\u00e1rias liga\u00e7\u00f5es 50K\/100kWh e pain\u00e9is solares"},"content":{"rendered":"<p>Gerador el\u00e9trico ou gerador h\u00edbrido sobre eixo duplo com pain\u00e9is solares extens\u00edveis.<br \/>\nBateria m\u00f3vel com garantia de 10 anos e 6000 ciclos das baterias LFP!<\/p>\n<p>Capacidade de entrada 400V\/32A\/63A<br \/>\nTempo de carregamento 2-5 horas<br \/>\nSa\u00edda 230V\/16A<br \/>\nSa\u00edda 400V\/32A<br \/>\nSa\u00edda 400V\/63A<\/p>\n<p>Ess m\u00f3vel para qualquer utiliza\u00e7\u00e3o flex\u00edvel, funciona com tarifas din\u00e2micas e pode ligar diretamente pain\u00e9is solares.<br \/>\nAdequado para constru\u00e7\u00e3o, eventos, energia de emerg\u00eancia, etc.<\/p>\n<div dir=\"ltr\"><a href=\"https:\/\/blauhoff.nl\/wp-content\/uploads\/2024\/02\/Blauhoff-Elektrische-Generator-Datasheet.pdf\">Ficha de dados<\/a><\/div>","protected":false},"excerpt":{"rendered":"<p>Gerador el\u00e9trico ou gerador h\u00edbrido sobre eixo duplo com pain\u00e9is solares extens\u00edveis. Bateria m\u00f3vel com baterias LFP 10 anos de garantia e 6000 ciclos! Capacidade de entrada 400V\/32A\/63A Tempo de carga 2-5 horas [...]<\/p>","protected":false},"featured_media":197490,"template":"","meta":{"_seopress_robots_primary_cat":"none","_seopress_titles_title":"","_seopress_titles_desc":"","_seopress_robots_index":"","_kad_blocks_custom_css":"","_kad_blocks_head_custom_js":"","_kad_blocks_body_custom_js":"","_kad_blocks_footer_custom_js":""},"product_cat":[17],"product_tag":[],"class_list":{"0":"post-197485","1":"product","2":"type-product","3":"status-publish","4":"has-post-thumbnail","6":"product_cat-home-batteries","8":"first","9":"instock","10":"taxable","11":"shipping-taxable","12":"purchasable","13":"product-type-simple"},"taxonomy_info":{"product_cat":[{"value":17,"label":"Home batteries"}]},"featured_image_src_large":["https:\/\/ownpowr.com\/wp-content\/uploads\/2024\/12\/electrische-generator-300x300-1.jpg",300,300,false],"author_info":[],"comment_info":"","_links":{"self":[{"href":"https:\/\/ownpowr.com\/pt\/wp-json\/wp\/v2\/product\/197485","targetHints":{"allow":["GET"]}}],"collection":[{"href":"https:\/\/ownpowr.com\/pt\/wp-json\/wp\/v2\/product"}],"about":[{"href":"https:\/\/ownpowr.com\/pt\/wp-json\/wp\/v2\/types\/product"}],"wp:featuredmedia":[{"embeddable":true,"href":"https:\/\/ownpowr.com\/pt\/wp-json\/wp\/v2\/media\/197490"}],"wp:attachment":[{"href":"https:\/\/ownpowr.com\/pt\/wp-json\/wp\/v2\/media?parent=197485"}],"wp:term":[{"taxonomy":"product_cat","embeddable":true,"href":"https:\/\/ownpowr.com\/pt\/wp-json\/wp\/v2\/product_cat?post=197485"},{"taxonomy":"product_tag","embeddable":true,"href":"https:\/\/ownpowr.com\/pt\/wp-json\/wp\/v2\/product_tag?post=197485"}],"curies":[{"name":"wp","href":"https:\/\/api.w.org\/{rel}","templated":true}]}}