{"id":197496,"date":"2025-01-30T10:14:38","date_gmt":"2025-01-30T08:14:38","guid":{"rendered":"https:\/\/ownpowr.com\/?post_type=product&#038;p=197496"},"modified":"2025-02-07T11:13:07","modified_gmt":"2025-02-07T09:13:07","slug":"blauhoff-15k-40kwh-hv-3-phase-system-powerpack-ip55-100ah-1c-charge-discharge","status":"publish","type":"product","link":"https:\/\/ownpowr.com\/pt\/product\/blauhoff-15k-40kwh-hv-3-phase-system-powerpack-ip55-100ah-1c-carga-descarga\/","title":{"rendered":"Blauhoff 15K\/40kWh HV 3 Phase System Powerpack IP55 100aH 1C Carga\/Descarga"},"content":{"rendered":"<p>Blauhoff Home 15K\/40 kWh Sistema trif\u00e1sico de alta tens\u00e3o Sem cobalto Powerpack IP65 Exterior\/Interior\/Sem cobalto 100aH 1C<\/p>\n<p>O super robusto e facilmente expans\u00edvel Sistema Trif\u00e1sico Blauhoff Home BLH-15k\/40 kWh, da conceituada marca Blauhoff, oferece uma solu\u00e7\u00e3o fi\u00e1vel e eficiente para o armazenamento de energia em habita\u00e7\u00f5es com um consumo mais elevado. Com este potente sistema pode otimizar a efici\u00eancia energ\u00e9tica da sua casa, reduzir a sua depend\u00eancia da rede el\u00e9ctrica e beneficiar de uma alimenta\u00e7\u00e3o de emerg\u00eancia em caso de falha de energia. Al\u00e9m disso, este sistema \u00e9 fornecido com instala\u00e7\u00e3o gratuita, o que garante uma instala\u00e7\u00e3o sem preocupa\u00e7\u00f5es. Comunique com a corrente din\u00e2mica em fun\u00e7\u00e3o das suas necessidades sem assinatura e escolha sempre livre o seu fornecedor de energia!<\/p>\n<p>O inversor tem um comprimento de 780 mm e um peso de 33,6 kg. Com um cabo adicional de 300 mm entre o inversor e a bateria, pode determinar a coloca\u00e7\u00e3o ideal para o seu sistema, garantindo uma transfer\u00eancia de energia eficiente e perdas de energia m\u00ednimas.<\/p>\n<p>O sistema de baterias Blauhoff \u00e9 sustent\u00e1vel, sem cobalto, compacto e plano, com dimens\u00f5es de 734 mm x 400 mm por m\u00f3dulo e um peso de 453 kg. A bateria tem uma capacidade de 40 kWh, permitindo-lhe armazenar a energia excedente gerada pelos seus pain\u00e9is solares ou outras fontes de energia. Nos momentos em que n\u00e3o h\u00e1 produ\u00e7\u00e3o de energia, pode utilizar a energia armazenada para cobrir o seu consumo de energia, tornando-o menos dependente da rede el\u00e9ctrica e reduzindo ainda mais os seus custos energ\u00e9ticos. Tudo isto acontece automaticamente em combina\u00e7\u00e3o com um contrato de energia din\u00e2mico, se dispon\u00edvel. Pode ent\u00e3o beneficiar de eletricidade barata \u00e0 noite no inverno e utiliz\u00e1-la durante todo o dia e, no ver\u00e3o, carregar gratuitamente durante a tarde e a noite e utiliz\u00e1-la para carregar o carro de manh\u00e3 ou \u00e0 noite.<\/p>\n<p>Especialmente concebido para carregar\/descarregar 1C (100aH), para que possa carregar e descarregar muito rapidamente. 8000 ciclos, 10 anos de garantia e certifica\u00e7\u00e3o UL9540A, a categoria mais elevada poss\u00edvel e segura contra inc\u00eandios!<\/p>\n<p>Sempre fornecido com o Smartlanhub Blauhoff gratuito, incluindo a aplica\u00e7\u00e3o e o hardware, para que possa agir automaticamente e sem custos de assinatura de forma din\u00e2mica e controlar voc\u00ea mesmo o seu fornecedor de energia. Pode mudar diariamente para o fornecedor mais vantajoso. Tamb\u00e9m \u00e9 compat\u00edvel com a dom\u00f3tica Homeautomation e Homey Pro.<\/p>\n<p>O sistema trif\u00e1sico Home BLH-15k\/40 kWh \u00e9 recomendado para fam\u00edlias com um consumo m\u00e9dio anual de aproximadamente 14600 kWh. Com uma capacidade de 15 kW, pode cobrir uma parte significativa das suas necessidades energ\u00e9ticas utilizando a energia solar gerada e a energia armazenada na bateria. Al\u00e9m disso, este sistema oferece uma fonte de alimenta\u00e7\u00e3o de emerg\u00eancia, para que os aparelhos importantes continuem a funcionar durante as falhas de energia e as suas rotinas di\u00e1rias possam continuar sem perturba\u00e7\u00f5es. O sistema tamb\u00e9m pode ser expandido para um m\u00e1ximo de 600 kWh<\/p>\n<p>O Powerpack do sistema trif\u00e1sico Blauhoff Home BLH-15k\/40 kWh foi concebido com a flexibilidade em mente. Possui uma porta de gerador\/moinho de vento, dando-lhe a op\u00e7\u00e3o de adicionar fontes de energia adicionais e aumentar ainda mais a sua independ\u00eancia energ\u00e9tica. Com uma liga\u00e7\u00e3o m\u00ednima de 3x25A e adequado para configura\u00e7\u00f5es trif\u00e1sicas, este sistema \u00e9 compat\u00edvel com a maioria das redes el\u00e9ctricas dom\u00e9sticas.<\/p>\n<p>Gra\u00e7as \u00e0 instala\u00e7\u00e3o gratuita, pode confiar numa instala\u00e7\u00e3o profissional, garantindo que o seu sistema funciona de forma \u00f3ptima desde o primeiro momento e que pode desfrutar de uma experi\u00eancia despreocupada.<\/p>\n<p>Fa\u00e7a a mudan\u00e7a para um fornecimento de energia mais eficiente e sustent\u00e1vel com o sistema trif\u00e1sico Blauhoff Home BLH-15k\/40kWh. Com um potente armazenamento de energia, fornecimento de energia de emerg\u00eancia e flexibilidade nas fontes de energia, pode contar com um fornecimento de energia fi\u00e1vel, realizar poupan\u00e7as de custos e reduzir a sua pegada de carbono. Escolha o Blauhoff e prepare a sua casa para as necessidades energ\u00e9ticas do futuro.<\/p>\n<p>Tamb\u00e9m dispon\u00edvel com aquecimento para montagem em salas frias ou no exterior como op\u00e7\u00e3o adicional!<\/p>\n<p><a href=\"https:\/\/blauhoff.nl\/wp-content\/uploads\/2024\/10\/Blauhoff-Power-Pack-HV-V1.4-1.pdf\" target=\"_blank\" rel=\"noopener\">Blauhoff Power Pack HV V1.4 (1)<\/a><\/p>\n<div style=\"width: 640px;\" class=\"wp-video\"><video class=\"wp-video-shortcode\" id=\"video-197496-1\" width=\"640\" height=\"360\" preload=\"metadata\" controls=\"controls\"><source type=\"video\/mp4\" src=\"https:\/\/blauhoff.nl\/wp-content\/uploads\/2024\/12\/Blauhoff-PowerPack-Series.mp4?_=1\" \/><a href=\"https:\/\/blauhoff.nl\/wp-content\/uploads\/2024\/12\/Blauhoff-PowerPack-Series.mp4\">https:\/\/blauhoff.nl\/wp-content\/uploads\/2024\/12\/Blauhoff-PowerPack-Series.mp4<\/a><\/video><\/div>","protected":false},"excerpt":{"rendered":"<p>Blauhoff Home 15K\/40 kWh Sistema trif\u00e1sico HV Cobalt free Powerpack IP65 Exterior\/Interior\/Cobalt free 100aH 1C O sistema trif\u00e1sico super robusto e facilmente expans\u00edvel Blauhoff Home BLH-15k\/40 kWh, da [...]<\/p>","protected":false},"featured_media":197500,"template":"","meta":{"_seopress_robots_primary_cat":"none","_seopress_titles_title":"","_seopress_titles_desc":"","_seopress_robots_index":"","_kad_blocks_custom_css":"","_kad_blocks_head_custom_js":"","_kad_blocks_body_custom_js":"","_kad_blocks_footer_custom_js":""},"product_cat":[17,19],"product_tag":[],"class_list":{"0":"post-197496","1":"product","2":"type-product","3":"status-publish","4":"has-post-thumbnail","6":"product_cat-home-batteries","7":"product_cat-sets-with-inverters","9":"first","10":"instock","11":"taxable","12":"shipping-taxable","13":"purchasable","14":"product-type-simple"},"taxonomy_info":{"product_cat":[{"value":17,"label":"Home batteries"},{"value":19,"label":"Sets with inverters"}]},"featured_image_src_large":["https:\/\/ownpowr.com\/wp-content\/uploads\/2024\/12\/bh3_15k_50kwh-480x480-1.png",480,480,false],"author_info":[],"comment_info":"","_links":{"self":[{"href":"https:\/\/ownpowr.com\/pt\/wp-json\/wp\/v2\/product\/197496","targetHints":{"allow":["GET"]}}],"collection":[{"href":"https:\/\/ownpowr.com\/pt\/wp-json\/wp\/v2\/product"}],"about":[{"href":"https:\/\/ownpowr.com\/pt\/wp-json\/wp\/v2\/types\/product"}],"wp:featuredmedia":[{"embeddable":true,"href":"https:\/\/ownpowr.com\/pt\/wp-json\/wp\/v2\/media\/197500"}],"wp:attachment":[{"href":"https:\/\/ownpowr.com\/pt\/wp-json\/wp\/v2\/media?parent=197496"}],"wp:term":[{"taxonomy":"product_cat","embeddable":true,"href":"https:\/\/ownpowr.com\/pt\/wp-json\/wp\/v2\/product_cat?post=197496"},{"taxonomy":"product_tag","embeddable":true,"href":"https:\/\/ownpowr.com\/pt\/wp-json\/wp\/v2\/product_tag?post=197496"}],"curies":[{"name":"wp","href":"https:\/\/api.w.org\/{rel}","templated":true}]}}