{"id":205857,"date":"2025-01-30T13:37:19","date_gmt":"2025-01-30T11:37:19","guid":{"rendered":"https:\/\/ownpowr.com\/?post_type=product&#038;p=205857"},"modified":"2025-01-31T10:08:34","modified_gmt":"2025-01-31T08:08:34","slug":"blauhoff-25k-50kwh-hv-3-phase-system-powerpack-ip55-100ah-1c-charge-discharge","status":"publish","type":"product","link":"https:\/\/ownpowr.com\/pt\/product\/blauhoff-25k-50kwh-hv-3-phase-system-powerpack-ip55-100ah-1c-carga-descarga\/","title":{"rendered":"Blauhoff 25K\/50kWh HV 3 Phase System Powerpack IP55 100aH 1C Carga\/Descarga"},"content":{"rendered":"<p>Blauhoff Home 25K\/50 kWh HV Sistema trif\u00e1sico Powerpack sem cobalto IP55 Exterior\/Interior\/Sem cobalto 100aH 1C<\/p>\n<p>O Sistema Trif\u00e1sico Blauhoff Home BLH-25k\/50 kWh, super robusto e facilmente expans\u00edvel, da conceituada marca Blauhoff, oferece-lhe uma solu\u00e7\u00e3o de armazenamento de energia fi\u00e1vel e eficiente para habita\u00e7\u00f5es de maior consumo. Com este potente sistema, pode otimizar a efici\u00eancia energ\u00e9tica da sua casa, reduzir a sua depend\u00eancia da rede e beneficiar de um fornecimento de energia de emerg\u00eancia em caso de cortes de energia. Al\u00e9m disso, este sistema \u00e9 fornecido com montagem gratuita, garantindo uma instala\u00e7\u00e3o sem problemas. Comunique em fun\u00e7\u00e3o das suas necessidades com a dynamic power sem subscri\u00e7\u00e3o e escolha sempre livremente o seu fornecedor de energia!<\/p>\n<p>O inversor tem um comprimento de 780 mm e um peso de 33,6 kg. Com um cabo adicional de 300 mm entre o inversor e a bateria, pode determinar a coloca\u00e7\u00e3o ideal para o seu sistema, garantindo uma transfer\u00eancia de energia eficiente e uma perda de energia m\u00ednima.<\/p>\n<p>O sistema trif\u00e1sico Home BLH-25k\/50 kWh \u00e9 recomendado para as fam\u00edlias com um consumo m\u00e9dio anual de cerca de 18250 kWh. Com uma pot\u00eancia de 25 kW, pode cobrir uma parte significativa das suas necessidades energ\u00e9ticas, utilizando a energia solar gerada e a energia armazenada na bateria. Al\u00e9m disso, este sistema fornece energia de emerg\u00eancia, para que os dispositivos importantes continuem a funcionar durante os cortes de energia e as suas rotinas di\u00e1rias possam continuar sem interrup\u00e7\u00f5es. O sistema tamb\u00e9m \u00e9 expans\u00edvel at\u00e9 600 kWh.<\/p>\n<p>O Powerpack do sistema trif\u00e1sico Blauhoff Home BLH-25k\/50 kWh foi concebido com a flexibilidade em mente. Possui uma porta para gerador\/moinho de vento, permitindo-lhe acrescentar fontes de energia adicionais e aumentar ainda mais a sua independ\u00eancia energ\u00e9tica. Com uma liga\u00e7\u00e3o m\u00ednima de 3x25A e adequado para configura\u00e7\u00f5es trif\u00e1sicas, este sistema \u00e9 compat\u00edvel com a maioria das redes el\u00e9ctricas dom\u00e9sticas.<\/p>\n<p>Com a montagem gratuita, pode contar com uma instala\u00e7\u00e3o profissional, garantindo que o seu sistema funcionar\u00e1 de forma \u00f3ptima desde o primeiro momento e que poder\u00e1 desfrutar de uma experi\u00eancia sem preocupa\u00e7\u00f5es.<\/p>\n<p>Mude para um fornecimento de energia mais eficiente e sustent\u00e1vel com o sistema trif\u00e1sico Blauhoff Home BLH-25k\/50 kWh. Com um potente armazenamento de energia, energia de reserva e flexibilidade nas fontes de energia, pode contar com um fornecimento de energia fi\u00e1vel, realizar poupan\u00e7as de custos e reduzir a sua pegada de carbono. Escolha o Blauhoff e prepare a sua casa para as necessidades energ\u00e9ticas do futuro.<\/p>\n<p>Tamb\u00e9m dispon\u00edvel com aquecimento para montagem em c\u00e2maras frias ou no exterior como op\u00e7\u00e3o adicional!<\/p>\n<p><a href=\"https:\/\/blauhoff.nl\/wp-content\/uploads\/2024\/10\/Blauhoff-Power-Pack-HV-V1.4-1.pdf\" target=\"_blank\" rel=\"noopener\">Blauhoff Power Pack HV V1.4 (1)<\/a><\/p>\n<div style=\"width: 640px;\" class=\"wp-video\"><video class=\"wp-video-shortcode\" id=\"video-205857-1\" width=\"640\" height=\"360\" preload=\"metadata\" controls=\"controls\"><source type=\"video\/mp4\" src=\"https:\/\/blauhoff.nl\/wp-content\/uploads\/2024\/12\/Blauhoff-PowerPack-Series.mp4?_=1\" \/><a href=\"https:\/\/blauhoff.nl\/wp-content\/uploads\/2024\/12\/Blauhoff-PowerPack-Series.mp4\">https:\/\/blauhoff.nl\/wp-content\/uploads\/2024\/12\/Blauhoff-PowerPack-Series.mp4<\/a><\/video><\/div>","protected":false},"excerpt":{"rendered":"<p>Blauhoff Home 25K\/50 kWh HV 3 Phase System Cobalt-free Powerpack IP55 Outdoor\/Indoor\/Cobalt-free 100aH 1C O sistema trif\u00e1sico super robusto e facilmente expans\u00edvel Blauhoff Home BLH-25k\/50 kWh, da reconhecida [...]<\/p>","protected":false},"featured_media":205860,"template":"","meta":{"_seopress_robots_primary_cat":"none","_seopress_titles_title":"","_seopress_titles_desc":"","_seopress_robots_index":"","_kad_blocks_custom_css":"","_kad_blocks_head_custom_js":"","_kad_blocks_body_custom_js":"","_kad_blocks_footer_custom_js":""},"product_cat":[17,19],"product_tag":[],"class_list":{"0":"post-205857","1":"product","2":"type-product","3":"status-publish","4":"has-post-thumbnail","6":"product_cat-home-batteries","7":"product_cat-sets-with-inverters","9":"first","10":"instock","11":"taxable","12":"shipping-taxable","13":"purchasable","14":"product-type-simple"},"taxonomy_info":{"product_cat":[{"value":17,"label":"Home batteries"},{"value":19,"label":"Sets with inverters"}]},"featured_image_src_large":["https:\/\/ownpowr.com\/wp-content\/uploads\/2025\/01\/bh3_12k_50kwh-480x480-2.png",480,480,false],"author_info":[],"comment_info":"","_links":{"self":[{"href":"https:\/\/ownpowr.com\/pt\/wp-json\/wp\/v2\/product\/205857","targetHints":{"allow":["GET"]}}],"collection":[{"href":"https:\/\/ownpowr.com\/pt\/wp-json\/wp\/v2\/product"}],"about":[{"href":"https:\/\/ownpowr.com\/pt\/wp-json\/wp\/v2\/types\/product"}],"wp:featuredmedia":[{"embeddable":true,"href":"https:\/\/ownpowr.com\/pt\/wp-json\/wp\/v2\/media\/205860"}],"wp:attachment":[{"href":"https:\/\/ownpowr.com\/pt\/wp-json\/wp\/v2\/media?parent=205857"}],"wp:term":[{"taxonomy":"product_cat","embeddable":true,"href":"https:\/\/ownpowr.com\/pt\/wp-json\/wp\/v2\/product_cat?post=205857"},{"taxonomy":"product_tag","embeddable":true,"href":"https:\/\/ownpowr.com\/pt\/wp-json\/wp\/v2\/product_tag?post=205857"}],"curies":[{"name":"wp","href":"https:\/\/api.w.org\/{rel}","templated":true}]}}