{"id":206803,"date":"2025-02-07T15:58:34","date_gmt":"2025-02-07T13:58:34","guid":{"rendered":"https:\/\/ownpowr.com\/?post_type=product&#038;p=206803"},"modified":"2025-02-14T16:28:57","modified_gmt":"2025-02-14T14:28:57","slug":"blauhoff-home-8k-20kwh-3-phase-system","status":"publish","type":"product","link":"https:\/\/ownpowr.com\/pt\/product\/sistema-trifasico-blauhoff-home-8k-20kwh\/","title":{"rendered":"Blauhoff Sistema dom\u00e9stico 8K\/20kWh 1 ou 3 fases"},"content":{"rendered":"<p>Blauhoff Sistema de fase dom\u00e9stica 8K\/20kWh<\/p>\n<p>O sistema Blauhoff Home 8K\/20kWh Phase System, da marca de confian\u00e7a Blauhoff, oferece-lhe uma solu\u00e7\u00e3o avan\u00e7ada para o armazenamento de energia em casa. Este sistema foi especificamente concebido para satisfazer as necessidades energ\u00e9ticas das fam\u00edlias com consumos significativos. Com este potente sistema, pode otimizar a efic\u00e1cia do seu consumo de energia, reduzir a sua depend\u00eancia da rede e at\u00e9 beneficiar de uma alimenta\u00e7\u00e3o de emerg\u00eancia em caso de falha de energia. Al\u00e9m disso, este sistema \u00e9 fornecido com instala\u00e7\u00e3o gratuita, tornando a instala\u00e7\u00e3o simples e sem complica\u00e7\u00f5es.<\/p>\n<p>O inversor tem um comprimento de 580 mm e pesa 33,6 kg. Com um cabo adicional de 300 mm entre o inversor e a bateria, pode determinar a coloca\u00e7\u00e3o ideal para o seu sistema, garantindo uma transfer\u00eancia de energia eficiente e perdas de energia m\u00ednimas.<\/p>\n<p>O sistema de bateria Blauhoff \u00e9 robusto e duradouro, medindo 580 mm x 387 mm x 1300 mm e pesando 180 kg. A bateria tem uma impressionante capacidade de 20 kWh, permitindo-lhe armazenar o excesso de energia gerada pelos seus pain\u00e9is solares. Quando n\u00e3o h\u00e1 luz solar dispon\u00edvel, pode utilizar esta energia armazenada para cobrir o seu consumo de energia, reduzindo a sua depend\u00eancia da rede e reduzindo ainda mais os seus custos de energia.<\/p>\n<p>O sistema Blauhoff Home 8K\/20kWh Phase System \u00e9 recomendado para fam\u00edlias com um consumo m\u00e9dio anual de cerca de 7000 kWh. Com uma capacidade de 8 kW, pode cobrir uma parte significativa das suas necessidades energ\u00e9ticas utilizando a energia solar gerada e a energia armazenada na bateria. Al\u00e9m disso, este sistema oferece energia de emerg\u00eancia, permitindo-lhe continuar a utilizar aparelhos importantes durante as falhas de energia, garantindo o seu conforto e tranquilidade.<\/p>\n<p>O sistema de fase Blauhoff Home 8K\/20kWh foi concebido com a flexibilidade em mente. Possui uma porta para gerador\/moinho de vento, dando-lhe a op\u00e7\u00e3o de adicionar fontes de energia adicionais e aumentar ainda mais a sua independ\u00eancia energ\u00e9tica. Com uma liga\u00e7\u00e3o m\u00ednima de 1x40A e adequado para configura\u00e7\u00f5es monof\u00e1sicas, este sistema \u00e9 compat\u00edvel com a maioria das redes el\u00e9ctricas dom\u00e9sticas.<\/p>\n<p>Gra\u00e7as \u00e0 instala\u00e7\u00e3o gratuita, pode contar com uma instala\u00e7\u00e3o profissional, poupando-lhe tempo e esfor\u00e7o e garantindo que o seu sistema funciona de forma \u00f3ptima desde o primeiro momento.<\/p>\n<p>Fa\u00e7a a mudan\u00e7a para um fornecimento de energia mais eficiente e sustent\u00e1vel com o sistema Blauhoff Home 8K\/20kWh Phase. Com um poderoso armazenamento de energia, fornecimento de energia de emerg\u00eancia e flexibilidade nas fontes de energia, pode desfrutar de uma gest\u00e3o de energia fi\u00e1vel e econ\u00f3mica em sua casa. Escolha o Blauhoff e prepare a sua casa para as necessidades energ\u00e9ticas do futuro.<\/p>\n<p><strong>O sistema Blauhoff Home 8K\/20 kWh 1 Phase tamb\u00e9m est\u00e1 dispon\u00edvel mediante pedido!<\/strong><\/p>","protected":false},"excerpt":{"rendered":"<p>Blauhoff Home 8K\/20kWh Phase System O Blauhoff Home 8K\/20kWh Phase System, da marca de confian\u00e7a Blauhoff, oferece uma solu\u00e7\u00e3o avan\u00e7ada para o armazenamento de energia dom\u00e9stica. Este sistema foi especificamente concebido para satisfazer [...]<\/p>","protected":false},"featured_media":206806,"template":"","meta":{"_seopress_robots_primary_cat":"none","_seopress_titles_title":"","_seopress_titles_desc":"","_seopress_robots_index":"","_kad_blocks_custom_css":"","_kad_blocks_head_custom_js":"","_kad_blocks_body_custom_js":"","_kad_blocks_footer_custom_js":""},"product_cat":[17,19],"product_tag":[],"class_list":{"0":"post-206803","1":"product","2":"type-product","3":"status-publish","4":"has-post-thumbnail","6":"product_cat-home-batteries","7":"product_cat-sets-with-inverters","9":"first","10":"instock","11":"taxable","12":"shipping-taxable","13":"purchasable","14":"product-type-simple"},"taxonomy_info":{"product_cat":[{"value":17,"label":"Home batteries"},{"value":19,"label":"Sets with inverters"}]},"featured_image_src_large":["https:\/\/ownpowr.com\/wp-content\/uploads\/2025\/02\/blh_8k_20kwh.jpg",480,480,false],"author_info":[],"comment_info":"","_links":{"self":[{"href":"https:\/\/ownpowr.com\/pt\/wp-json\/wp\/v2\/product\/206803","targetHints":{"allow":["GET"]}}],"collection":[{"href":"https:\/\/ownpowr.com\/pt\/wp-json\/wp\/v2\/product"}],"about":[{"href":"https:\/\/ownpowr.com\/pt\/wp-json\/wp\/v2\/types\/product"}],"wp:featuredmedia":[{"embeddable":true,"href":"https:\/\/ownpowr.com\/pt\/wp-json\/wp\/v2\/media\/206806"}],"wp:attachment":[{"href":"https:\/\/ownpowr.com\/pt\/wp-json\/wp\/v2\/media?parent=206803"}],"wp:term":[{"taxonomy":"product_cat","embeddable":true,"href":"https:\/\/ownpowr.com\/pt\/wp-json\/wp\/v2\/product_cat?post=206803"},{"taxonomy":"product_tag","embeddable":true,"href":"https:\/\/ownpowr.com\/pt\/wp-json\/wp\/v2\/product_tag?post=206803"}],"curies":[{"name":"wp","href":"https:\/\/api.w.org\/{rel}","templated":true}]}}