{"id":207770,"date":"2025-02-14T12:09:30","date_gmt":"2025-02-14T10:09:30","guid":{"rendered":"https:\/\/ownpowr.com\/?post_type=product&#038;p=207770"},"modified":"2025-02-14T12:10:25","modified_gmt":"2025-02-14T10:10:25","slug":"blauhoff-home-3-6k-10kwh-1-phase-system","status":"publish","type":"product","link":"https:\/\/ownpowr.com\/pt\/product\/sistema-monofasico-blauhoff-home-3-6k-10kwh\/","title":{"rendered":"Blauhoff Sistema monof\u00e1sico dom\u00e9stico 3,6K\/10kWh"},"content":{"rendered":"<p>Blauhoff Sistema monof\u00e1sico dom\u00e9stico 3,6K\/10kWh<\/p>\n<p>O sistema Blauhoff Home 3.6K\/10kWh 1 Phase \u00e9 um sistema revolucion\u00e1rio de armazenamento de energia concebido para satisfazer as necessidades das fam\u00edlias modernas. Com tecnologias avan\u00e7adas e uma capacidade impressionante, este sistema oferece uma solu\u00e7\u00e3o fi\u00e1vel e eficiente para gerir o seu consumo de energia.<\/p>\n<p>Este sistema \u00e9 especificamente recomendado para um consumo m\u00e9dio anual de 3650 kWh, o que o torna perfeito para a maioria dos agregados familiares. Quer pretenda alimentar os seus aparelhos el\u00e9ctricos, alimentar a sua casa com energia solar ou otimizar o seu consumo de energia, o sistema Blauhoff Home foi concebido para responder \u00e0s suas necessidades.<\/p>\n<p>Com uma generosa capacidade de 10 kWh, este sistema proporciona-lhe um amplo armazenamento para a energia excedente gerada por pain\u00e9is solares ou outras fontes renov\u00e1veis. Isto significa que pode armazenar e utilizar a energia sempre que precisar dela, mesmo durante as horas de ponta ou quando n\u00e3o est\u00e1 dispon\u00edvel uma fonte de alimenta\u00e7\u00e3o externa. Al\u00e9m disso, o sistema tem uma fun\u00e7\u00e3o de energia de emerg\u00eancia, para que tenha sempre energia, mesmo durante cortes de eletricidade.<\/p>\n<p>Uma das carater\u00edsticas not\u00e1veis do sistema Blauhoff Home \u00e9 a sua compatibilidade com geradores e portas de turbinas e\u00f3licas. Isto permite-lhe integrar diferentes fontes de energia renov\u00e1vel e reduzir ainda mais a sua pegada de carbono. Pode beneficiar da produ\u00e7\u00e3o de energia verde e tornar o seu consumo de eletricidade mais sustent\u00e1vel.<\/p>\n<p>Com uma pot\u00eancia de 3,6 kW, o sistema dom\u00e9stico Blauhoff fornece energia suficiente para as suas necessidades di\u00e1rias. Quer pretenda ligar as luzes, o frigor\u00edfico, o ar condicionado ou outros aparelhos el\u00e9ctricos, este sistema oferece um desempenho fi\u00e1vel e garante que nunca fica sem energia.<\/p>\n<p>A instala\u00e7\u00e3o do sistema Blauhoff Home 3.6K\/10 kWh 1 Phase \u00e9 f\u00e1cil e requer apenas uma liga\u00e7\u00e3o m\u00ednima de 1x25A. Al\u00e9m disso, o sistema \u00e9 fornecido com instala\u00e7\u00e3o gratuita, para que possa come\u00e7ar a desfrutar imediatamente dos benef\u00edcios da sua nova solu\u00e7\u00e3o energ\u00e9tica.<\/p>\n<p>Escolha o sistema Blauhoff Home 3.6K\/10 kWh 1 Phase e descubra uma forma avan\u00e7ada e fi\u00e1vel de gerir o seu consumo de energia. Desfrute da liberdade de gerar, armazenar e utilizar a sua pr\u00f3pria energia, poupando nos seus custos energ\u00e9ticos e contribuindo para um futuro mais sustent\u00e1vel. Com o Blauhoff Home, tem o controlo da sua energia.<\/p>","protected":false},"excerpt":{"rendered":"<p>Sistema monof\u00e1sico Blauhoff Home 3.6K\/10kWh O sistema monof\u00e1sico Blauhoff Home 3.6K\/10kWh \u00e9 um sistema revolucion\u00e1rio de armazenamento de energia concebido para satisfazer as necessidades das fam\u00edlias modernas. Com tecnologias avan\u00e7adas [...]<\/p>","protected":false},"featured_media":207773,"template":"","meta":{"_seopress_robots_primary_cat":"none","_seopress_titles_title":"","_seopress_titles_desc":"","_seopress_robots_index":"","_kad_blocks_custom_css":"","_kad_blocks_head_custom_js":"","_kad_blocks_body_custom_js":"","_kad_blocks_footer_custom_js":""},"product_cat":[17,19],"product_tag":[],"class_list":{"0":"post-207770","1":"product","2":"type-product","3":"status-publish","4":"has-post-thumbnail","6":"product_cat-home-batteries","7":"product_cat-sets-with-inverters","9":"first","10":"instock","11":"taxable","12":"shipping-taxable","13":"purchasable","14":"product-type-simple"},"taxonomy_info":{"product_cat":[{"value":17,"label":"Home batteries"},{"value":19,"label":"Sets with inverters"}]},"featured_image_src_large":["https:\/\/ownpowr.com\/wp-content\/uploads\/2025\/02\/blh_1_phase_36_10.jpg",600,600,false],"author_info":[],"comment_info":"","_links":{"self":[{"href":"https:\/\/ownpowr.com\/pt\/wp-json\/wp\/v2\/product\/207770","targetHints":{"allow":["GET"]}}],"collection":[{"href":"https:\/\/ownpowr.com\/pt\/wp-json\/wp\/v2\/product"}],"about":[{"href":"https:\/\/ownpowr.com\/pt\/wp-json\/wp\/v2\/types\/product"}],"wp:featuredmedia":[{"embeddable":true,"href":"https:\/\/ownpowr.com\/pt\/wp-json\/wp\/v2\/media\/207773"}],"wp:attachment":[{"href":"https:\/\/ownpowr.com\/pt\/wp-json\/wp\/v2\/media?parent=207770"}],"wp:term":[{"taxonomy":"product_cat","embeddable":true,"href":"https:\/\/ownpowr.com\/pt\/wp-json\/wp\/v2\/product_cat?post=207770"},{"taxonomy":"product_tag","embeddable":true,"href":"https:\/\/ownpowr.com\/pt\/wp-json\/wp\/v2\/product_tag?post=207770"}],"curies":[{"name":"wp","href":"https:\/\/api.w.org\/{rel}","templated":true}]}}