{"id":207863,"date":"2025-02-14T16:12:44","date_gmt":"2025-02-14T14:12:44","guid":{"rendered":"https:\/\/ownpowr.com\/?post_type=product&#038;p=207863"},"modified":"2025-02-14T16:12:45","modified_gmt":"2025-02-14T14:12:45","slug":"blauhoff-home-10k-20kwh-3-phase-system-hv-lv","status":"publish","type":"product","link":"https:\/\/ownpowr.com\/pt\/product\/blauhoff-home-10k-20kwh-sistema-trifasico-hv-lv\/","title":{"rendered":"Blauhoff Sistema trif\u00e1sico dom\u00e9stico 10K\/20kWh HV\/LV"},"content":{"rendered":"<p>Blauhoff Sistema de fase dom\u00e9stica 10K\/20kWh<\/p>\n<p>O Sistema Fase Blauhoff Home 10K\/20kWh, da conceituada marca Blauhoff, oferece-lhe uma solu\u00e7\u00e3o potente e fi\u00e1vel para o armazenamento de energia em habita\u00e7\u00f5es com consumos significativos. Com este sistema avan\u00e7ado, pode otimizar a sua gest\u00e3o energ\u00e9tica, reduzir a sua depend\u00eancia da rede e beneficiar de energia de emerg\u00eancia em caso de falha de energia. Al\u00e9m disso, este sistema \u00e9 fornecido com instala\u00e7\u00e3o gratuita, tornando a instala\u00e7\u00e3o f\u00e1cil e sem complica\u00e7\u00f5es.<\/p>\n<p>O inversor tem um comprimento de 699,3 mm e pesa 33,6 kg. Com um cabo adicional de 300 mm entre o inversor e a bateria, pode determinar a coloca\u00e7\u00e3o ideal para o seu sistema, garantindo uma transfer\u00eancia de energia eficiente e perdas de energia m\u00ednimas.<\/p>\n<p>O sistema de bateria Blauhoff \u00e9 dur\u00e1vel e robusto, com dimens\u00f5es de 586 mm x 387 mm x 1300 mm e um peso de 180 kg. A bateria tem uma impressionante capacidade de 20 kWh, permitindo-lhe armazenar a energia excedente gerada pelos seus pain\u00e9is solares ou outras fontes de energia. Quando n\u00e3o h\u00e1 produ\u00e7\u00e3o de energia, pode utilizar a energia armazenada para cobrir o seu consumo de energia, tornando-o menos dependente da rede el\u00e9ctrica e reduzindo ainda mais os seus custos energ\u00e9ticos.<\/p>\n<p>O sistema Blauhoff Home 10K\/20kWh Phase System \u00e9 recomendado para fam\u00edlias com um consumo m\u00e9dio anual de cerca de 7300 kWh. Com uma capacidade de 10 kW, pode cobrir uma grande parte das suas necessidades energ\u00e9ticas utilizando a energia solar gerada e a energia armazenada na bateria. Al\u00e9m disso, este sistema fornece energia de emerg\u00eancia, para que os aparelhos importantes continuem a funcionar durante as falhas de energia e as suas rotinas di\u00e1rias possam continuar sem interrup\u00e7\u00f5es.<\/p>\n<p>O sistema de fase Blauhoff Home 10K\/20kWh foi concebido com a flexibilidade em mente. Possui uma porta para gerador\/turbina e\u00f3lica, dando-lhe a op\u00e7\u00e3o de adicionar fontes de energia adicionais e aumentar ainda mais a sua independ\u00eancia energ\u00e9tica. Com uma liga\u00e7\u00e3o m\u00ednima de 3x25A e adequado para configura\u00e7\u00f5es de fase, este sistema \u00e9 compat\u00edvel com a maioria das redes el\u00e9ctricas dom\u00e9sticas.<\/p>\n<p>Gra\u00e7as \u00e0 instala\u00e7\u00e3o gratuita, pode confiar numa instala\u00e7\u00e3o profissional, garantindo que o seu sistema funciona de forma \u00f3ptima desde o primeiro momento e que pode desfrutar de uma experi\u00eancia despreocupada.<\/p>\n<p>Fa\u00e7a a mudan\u00e7a para um fornecimento de energia mais eficiente e sustent\u00e1vel com o sistema Blauhoff Home 10K\/20kWh Phase. Com um poderoso armazenamento de energia, fornecimento de energia de emerg\u00eancia e flexibilidade nas fontes de energia, pode contar com um fornecimento de energia fi\u00e1vel, realizar poupan\u00e7as de custos e reduzir a sua pegada de carbono. Escolha o Blauhoff e prepare a sua casa para as necessidades energ\u00e9ticas do futuro.<\/p>\n<p><strong>O pre\u00e7o difere entre HV e LV!<\/strong><\/p>","protected":false},"excerpt":{"rendered":"<p>Blauhoff Home 10K\/20kWh Phase System O Blauhoff Home 10K\/20kWh Phase System, da conceituada marca Blauhoff, oferece uma solu\u00e7\u00e3o potente e fi\u00e1vel para o armazenamento de energia em habita\u00e7\u00f5es com consumos significativos. [...]<\/p>","protected":false},"featured_media":207866,"template":"","meta":{"_seopress_robots_primary_cat":"","_seopress_titles_title":"","_seopress_titles_desc":"","_seopress_robots_index":"","_kad_blocks_custom_css":"","_kad_blocks_head_custom_js":"","_kad_blocks_body_custom_js":"","_kad_blocks_footer_custom_js":""},"product_cat":[17,19],"product_tag":[],"class_list":{"0":"post-207863","1":"product","2":"type-product","3":"status-publish","4":"has-post-thumbnail","6":"product_cat-home-batteries","7":"product_cat-sets-with-inverters","9":"first","10":"instock","11":"taxable","12":"shipping-taxable","13":"purchasable","14":"product-type-simple"},"taxonomy_info":{"product_cat":[{"value":17,"label":"Home batteries"},{"value":19,"label":"Sets with inverters"}]},"featured_image_src_large":["https:\/\/ownpowr.com\/wp-content\/uploads\/2025\/02\/blh_5100_10k_20kwh-600x600-1.jpg",600,600,false],"author_info":[],"comment_info":"","_links":{"self":[{"href":"https:\/\/ownpowr.com\/pt\/wp-json\/wp\/v2\/product\/207863","targetHints":{"allow":["GET"]}}],"collection":[{"href":"https:\/\/ownpowr.com\/pt\/wp-json\/wp\/v2\/product"}],"about":[{"href":"https:\/\/ownpowr.com\/pt\/wp-json\/wp\/v2\/types\/product"}],"wp:featuredmedia":[{"embeddable":true,"href":"https:\/\/ownpowr.com\/pt\/wp-json\/wp\/v2\/media\/207866"}],"wp:attachment":[{"href":"https:\/\/ownpowr.com\/pt\/wp-json\/wp\/v2\/media?parent=207863"}],"wp:term":[{"taxonomy":"product_cat","embeddable":true,"href":"https:\/\/ownpowr.com\/pt\/wp-json\/wp\/v2\/product_cat?post=207863"},{"taxonomy":"product_tag","embeddable":true,"href":"https:\/\/ownpowr.com\/pt\/wp-json\/wp\/v2\/product_tag?post=207863"}],"curies":[{"name":"wp","href":"https:\/\/api.w.org\/{rel}","templated":true}]}}