{"id":207867,"date":"2025-02-14T16:18:18","date_gmt":"2025-02-14T14:18:18","guid":{"rendered":"https:\/\/ownpowr.com\/?post_type=product&#038;p=207867"},"modified":"2025-02-14T16:18:19","modified_gmt":"2025-02-14T14:18:19","slug":"blauhoff-home-5k-20-kwh-1-phase-system-lv","status":"publish","type":"product","link":"https:\/\/ownpowr.com\/pt\/product\/blauhoff-home-5k-20-kwh-sistema-monofasico-lv\/","title":{"rendered":"Blauhoff Casa 5K\/20 kWh Sistema 1 Fase BT"},"content":{"rendered":"<p>Blauhoff Sistema monof\u00e1sico dom\u00e9stico 5K\/20 kWh<\/p>\n<p>O sistema Blauhoff Home 5K\/20 kWh 1 Phase \u00e9 um sistema de armazenamento de energia compacto e eficiente, concebido para satisfazer as necessidades energ\u00e9ticas de agregados familiares e pequenas empresas. Com um consumo m\u00e9dio anual recomendado de 7300 kWh, este sistema oferece uma solu\u00e7\u00e3o sustent\u00e1vel e fi\u00e1vel para gerar, armazenar e utilizar a sua pr\u00f3pria energia.<\/p>\n<p>Com uma capacidade de 20 kWh, este sistema oferece-lhe espa\u00e7o de armazenamento suficiente para armazenar a energia solar produzida durante o dia e utiliz\u00e1-la ao fim da tarde e \u00e0 noite. Isto permite-lhe reduzir a sua depend\u00eancia da rede el\u00e9ctrica e reduzir os seus custos energ\u00e9ticos. Al\u00e9m disso, o sistema est\u00e1 equipado com energia de emerg\u00eancia, para que possa continuar a usufruir de energia durante as falhas de corrente.<\/p>\n<p>O Blauhoff Home foi concebido a pensar na compatibilidade. O sistema est\u00e1 equipado com um gerador e uma porta de turbina e\u00f3lica, dando-lhe a oportunidade de integrar fontes de energia alternativas e gerar ainda mais energia verde. Isto d\u00e1-lhe a flexibilidade para diversificar ainda mais a sua produ\u00e7\u00e3o de energia e reduzir a sua pegada de carbono.<\/p>\n<p>Com uma capacidade de 5 kW, o Blauhoff Home \u00e9 adequado para uma vasta gama de aplica\u00e7\u00f5es. Quer pretenda alimentar aparelhos el\u00e9ctricos em sua casa ou necessite de energia para as suas opera\u00e7\u00f5es comerciais de pequena escala, este sistema pode satisfazer as suas necessidades. O sistema funciona com uma liga\u00e7\u00e3o monof\u00e1sica com um requisito m\u00ednimo de 1x40A, o que o torna adequado para aplica\u00e7\u00f5es dom\u00e9sticas.<\/p>\n<p>O sistema Blauhoff Home 5K\/20 kWh 1 Phase foi concebido tendo em mente a facilidade de utiliza\u00e7\u00e3o e a fiabilidade. O tamanho compacto e o design leve do inversor permitem uma instala\u00e7\u00e3o f\u00e1cil, enquanto o sistema de bateria robusto garante durabilidade e desempenho duradouro.<\/p>\n<p>Escolha o sistema Blauhoff Home 5K\/20 kWh 1 Phase e desfrute de uma solu\u00e7\u00e3o fi\u00e1vel e eficiente para as suas necessidades energ\u00e9ticas. Este sistema permite-lhe beneficiar de energia verde, reduzir as suas contas de energia e contribuir para um futuro sustent\u00e1vel. Confie no Blauhoff para obter solu\u00e7\u00f5es de armazenamento de energia de alta qualidade que satisfazem as suas necessidades e proporcionam paz de esp\u00edrito.<\/p>","protected":false},"excerpt":{"rendered":"<p>Sistema monof\u00e1sico Blauhoff Home 5K\/20 kWh O sistema monof\u00e1sico Blauhoff Home 5K\/20 kWh \u00e9 um sistema de armazenamento de energia compacto e eficiente, concebido para satisfazer as necessidades energ\u00e9ticas de [...]<\/p>","protected":false},"featured_media":207870,"template":"","meta":{"_seopress_robots_primary_cat":"","_seopress_titles_title":"","_seopress_titles_desc":"","_seopress_robots_index":"","_kad_blocks_custom_css":"","_kad_blocks_head_custom_js":"","_kad_blocks_body_custom_js":"","_kad_blocks_footer_custom_js":""},"product_cat":[17,19],"product_tag":[],"class_list":{"0":"post-207867","1":"product","2":"type-product","3":"status-publish","4":"has-post-thumbnail","6":"product_cat-home-batteries","7":"product_cat-sets-with-inverters","9":"first","10":"instock","11":"taxable","12":"shipping-taxable","13":"purchasable","14":"product-type-simple"},"taxonomy_info":{"product_cat":[{"value":17,"label":"Home batteries"},{"value":19,"label":"Sets with inverters"}]},"featured_image_src_large":["https:\/\/ownpowr.com\/wp-content\/uploads\/2025\/02\/blh_5k_20kwh.jpg",480,480,false],"author_info":[],"comment_info":"","_links":{"self":[{"href":"https:\/\/ownpowr.com\/pt\/wp-json\/wp\/v2\/product\/207867","targetHints":{"allow":["GET"]}}],"collection":[{"href":"https:\/\/ownpowr.com\/pt\/wp-json\/wp\/v2\/product"}],"about":[{"href":"https:\/\/ownpowr.com\/pt\/wp-json\/wp\/v2\/types\/product"}],"wp:featuredmedia":[{"embeddable":true,"href":"https:\/\/ownpowr.com\/pt\/wp-json\/wp\/v2\/media\/207870"}],"wp:attachment":[{"href":"https:\/\/ownpowr.com\/pt\/wp-json\/wp\/v2\/media?parent=207867"}],"wp:term":[{"taxonomy":"product_cat","embeddable":true,"href":"https:\/\/ownpowr.com\/pt\/wp-json\/wp\/v2\/product_cat?post=207867"},{"taxonomy":"product_tag","embeddable":true,"href":"https:\/\/ownpowr.com\/pt\/wp-json\/wp\/v2\/product_tag?post=207867"}],"curies":[{"name":"wp","href":"https:\/\/api.w.org\/{rel}","templated":true}]}}