{"id":208743,"date":"2025-02-20T09:41:35","date_gmt":"2025-02-20T07:41:35","guid":{"rendered":"https:\/\/ownpowr.com\/?post_type=product&#038;p=208743"},"modified":"2025-08-25T14:41:27","modified_gmt":"2025-08-25T12:41:27","slug":"new-blauhoff-maxus-all-in-one-125k-289-kwh-energy-storage-cabinet-liquid-cooled","status":"publish","type":"product","link":"https:\/\/ownpowr.com\/pt\/product\/novo-blauhoff-maxus-all-in-one-125k-289-kwh-armario-de-armazenamento-de-energia-com-refrigeracao-liquida\/","title":{"rendered":"Novo! Blauhoff Maxus Arm\u00e1rio de armazenamento de energia tudo-em-um 125K\/289 kWh Arrefecimento por l\u00edquido"},"content":{"rendered":"<p>Novo Blauhoff Maxus 125K\/289kWh Arm\u00e1rio de armazenamento de energia tudo-em-um 10 anos de garantia 8000 ciclos<\/p>\n<p>Todos os sistemas de baterias Blauhoff t\u00eam 10 anos de garantia para as c\u00e9lulas e 5 anos de garantia para o inversor, sem qualquer pagamento adicional!<\/p>\n<p>N\u00e3o \u00e9 o caso da maioria das outras marcas e a garantia \u00e9 limitada a apenas 3-5 anos!<\/p>\n<p>C\u00e9lulas prism\u00e1ticas para a mais alta qualidade e maior dura\u00e7\u00e3o de vida, 8000 ciclos e 10 anos de garantia para as c\u00e9lulas sem custos adicionais e 5 anos para o conjunto.<\/p>\n<p>A s\u00e9rie BLH-125K\/258KwH-Maxus, um ESS comercial e industrial tudo-em-um arrefecido a l\u00edquido, \u00e9<br \/>\nintegrado com inversor de armazenamento de energia, bateria, BMS, EMS, gest\u00e3o t\u00e9rmica,<br \/>\ndistribui\u00e7\u00e3o de energia, prote\u00e7\u00e3o contra inc\u00eandios, etc. O design tudo-em-um \u00e9 f\u00e1cil de instalar e<br \/>\nO&amp;M. Entretanto, a conce\u00e7\u00e3o de seguran\u00e7a do sistema garante um melhor desempenho da bateria<br \/>\ne uma vida \u00fatil mais longa. V\u00e1rios conjuntos de arm\u00e1rios podem ser diretamente ligados em paralelo at\u00e9 30 pe\u00e7as para realizar<br \/>\na expans\u00e3o do sistema de armazenamento de energia.<\/p>\n<p>Econ\u00f3mico:<\/p>\n<p>ESS altamente integrado para uma f\u00e1cil<br \/>\ntransporte e O&amp;M. Os<br \/>\nA conce\u00e7\u00e3o integrada garante que o s\u00edtio pode ser<br \/>\nConfigure e utilize rapidamente.<\/p>\n<p>Fun\u00e7\u00e3o de c\u00f3pia de seguran\u00e7a<\/p>\n<p>Fun\u00e7\u00e3o Peakshave<\/p>\n<p>Fun\u00e7\u00e3o PV<\/p>\n<p>Arrefecimento l\u00edquido:<\/p>\n<p>O desvio de temperatura de<br \/>\nc\u00e9lulas de bateria em todo o<br \/>\nest\u00e1 dentro de 3\u00b0C, gra\u00e7as a<br \/>\no sistema inteligente de arrefecimento l\u00edquido.<br \/>\nPode alargar o<br \/>\nvida \u00fatil das c\u00e9lulas da bateria at\u00e9 20%.<\/p>\n<p>Seguro:<\/p>\n<p>O sistema tem quatro n\u00edveis<br \/>\nestrutura de gest\u00e3o, que pode<br \/>\ncontrolo preciso da prote\u00e7\u00e3o contra curto-circuitos, prote\u00e7\u00e3o contra sobreintensidade, prote\u00e7\u00e3o contra sobretens\u00e3o, prote\u00e7\u00e3o contra subtens\u00e3o, sobretemperatura<br \/>\nprote\u00e7\u00e3o, etc.<\/p>\n<p>VDE4100<\/p>\n<p>IEC62619<\/p>\n<p>IEC61000<\/p>\n<p>UL9540A<\/p>\n<p>EN50549<\/p>\n<p><a href=\"https:\/\/blauhoff.nl\/wp-content\/uploads\/2025\/02\/NL-BLH-Maxus-125kW289kWh-Flyer-18-1-2025.pdf.pdf\" target=\"_blank\" rel=\"noopener\">NL BLH Maxus 125kW289kWh Folheto 18-1-2025.pdf<\/a><\/p>\n<p><iframe title=\"Blauhoff ESS Tudo em um\" width=\"1140\" height=\"641\" src=\"https:\/\/www.youtube.com\/embed\/4ygzOwu-j7I?feature=oembed\" frameborder=\"0\" allow=\"accelerometer; autoplay; clipboard-write; encrypted-media; gyroscope; picture-in-picture; web-share\" referrerpolicy=\"strict-origin-when-cross-origin\" allowfullscreen><\/iframe><\/p>\n<p>&nbsp;<\/p>\n<p>&nbsp;<\/p>","protected":false},"excerpt":{"rendered":"<p>Novo Blauhoff Maxus 125K\/289kWh Arm\u00e1rio de armazenamento de energia tudo-em-um Garantia de 10 anos 8000 ciclos Todos os sistemas de bateria Blauhoff t\u00eam 10 anos de garantia nas c\u00e9lulas e 5 anos de garantia [...]<\/p>","protected":false},"featured_media":185452,"template":"","meta":{"_seopress_robots_primary_cat":"none","_seopress_titles_title":"","_seopress_titles_desc":"","_seopress_robots_index":"","_kad_blocks_custom_css":"","_kad_blocks_head_custom_js":"","_kad_blocks_body_custom_js":"","_kad_blocks_footer_custom_js":""},"product_cat":[17,19],"product_tag":[],"class_list":{"0":"post-208743","1":"product","2":"type-product","3":"status-publish","4":"has-post-thumbnail","6":"product_cat-home-batteries","7":"product_cat-sets-with-inverters","9":"first","10":"instock","11":"taxable","12":"shipping-taxable","13":"purchasable","14":"product-type-simple"},"taxonomy_info":{"product_cat":[{"value":17,"label":"Home batteries"},{"value":19,"label":"Sets with inverters"}]},"featured_image_src_large":["https:\/\/ownpowr.com\/wp-content\/uploads\/2024\/10\/maxus-.png",300,300,false],"author_info":[],"comment_info":"","_links":{"self":[{"href":"https:\/\/ownpowr.com\/pt\/wp-json\/wp\/v2\/product\/208743","targetHints":{"allow":["GET"]}}],"collection":[{"href":"https:\/\/ownpowr.com\/pt\/wp-json\/wp\/v2\/product"}],"about":[{"href":"https:\/\/ownpowr.com\/pt\/wp-json\/wp\/v2\/types\/product"}],"wp:featuredmedia":[{"embeddable":true,"href":"https:\/\/ownpowr.com\/pt\/wp-json\/wp\/v2\/media\/185452"}],"wp:attachment":[{"href":"https:\/\/ownpowr.com\/pt\/wp-json\/wp\/v2\/media?parent=208743"}],"wp:term":[{"taxonomy":"product_cat","embeddable":true,"href":"https:\/\/ownpowr.com\/pt\/wp-json\/wp\/v2\/product_cat?post=208743"},{"taxonomy":"product_tag","embeddable":true,"href":"https:\/\/ownpowr.com\/pt\/wp-json\/wp\/v2\/product_tag?post=208743"}],"curies":[{"name":"wp","href":"https:\/\/api.w.org\/{rel}","templated":true}]}}