{"id":221355,"date":"2025-04-17T14:50:19","date_gmt":"2025-04-17T12:50:19","guid":{"rendered":"https:\/\/ownpowr.com\/?post_type=product&#038;p=221355"},"modified":"2025-04-17T14:52:56","modified_gmt":"2025-04-17T12:52:56","slug":"afore-15k-hybrid-three-phase-inverter","status":"publish","type":"product","link":"https:\/\/ownpowr.com\/pt\/product\/inversor-trifasico-hibrido-afore-15k\/","title":{"rendered":"Inversor trif\u00e1sico h\u00edbrido Afore 15K"},"content":{"rendered":"<p>Inversor h\u00edbrido AF15K-THP, 2 MPPTs, trif\u00e1sico, pot\u00eancia nominal de sa\u00edda 15 kW<br \/>\nO Afore AF15K-THP \u00e9 um inversor h\u00edbrido trif\u00e1sico com uma pot\u00eancia de 15 kW. Com uma bateria de alta tens\u00e3o, pode ser utilizado como sistema aut\u00f3nomo\/fora da rede ou como sistema sem corrente. Possui dois seguidores MPPT e a possibilidade de ligar duas cadeias de m\u00f3dulos fotovoltaicos. Est\u00e3o tamb\u00e9m dispon\u00edveis v\u00e1rias tens\u00f5es MPPT.<\/p>\n<p>Destaques<br \/>\nDesign moderno<br \/>\nMonitoriza\u00e7\u00e3o durante a monitoriza\u00e7\u00e3o Wi-Fi<br \/>\nMaior efici\u00eancia de 97,5%<br \/>\nN\u00e3o dispon\u00edvel<br \/>\n2 MPPTs com um fio<br \/>\nInstala\u00e7\u00e3o f\u00e1cil e r\u00e1pida<br \/>\nTamanho compacto (370 x 598,5 x 1,92 mm)<br \/>\nCompat\u00edvel com repara\u00e7\u00f5es de baterias<br \/>\nAdequado para tipos de bateria: i\u00f5es de l\u00edtio<\/p>\n<p>Especifica\u00e7\u00e3o<br \/>\nDescri\u00e7\u00e3o do artigo: Inversor h\u00edbrido AF15K-THP, 2 MPPTs, trif\u00e1sico, pot\u00eancia nominal de sa\u00edda 15 kW<\/p>\n<p>Dados da sa\u00edda AC<br \/>\nPot\u00eancia nominal: 15 kW<br \/>\nPot\u00eancia aparente m\u00e1xima de sa\u00edda: 16,5 kVA<br \/>\nTens\u00e3o AC: 3P\/N\/PE 400 V<br \/>\nFrequ\u00eancia AC: 50 Hz \/ 60 Hz<br \/>\nCorrente AC: 21,8 A<br \/>\nM\u00e1x. Corrente AC: 27 A<\/p>\n<p>Dados de entrada da cadeia PV<br \/>\nM\u00e1x. Pot\u00eancia de entrada DC: 22,5 kW<br \/>\nM\u00e1x. Tens\u00e3o de entrada DC: 1000 V<br \/>\nM\u00e1x. Corrente de entrada CC: 2 x 18,5 A<br \/>\nTens\u00e3o de arranque: 160 V<br \/>\nGama de tens\u00e3o MPPT: 500-850 V<br \/>\nPot\u00eancia m\u00e1xima de curto prazo: 2 x 25 A<br \/>\nN\u00famero de seguidores MPPT\/n\u00famero de cordas: 2\/2<\/p>\n<p>Dados de entrada da bateria<br \/>\nTipo de bateria: I\u00f5es de l\u00edtio \/ Chumbo-\u00e1cido \/ Cloreto de s\u00f3dio<br \/>\nTens\u00e3o nominal: 500 V<br \/>\nGama de tens\u00f5es: 80-600 V<br \/>\nCorrente de carga m\u00e1xima: 30 A<br \/>\nCorrente m\u00e1xima de descarga: 30 A<\/p>\n<p>Geral<br \/>\nEfici\u00eancia m\u00e1xima: 98,3%<br \/>\nTaxa de efici\u00eancia da UE: 97,5%<br \/>\nComunica\u00e7\u00e3o: Ecr\u00e3, LED, RS485, CAN, Wi-Fi, GPRS, 4G<br \/>\nGrau de prote\u00e7\u00e3o: IP66<br \/>\nArrefecimento: Ventoinha inteligente<br \/>\nTopologia: Sem transformador<br \/>\nDimens\u00f5es (L x A x P): 370 x 598,5 x 192 mm<br \/>\nPeso: 22 kg<\/p>\n<p>Consiste em:<br \/>\n1 x inversor h\u00edbrido Afore AF15K-THP<br \/>\n1 x kit de acess\u00f3rios<\/p>","protected":false},"excerpt":{"rendered":"<p>Inversor h\u00edbrido AF15K-THP, 2 MPPTs, trif\u00e1sico, pot\u00eancia nominal de sa\u00edda 15 kW O Afore AF15K-THP \u00e9 um inversor h\u00edbrido trif\u00e1sico com uma pot\u00eancia de sa\u00edda de 15 kW. Com uma bateria de alta tens\u00e3o, [...]<\/p>","protected":false},"featured_media":221359,"template":"","meta":{"_seopress_robots_primary_cat":"none","_seopress_titles_title":"","_seopress_titles_desc":"","_seopress_robots_index":"","_kad_blocks_custom_css":"","_kad_blocks_head_custom_js":"","_kad_blocks_body_custom_js":"","_kad_blocks_footer_custom_js":""},"product_cat":[18],"product_tag":[],"class_list":{"0":"post-221355","1":"product","2":"type-product","3":"status-publish","4":"has-post-thumbnail","6":"product_cat-hybrid-inverters","8":"first","9":"instock","10":"taxable","11":"shipping-taxable","12":"purchasable","13":"product-type-simple"},"taxonomy_info":{"product_cat":[{"value":18,"label":"Hybrid inverters"}]},"featured_image_src_large":["https:\/\/ownpowr.com\/wp-content\/uploads\/2025\/04\/afore-hybrid-three-phase-inverter.png",640,640,false],"author_info":[],"comment_info":"","_links":{"self":[{"href":"https:\/\/ownpowr.com\/pt\/wp-json\/wp\/v2\/product\/221355","targetHints":{"allow":["GET"]}}],"collection":[{"href":"https:\/\/ownpowr.com\/pt\/wp-json\/wp\/v2\/product"}],"about":[{"href":"https:\/\/ownpowr.com\/pt\/wp-json\/wp\/v2\/types\/product"}],"wp:featuredmedia":[{"embeddable":true,"href":"https:\/\/ownpowr.com\/pt\/wp-json\/wp\/v2\/media\/221359"}],"wp:attachment":[{"href":"https:\/\/ownpowr.com\/pt\/wp-json\/wp\/v2\/media?parent=221355"}],"wp:term":[{"taxonomy":"product_cat","embeddable":true,"href":"https:\/\/ownpowr.com\/pt\/wp-json\/wp\/v2\/product_cat?post=221355"},{"taxonomy":"product_tag","embeddable":true,"href":"https:\/\/ownpowr.com\/pt\/wp-json\/wp\/v2\/product_tag?post=221355"}],"curies":[{"name":"wp","href":"https:\/\/api.w.org\/{rel}","templated":true}]}}