{"id":221361,"date":"2025-04-17T15:02:31","date_gmt":"2025-04-17T13:02:31","guid":{"rendered":"https:\/\/ownpowr.com\/?post_type=product&#038;p=221361"},"modified":"2025-04-17T15:02:32","modified_gmt":"2025-04-17T13:02:32","slug":"afore-20kw-hybrid-three-phase-inverter","status":"publish","type":"product","link":"https:\/\/ownpowr.com\/pt\/product\/por-isso-inversor-trifasico-hibrido-de-20kw\/","title":{"rendered":"Afore Inversor trif\u00e1sico h\u00edbrido de 20kw"},"content":{"rendered":"<p>Inversor h\u00edbrido AF20K-TH, 2 MPPTs, trif\u00e1sico, pot\u00eancia nominal de sa\u00edda 20.000W<br \/>\nO Afore AF20K-TH \u00e9 um inversor h\u00edbrido trif\u00e1sico com uma pot\u00eancia de 20kW. Com uma bateria de alta tens\u00e3o, o inversor pode ser utilizado como sistema aut\u00f3nomo\/fora da rede e como fonte de alimenta\u00e7\u00e3o de emerg\u00eancia. Possui dois seguidores MPPT e a capacidade de ligar v\u00e1rias cadeias de m\u00f3dulos fotovoltaicos. Disp\u00f5e de uma vasta gama de tens\u00f5es MPPT.<\/p>\n<p>Destaques<br \/>\nDesign moderno<br \/>\nMonitoriza\u00e7\u00e3o Wi-Fi<br \/>\nEfici\u00eancia elevada de 97,8%<br \/>\nCapacidade de energia de emerg\u00eancia<br \/>\n2 MPPTs com 2 cordas cada<br \/>\nInstala\u00e7\u00e3o f\u00e1cil e r\u00e1pida<br \/>\nDimens\u00f5es compactas (558 x 535 x 260 mm)<br \/>\nCompat\u00edvel com muitos fabricantes de pilhas<br \/>\nAdequado para tipos de bateria: i\u00f5es de l\u00edtio<\/p>\n<p>Especifica\u00e7\u00f5es<\/p>\n<p>Nome do artigo: Inversor h\u00edbrido AF20K-TH, 2 MPPTs, trif\u00e1sico, pot\u00eancia nominal de sa\u00edda 20.000 W<br \/>\nDados da sa\u00edda AC<br \/>\nPot\u00eancia nominal de sa\u00edda: 20.000 W<br \/>\nPot\u00eancia de sa\u00edda aparente m\u00e1xima: 22.000 VA<br \/>\nTens\u00e3o AC: 3\/N\/PE 400 V<br \/>\nFrequ\u00eancia AC: 50 Hz \/ 60 Hz<br \/>\nCorrente AC nominal: 29,0 A<br \/>\nM\u00e1x. Corrente AC: 32,0 A<br \/>\nDados de entrada da cadeia PV<br \/>\nM\u00e1x. Pot\u00eancia de entrada DC: 30 kW<br \/>\nM\u00e1x. Tens\u00e3o de entrada DC: 1000V<br \/>\nM\u00e1x. Corrente de entrada CC: 2 x 32A<br \/>\nTens\u00e3o de arranque: 160V<br \/>\nGama de tens\u00e3o MPPT: 150-850V<br \/>\nCorrente m\u00e1xima de curto-circuito: 2 x 48A<br \/>\nN\u00famero de rastreadores MPP\/n\u00famero de cordas: 2\/4<br \/>\nDados de entrada da bateria<br \/>\nTipo de bateria: I\u00e3o de l\u00edtio<br \/>\nTens\u00e3o nominal: 500V<br \/>\nTens\u00e3o m\u00e1xima de carregamento: 150-800V<br \/>\nCorrente m\u00e1xima de carga: 50A<br \/>\nCorrente m\u00e1xima de descarga: 50A<br \/>\nGeral<br \/>\nEfici\u00eancia m\u00e1xima: 98,3%<br \/>\nEfici\u00eancia da UE: 97,8%<br \/>\nComunica\u00e7\u00e3o: Ecr\u00e3, LED, RS485, CAN, Wi-Fi, GRPS, 4G<br \/>\nGrau de prote\u00e7\u00e3o: IP65<br \/>\nTopologia: Sem transformador<\/p>\n<p>Dimens\u00f5es (L x A x P): 558x535x260mm<br \/>\nPeso: 29 kg<\/p>\n<p>\u00c2mbito da entrega<br \/>\n1 x Inversor h\u00edbrido Afore AF20K-TH<br \/>\n1 x Kit de acess\u00f3rios<\/p>","protected":false},"excerpt":{"rendered":"<p>Inversor h\u00edbrido AF20K-TH, 2 MPPTs, trif\u00e1sico, pot\u00eancia nominal de sa\u00edda 20.000W O Afore AF20K-TH \u00e9 um inversor h\u00edbrido trif\u00e1sico com uma pot\u00eancia de sa\u00edda de 20kW. Com uma bateria de alta tens\u00e3o, o inversor [...]<\/p>","protected":false},"featured_media":221359,"template":"","meta":{"_seopress_robots_primary_cat":"none","_seopress_titles_title":"","_seopress_titles_desc":"","_seopress_robots_index":"","_kad_blocks_custom_css":"","_kad_blocks_head_custom_js":"","_kad_blocks_body_custom_js":"","_kad_blocks_footer_custom_js":""},"product_cat":[18],"product_tag":[],"class_list":{"0":"post-221361","1":"product","2":"type-product","3":"status-publish","4":"has-post-thumbnail","6":"product_cat-hybrid-inverters","8":"first","9":"instock","10":"taxable","11":"shipping-taxable","12":"purchasable","13":"product-type-simple"},"taxonomy_info":{"product_cat":[{"value":18,"label":"Hybrid inverters"}]},"featured_image_src_large":["https:\/\/ownpowr.com\/wp-content\/uploads\/2025\/04\/afore-hybrid-three-phase-inverter.png",640,640,false],"author_info":[],"comment_info":"","_links":{"self":[{"href":"https:\/\/ownpowr.com\/pt\/wp-json\/wp\/v2\/product\/221361","targetHints":{"allow":["GET"]}}],"collection":[{"href":"https:\/\/ownpowr.com\/pt\/wp-json\/wp\/v2\/product"}],"about":[{"href":"https:\/\/ownpowr.com\/pt\/wp-json\/wp\/v2\/types\/product"}],"wp:featuredmedia":[{"embeddable":true,"href":"https:\/\/ownpowr.com\/pt\/wp-json\/wp\/v2\/media\/221359"}],"wp:attachment":[{"href":"https:\/\/ownpowr.com\/pt\/wp-json\/wp\/v2\/media?parent=221361"}],"wp:term":[{"taxonomy":"product_cat","embeddable":true,"href":"https:\/\/ownpowr.com\/pt\/wp-json\/wp\/v2\/product_cat?post=221361"},{"taxonomy":"product_tag","embeddable":true,"href":"https:\/\/ownpowr.com\/pt\/wp-json\/wp\/v2\/product_tag?post=221361"}],"curies":[{"name":"wp","href":"https:\/\/api.w.org\/{rel}","templated":true}]}}