{"id":265,"date":"2023-10-04T16:43:01","date_gmt":"2023-10-04T14:43:01","guid":{"rendered":"https:\/\/ownpowr.com\/product\/pylontech-force-l1-14-21\/"},"modified":"2025-12-30T14:50:46","modified_gmt":"2025-12-30T12:50:46","slug":"pylontech-force-l1-14-21","status":"publish","type":"product","link":"https:\/\/ownpowr.com\/pt\/product\/pylontech-force-l1-14-21\/","title":{"rendered":"For\u00e7a Pylontech L1 14.21"},"content":{"rendered":"<p>O Pylontech Force L1 14.21 consiste numa unidade de gest\u00e3o de bateria Pylontech BMU e 4 m\u00f3dulos de bateria Force L1 3.55kWh.<\/p>\n<p>Capacidade de escalonamento com a adi\u00e7\u00e3o posterior de at\u00e9 3 m\u00f3dulos Force L1 adicionais<\/p>\n<div class=\"row\">\n<div class=\"col-lg-6\">\n<h3><strong>Pylontech Force L1 14.21 - Baixa tens\u00e3o<\/strong><\/h3>\n<p>O <b>For\u00e7a L1<\/b> \u00e9 o mais recente sistema de baterias HESS fornecido pela <strong>Pylontech<\/strong>. O car\u00e1cter de \"longa dura\u00e7\u00e3o\", a maior densidade de energia e pot\u00eancia da ind\u00fastria, o design moderno, a facilidade de instala\u00e7\u00e3o e expans\u00e3o, tudo isto reflecte as necessidades reais dos utilizadores finais e a mais forte capacidade t\u00e9cnica da <strong>Pylontech<\/strong>.<\/p>\n<p><strong>PylontechForceL1<\/strong>14.21 consiste num <strong>Pylontech<\/strong> Unidade de gest\u00e3o de bateria BMU e 4 m\u00f3dulos de bateria Force L1 de 3,55 kWh. Capacidade de escalonamento adicionando posteriormente at\u00e9 3 m\u00f3dulos Force L1 adicionais em paralelo a esta pilha para obter uma pot\u00eancia \u00fatil de at\u00e9 24,86 kWh<\/p>\n<p><strong>A integra\u00e7\u00e3o vertical na ind\u00fastria garante mais de 6.000 ciclos com o 90% DoD<\/strong><\/p>\n<p><strong>A conce\u00e7\u00e3o modular permite aos clientes finais escolherem a capacidade<\/strong><\/p>\n<p><strong>Compat\u00edvel com a maioria dos inversores h\u00edbridos dispon\u00edveis<\/strong><\/p>\n<p><strong>O conetor r\u00e1pido minimiza o tempo e o custo de instala\u00e7\u00e3o<\/strong><\/p>\n<p><strong>Design bonito - para al\u00e9m da instala\u00e7\u00e3o no interior e no exterior<\/strong><\/p>\n<\/div>\n<\/div>","protected":false},"excerpt":{"rendered":"<p>Pylontech Force L1 14.21 consiste numa unidade de gest\u00e3o de bateria Pylontech BMU e 4 m\u00f3dulos de bateria Force L1 3.55kWh. Possibilidade de expans\u00e3o atrav\u00e9s da adi\u00e7\u00e3o posterior de at\u00e9 3 m\u00f3dulos adicionais Force [...]<\/p>","protected":false},"featured_media":266,"template":"","meta":{"_seopress_robots_primary_cat":"none","_seopress_titles_title":"","_seopress_titles_desc":"","_seopress_robots_index":"","_kad_blocks_custom_css":"","_kad_blocks_head_custom_js":"","_kad_blocks_body_custom_js":"","_kad_blocks_footer_custom_js":""},"product_cat":[17],"product_tag":[],"class_list":{"0":"post-265","1":"product","2":"type-product","3":"status-publish","4":"has-post-thumbnail","6":"product_cat-home-batteries","8":"first","9":"outofstock","10":"sale","11":"taxable","12":"shipping-taxable","13":"purchasable","14":"product-type-simple"},"taxonomy_info":{"product_cat":[{"value":17,"label":"Home batteries"}]},"featured_image_src_large":["https:\/\/ownpowr.com\/wp-content\/uploads\/2022\/11\/SAM7623-0.jpeg",600,661,false],"author_info":[],"comment_info":"","_links":{"self":[{"href":"https:\/\/ownpowr.com\/pt\/wp-json\/wp\/v2\/product\/265","targetHints":{"allow":["GET"]}}],"collection":[{"href":"https:\/\/ownpowr.com\/pt\/wp-json\/wp\/v2\/product"}],"about":[{"href":"https:\/\/ownpowr.com\/pt\/wp-json\/wp\/v2\/types\/product"}],"wp:featuredmedia":[{"embeddable":true,"href":"https:\/\/ownpowr.com\/pt\/wp-json\/wp\/v2\/media\/266"}],"wp:attachment":[{"href":"https:\/\/ownpowr.com\/pt\/wp-json\/wp\/v2\/media?parent=265"}],"wp:term":[{"taxonomy":"product_cat","embeddable":true,"href":"https:\/\/ownpowr.com\/pt\/wp-json\/wp\/v2\/product_cat?post=265"},{"taxonomy":"product_tag","embeddable":true,"href":"https:\/\/ownpowr.com\/pt\/wp-json\/wp\/v2\/product_tag?post=265"}],"curies":[{"name":"wp","href":"https:\/\/api.w.org\/{rel}","templated":true}]}}