{"id":278,"date":"2023-10-04T16:43:01","date_gmt":"2023-10-04T14:43:01","guid":{"rendered":"https:\/\/ownpowr.com\/product\/pylontech-force-l1-10-65\/"},"modified":"2025-07-07T19:54:49","modified_gmt":"2025-07-07T17:54:49","slug":"pylontech-force-l1-10-65","status":"publish","type":"product","link":"https:\/\/ownpowr.com\/pt\/product\/pylontech-force-l1-10-65\/","title":{"rendered":"Pylontech Force L1 10.65"},"content":{"rendered":"<p>Apresentamos o sistema de bateria de baixa tens\u00e3o Pylontech Force L1 10,26 kWh:<\/p>\n<p><strong>Caracter\u00edsticas principais:<\/strong><\/p>\n<ul>\n<li><strong>Configura\u00e7\u00e3o da bateria:<\/strong> 3 x m\u00f3dulos de bateria Force L1 3,55 kWh + 1 x unidade de gest\u00e3o de bateria Pylontech BMU<\/li>\n<li><strong>Capacidade total utiliz\u00e1vel:<\/strong> 10,26 kWh<\/li>\n<li><strong>Escalabilidade:<\/strong> Possibilidade de aumentar a escala adicionando at\u00e9 2 m\u00f3dulos Force L1 adicionais mais tarde, aumentando a capacidade utiliz\u00e1vel para at\u00e9 24,86 kWh.<\/li>\n<li><strong>Integra\u00e7\u00e3o industrial vertical:<\/strong> Oferece mais de 6.000 ciclos com a profundidade de descarga (DoD) 90%, garantindo um desempenho duradouro.<\/li>\n<li><strong>Design modular:<\/strong> Permite que os clientes finais escolham a capacidade desejada, oferecendo flexibilidade.<\/li>\n<li><strong>Compatibilidade:<\/strong> Compat\u00edvel com a maioria dos inversores h\u00edbridos dispon\u00edveis, assegurando uma integra\u00e7\u00e3o perfeita com os sistemas existentes.<\/li>\n<li><strong>Desconex\u00e3o r\u00e1pida:<\/strong> Minimiza o tempo e os custos de instala\u00e7\u00e3o, simplificando a configura\u00e7\u00e3o.<\/li>\n<li><strong>Design vers\u00e1til:<\/strong> Adequado para instala\u00e7\u00f5es interiores e exteriores, oferecendo flexibilidade na coloca\u00e7\u00e3o.<\/li>\n<\/ul>\n<p><strong>Descri\u00e7\u00e3o do produto:<\/strong><\/p>\n<p>O Pylontech Force L1 \u00e9 um sistema de baterias HESS (High Energy Storage System) de ponta, concebido para satisfazer as necessidades evolutivas dos utilizadores. Incorpora v\u00e1rias caracter\u00edsticas chave que o distinguem:<\/p>\n<ul>\n<li><strong>Longa vida \u00fatil:<\/strong> O Force L1 foi concebido para ser dur\u00e1vel, garantindo que satisfaz as exig\u00eancias de armazenamento de energia a longo prazo.<\/li>\n<li><strong>Elevada energia e densidade de pot\u00eancia:<\/strong> Este sistema de bateria apresenta a maior densidade de energia e pot\u00eancia da ind\u00fastria, maximizando o armazenamento de energia num design compacto.<\/li>\n<li><strong>Facilidade de instala\u00e7\u00e3o:<\/strong> O sistema foi concebido para uma f\u00e1cil instala\u00e7\u00e3o e expans\u00e3o, simplificando o processo de configura\u00e7\u00e3o para os utilizadores finais.<\/li>\n<li><strong>Escalabilidade:<\/strong> Os utilizadores podem come\u00e7ar com apenas 1 m\u00f3dulo Force L1 e expandir adicionando at\u00e9 2 m\u00f3dulos adicionais mais tarde, oferecendo escalabilidade para satisfazer as necessidades energ\u00e9ticas em constante mudan\u00e7a.<\/li>\n<li><strong>Garantia do fabricante:<\/strong> O produto \u00e9 fornecido com uma garantia do fabricante, oferecendo-lhe tranquilidade e fiabilidade. Os pormenores espec\u00edficos da garantia devem ser verificados com o Pylontech.<\/li>\n<\/ul>\n<p>O Pylontech Force L1 \u00e9 uma excelente escolha para solu\u00e7\u00f5es de armazenamento de energia residenciais e comerciais. O seu design vers\u00e1til, elevado desempenho e escalabilidade fazem dele um complemento valioso para qualquer sistema de gest\u00e3o de energia. Quer seja para energia de reserva durante falhas ou para otimizar o consumo de energia, o Force L1 proporciona uma solu\u00e7\u00e3o de armazenamento de energia fi\u00e1vel e eficiente.<\/p>","protected":false},"excerpt":{"rendered":"<p>Apresentamos-lhe o sistema de baterias de baixa tens\u00e3o Pylontech Force L1 10,26 kWh: Principais caracter\u00edsticas: Configura\u00e7\u00e3o da bateria: 3 x M\u00f3dulos de Bateria Force L1 3.55 kWh + 1 x Pylontech BMU Gerenciamento de Bateria [...]<\/p>","protected":false},"featured_media":279,"template":"","meta":{"_seopress_robots_primary_cat":"none","_seopress_titles_title":"Pylontech Force L1 10.65 - Low Voltage: The Latest and Most Powerful HESS Battery System","_seopress_titles_desc":"Discover the Pylontech Force L1 10.65, featuring high energy and power density, easy installation, and expandability. Suitable for indoor and outdoor use.","_seopress_robots_index":"","_kad_blocks_custom_css":"","_kad_blocks_head_custom_js":"","_kad_blocks_body_custom_js":"","_kad_blocks_footer_custom_js":""},"product_cat":[17],"product_tag":[],"class_list":{"0":"post-278","1":"product","2":"type-product","3":"status-publish","4":"has-post-thumbnail","6":"product_cat-home-batteries","8":"first","9":"outofstock","10":"sale","11":"taxable","12":"shipping-taxable","13":"purchasable","14":"product-type-simple"},"taxonomy_info":{"product_cat":[{"value":17,"label":"Home batteries"}]},"featured_image_src_large":["https:\/\/ownpowr.com\/wp-content\/uploads\/2022\/11\/SAM7622-0.jpeg",600,661,false],"author_info":[],"comment_info":"","_links":{"self":[{"href":"https:\/\/ownpowr.com\/pt\/wp-json\/wp\/v2\/product\/278","targetHints":{"allow":["GET"]}}],"collection":[{"href":"https:\/\/ownpowr.com\/pt\/wp-json\/wp\/v2\/product"}],"about":[{"href":"https:\/\/ownpowr.com\/pt\/wp-json\/wp\/v2\/types\/product"}],"wp:featuredmedia":[{"embeddable":true,"href":"https:\/\/ownpowr.com\/pt\/wp-json\/wp\/v2\/media\/279"}],"wp:attachment":[{"href":"https:\/\/ownpowr.com\/pt\/wp-json\/wp\/v2\/media?parent=278"}],"wp:term":[{"taxonomy":"product_cat","embeddable":true,"href":"https:\/\/ownpowr.com\/pt\/wp-json\/wp\/v2\/product_cat?post=278"},{"taxonomy":"product_tag","embeddable":true,"href":"https:\/\/ownpowr.com\/pt\/wp-json\/wp\/v2\/product_tag?post=278"}],"curies":[{"name":"wp","href":"https:\/\/api.w.org\/{rel}","templated":true}]}}