{"id":286,"date":"2023-10-05T01:24:51","date_gmt":"2023-10-04T23:24:51","guid":{"rendered":"https:\/\/ownpowr.com\/product\/pylontech-force-l1-3-55\/"},"modified":"2025-10-15T13:54:02","modified_gmt":"2025-10-15T11:54:02","slug":"pylontech-force-l1-3-55","status":"publish","type":"product","link":"https:\/\/ownpowr.com\/pt\/product\/pylontech-force-l1-3-55\/","title":{"rendered":"For\u00e7a Pylontech L1 3.55"},"content":{"rendered":"<h2><strong>O m\u00f3dulo de bateria de l\u00edtio Pylontech Force L1 de 3,55 kWh forma um sistema de bateria empilh\u00e1vel entre 2 e 7 m\u00f3dulos com um BMS externo.<\/strong><\/h2>\n<p>O Pylontech Force L1 3.55 \u00e9 composto por uma unidade de gest\u00e3o de bateria Pylontech BMU e um m\u00f3dulo de bateria Force L1 3.55kWh. Possibilidade de aumento de escala atrav\u00e9s da adi\u00e7\u00e3o posterior de at\u00e9 6 m\u00f3dulos Force L1 adicionais<\/p>\n<p>&nbsp;<\/p>\n<div class=\"row\">\n<div class=\"col-lg-6\">\n<h3><strong>Pylontech Force L1 3,55 <\/strong><strong>- Baixa tens\u00e3o<\/strong><\/h3>\n<p>O Force L1 \u00e9 o mais recente sistema de baterias HESS fornecido pela Pylontech. O car\u00e1cter de \"longa dura\u00e7\u00e3o\", a maior densidade de energia e pot\u00eancia da ind\u00fastria, o design moderno, a facilidade de instala\u00e7\u00e3o e expans\u00e3o, tudo isto reflecte as necessidades reais dos utilizadores finais e a mais forte capacidade t\u00e9cnica da Pylontech.<\/p>\n<p><strong>PylontechForceL1<\/strong>3.55 consiste num <strong>Pylontech<\/strong> Unidade de gest\u00e3o de bateria BMU e 1 m\u00f3dulo de bateria Force L1 de 3,55 kWh. Possibilidade de aumentar a escala adicionando posteriormente at\u00e9 6 m\u00f3dulos Force L1 adicionais em paralelo a esta pilha para obter uma pot\u00eancia utiliz\u00e1vel de at\u00e9 24,86 kWh.<\/p>\n<p><strong>A integra\u00e7\u00e3o industrial vertical garante mais de 6.000 ciclos com o 90% DoD<\/strong><\/p>\n<p><strong>A conce\u00e7\u00e3o modular permite aos clientes finais escolherem a capacidade<\/strong><\/p>\n<p><strong>Compat\u00edvel com a maioria dos inversores h\u00edbridos dispon\u00edveis<\/strong><\/p>\n<p><strong>A desconex\u00e3o r\u00e1pida minimiza o tempo e os custos de instala\u00e7\u00e3o<\/strong><\/p>\n<p><strong>Design bonito - adapta-se tanto ao interior como ao exterior<\/strong><\/p>\n<div id=\"ProductInfoTabs\" class=\"ui-tabs ui-widget ui-widget-content ui-corner-all epProductInfoTabs ep-js\" data-js=\"\">\n<div id=\"tab-product-description\" class=\"ui-tabs-panel ui-widget-content ui-corner-bottom\" role=\"tabpanel\" aria-labelledby=\"ui-id-1\" aria-hidden=\"false\">\n<div class=\"description\">\n<p>&nbsp;<\/p>\n<p>O m\u00f3dulo de baterias de l\u00edtio Pylontech Force L1 \u00e9 utilizado para ter um sistema de baterias empilh\u00e1veis Pylontech entre 2 e 7 m\u00f3dulos com um BMS externo, para que possa ser adaptado a diferentes sistemas de configura\u00e7\u00e3o. Com uma capacidade nominal de 3,55kWh e fabricada com ferrofosfato de l\u00edtio sem cobalto.<\/p>\n<p>Esta \u00faltima vers\u00e3o do HESS (sistema dom\u00e9stico de armazenamento de energia), herdando o conceito de conce\u00e7\u00e3o modular, combinada com uma instala\u00e7\u00e3o f\u00e1cil, liga\u00e7\u00f5es simples e compatibilidade com o exterior.<\/p>\n<p>\u00c9 a vers\u00e3o mais recente do HESS (sistema dom\u00e9stico de armazenamento de energia), herdando o conceito de design modular, combinado com uma instala\u00e7\u00e3o f\u00e1cil, conectores simples e compatibilidade com o exterior.<\/p>\n<p>Este sistema de armazenamento pode ser instalado sem a necessidade de ligar cabos entre baterias e \u00e9 empilh\u00e1vel, o que torna a instala\u00e7\u00e3o mais f\u00e1cil e r\u00e1pida. Esta \u00e9 a nova solu\u00e7\u00e3o Pylontech para o sector residencial de baixa tens\u00e3o da s\u00e9rie L, que inclui o Force L1 e o L2.<\/p>\n<p>Estes produtos consistem em v\u00e1rias baterias empilh\u00e1veis entre 2 e 7 com um BMS externo, para que se adapte a diferentes sistemas de configura\u00e7\u00e3o.<\/p>\n<p>\u00c9 particularmente adequado para locais pequenos com espa\u00e7o limitado e tamb\u00e9m para instala\u00e7\u00f5es com muita pot\u00eancia e uma longa vida \u00fatil. Este m\u00f3dulo \u00e9 instalado em conjunto com um BMS FC0048M-100 com uma tens\u00e3o nominal de 48V e uma capacidade de 47Ah. Estes sistemas t\u00eam tamb\u00e9m uma corrente de carga e descarga que pode atingir um total de 60A e prote\u00e7\u00e3o IP55.<\/p>\n<p>A simplicidade e a capacidade de empilhamento do sistema tornam-no extremamente flex\u00edvel, com a capacidade de se expandir ao longo do tempo com muita facilidade. Outro aspeto importante \u00e9, sem d\u00favida, a profundidade de descarga, com o 90%. Al\u00e9m disso, os dispositivos podem ser combinados com v\u00e1rios tipos de inversores, mesmo com a fun\u00e7\u00e3o EPS integrada.<\/p>\n<p>As suas principais caracter\u00edsticas incluem o design modular que oferece a m\u00e1xima flexibilidade, a c\u00e9lula LFP interna que permite uma vida mais longa e maior seguran\u00e7a, liga\u00e7\u00f5es r\u00e1pidas para poupar tempo de instala\u00e7\u00e3o e um BMS comprovado com a mais ampla compatibilidade com inversores.<\/p>\n<p>A bateria tem uma garantia legal de 3 anos e uma garantia do fabricante de 10 anos.<\/p>\n<p>&nbsp;<\/p>\n<h3><strong>Dados t\u00e9cnicos do m\u00f3dulo de bateria de l\u00edtio Pylontech Force L1<\/strong><\/h3>\n<p>- Capacidade da bateria: 3,55 kWh<br \/>\n- Gama de tens\u00f5es: 44.5 -54h<br \/>\n- Capacidade \u00fatil: 4600W<br \/>\n- Grau de prote\u00e7\u00e3o: IP55<br \/>\n- Porta de comunica\u00e7\u00e3o: RS485<br \/>\n- Garantia: 10 anos (respeitando os requisitos do fabricante).<\/p>\n<\/div>\n<\/div>\n<\/div>\n<\/div>\n<\/div>","protected":false},"excerpt":{"rendered":"<p>O m\u00f3dulo de bateria de l\u00edtio Pylontech Force L1 3,55 kWh forma um sistema de bateria empilh\u00e1vel entre 2 e 7 m\u00f3dulos com um BMS externo. O Pylontech Force L1 3.55 \u00e9 composto por uma BMU Pylontech [...]<\/p>","protected":false},"featured_media":287,"template":"","meta":{"_seopress_robots_primary_cat":"none","_seopress_titles_title":"","_seopress_titles_desc":"","_seopress_robots_index":"","_kad_blocks_custom_css":"","_kad_blocks_head_custom_js":"","_kad_blocks_body_custom_js":"","_kad_blocks_footer_custom_js":""},"product_cat":[17],"product_tag":[],"class_list":{"0":"post-286","1":"product","2":"type-product","3":"status-publish","4":"has-post-thumbnail","6":"product_cat-home-batteries","8":"first","9":"outofstock","10":"sale","11":"taxable","12":"shipping-taxable","13":"purchasable","14":"product-type-simple"},"taxonomy_info":{"product_cat":[{"value":17,"label":"Home batteries"}]},"featured_image_src_large":["https:\/\/ownpowr.com\/wp-content\/uploads\/2022\/11\/Schermafbeelding-2022-10-15-om-12.07.40.png",822,504,false],"author_info":[],"comment_info":"","_links":{"self":[{"href":"https:\/\/ownpowr.com\/pt\/wp-json\/wp\/v2\/product\/286","targetHints":{"allow":["GET"]}}],"collection":[{"href":"https:\/\/ownpowr.com\/pt\/wp-json\/wp\/v2\/product"}],"about":[{"href":"https:\/\/ownpowr.com\/pt\/wp-json\/wp\/v2\/types\/product"}],"wp:featuredmedia":[{"embeddable":true,"href":"https:\/\/ownpowr.com\/pt\/wp-json\/wp\/v2\/media\/287"}],"wp:attachment":[{"href":"https:\/\/ownpowr.com\/pt\/wp-json\/wp\/v2\/media?parent=286"}],"wp:term":[{"taxonomy":"product_cat","embeddable":true,"href":"https:\/\/ownpowr.com\/pt\/wp-json\/wp\/v2\/product_cat?post=286"},{"taxonomy":"product_tag","embeddable":true,"href":"https:\/\/ownpowr.com\/pt\/wp-json\/wp\/v2\/product_tag?post=286"}],"curies":[{"name":"wp","href":"https:\/\/api.w.org\/{rel}","templated":true}]}}