{"id":3719,"date":"2023-10-19T17:21:57","date_gmt":"2023-10-19T15:21:57","guid":{"rendered":"https:\/\/ownpowr.com\/?post_type=product&#038;p=3719"},"modified":"2025-08-25T14:40:54","modified_gmt":"2025-08-25T12:40:54","slug":"blauhoff-maxus-100k-258kwh-all-in-one-8000-cycles-10-year-warantee","status":"publish","type":"product","link":"https:\/\/ownpowr.com\/pt\/product\/blauhoff-maxus-100k-258kwh-tudo-em-um-8000-ciclos-10-anos-de-garantia\/","title":{"rendered":"Blauhoff Maxus Arm\u00e1rio de armazenamento de energia tudo-em-um 125K\/258kWh"},"content":{"rendered":"<h3>Blauhoff Maxus 125K\/258kWh Arm\u00e1rio de armazenamento de energia tudo-em-um Garantia de 10 anos 8000 ciclos<\/h3>\n<p><strong>Todos os sistemas de bateria Blauhoff t\u00eam 10 anos de garantia para as c\u00e9lulas e 5 anos de garantia para o inversor, sem qualquer tipo de pagamento adicional!<\/strong><\/p>\n<p><strong>N\u00e3o \u00e9 o caso da maioria das outras marcas e a garantia \u00e9 limitada a apenas 3-5 anos!<\/strong><\/p>\n<p><strong>C\u00e9lulas prism\u00e1ticas para a mais alta qualidade e maior vida \u00fatil, 8000 ciclos e 10 anos de garantia para as c\u00e9lulas sem custos adicionais e 5 anos para o conjunto.<\/strong><\/p>\n<p>&nbsp;<\/p>\n<p>A s\u00e9rie BLH-125K\/258KwH-Maxus, um ESS comercial e industrial tudo-em-um com arrefecimento l\u00edquido, \u00e9<br \/>\nintegrado com conversor de armazenamento de energia, bateria, BMS, EMS, gest\u00e3o t\u00e9rmica,<br \/>\ndistribui\u00e7\u00e3o de energia, prote\u00e7\u00e3o contra inc\u00eandios, etc. O design tudo-em-um \u00e9 f\u00e1cil de instalar e<br \/>\nO&amp;M. Entretanto, a conce\u00e7\u00e3o de seguran\u00e7a do sistema garante um melhor desempenho da bateria<br \/>\ne uma vida \u00fatil mais longa. V\u00e1rios conjuntos de arm\u00e1rios podem ser diretamente ligados em paralelo at\u00e9 30 pe\u00e7as para<br \/>\nrealizar a expans\u00e3o do sistema de armazenamento de energia.<\/p>\n<h4>Econ\u00f3mico:<\/h4>\n<p>ESS altamente integrado para uma f\u00e1cil<br \/>\ntransporte e O&amp;M. Os<br \/>\nA conce\u00e7\u00e3o integrada permite que o s\u00edtio<br \/>\npode ser rapidamente instalado e utilizado.<\/p>\n<p>Fun\u00e7\u00e3o de c\u00f3pia de seguran\u00e7a<\/p>\n<p>Fun\u00e7\u00e3o Peakshave<\/p>\n<p>Fun\u00e7\u00e3o PV<\/p>\n<h4>Arrefecimento l\u00edquido:<\/h4>\n<p>O desvio de temperatura de<br \/>\nc\u00e9lulas de bateria em todo o<br \/>\n\u00e9 de 3\u00b0C, devido a<br \/>\nsistema inteligente de arrefecimento l\u00edquido.<br \/>\nPode aumentar o tempo de vida do<br \/>\nc\u00e9lulas de bateria at\u00e9 20%.<\/p>\n<h4>Seguro:<\/h4>\n<p>O sistema tem quatro n\u00edveis<br \/>\nestrutura de gest\u00e3o que<br \/>\npode fornecer com precis\u00e3o<br \/>\nprote\u00e7\u00e3o do circuito, sobrecorrente<br \/>\nprote\u00e7\u00e3o, sobretens\u00e3o<br \/>\nprote\u00e7\u00e3o, subtens\u00e3o<br \/>\nprote\u00e7\u00e3o, temperatura excessiva<br \/>\nprote\u00e7\u00e3o, etc.<\/p>\n<p>VDE4100<\/p>\n<p>IEC62619<\/p>\n<p>IEC61000<\/p>\n<p>UL9540A<\/p>\n<p>EN50549<\/p>\n<h4>Ficha de dados :<\/h4>\n<p><a href=\"https:\/\/ownpowr.com\/wp-content\/uploads\/2023\/10\/blauhoff_sd-125-258_energy_storage_cabinet.pdf\">Blauhoff_SD-125-258_Energy_Storage_Cabinet<\/a><\/p>\n<p><iframe title=\"Blauhoff ESS Tudo em um\" width=\"1140\" height=\"641\" src=\"https:\/\/www.youtube.com\/embed\/4ygzOwu-j7I?feature=oembed\" frameborder=\"0\" allow=\"accelerometer; autoplay; clipboard-write; encrypted-media; gyroscope; picture-in-picture; web-share\" referrerpolicy=\"strict-origin-when-cross-origin\" allowfullscreen><\/iframe><\/p>","protected":false},"excerpt":{"rendered":"<p><a href=\"https:\/\/ownpowr.com\/wp-content\/uploads\/2023\/10\/blauhoff_sd-125-258_energy_storage_cabinet.pdf\">Blauhoff_SD-125-258_Energy_Storage_Cabinet<\/a><\/p>\n<p>Aten\u00e7\u00e3o, o pre\u00e7o \u00e9 sem IVA e sem instala\u00e7\u00e3o<\/p>","protected":false},"featured_media":3781,"template":"","meta":{"_seopress_robots_primary_cat":"none","_seopress_titles_title":"Blauhoff Maxus 100K\/258kWh All In One Energy Storage System","_seopress_titles_desc":"Get this Energy Storage System for commercial and industrial use with liquid cooling, easy installation, and outstanding safety features","_seopress_robots_index":"","_kad_blocks_custom_css":"","_kad_blocks_head_custom_js":"","_kad_blocks_body_custom_js":"","_kad_blocks_footer_custom_js":""},"product_cat":[17,19],"product_tag":[],"class_list":{"0":"post-3719","1":"product","2":"type-product","3":"status-publish","4":"has-post-thumbnail","6":"product_cat-home-batteries","7":"product_cat-sets-with-inverters","9":"first","10":"instock","11":"sale","12":"taxable","13":"shipping-taxable","14":"purchasable","15":"product-type-simple"},"taxonomy_info":{"product_cat":[{"value":17,"label":"Home batteries"},{"value":19,"label":"Sets with inverters"}]},"featured_image_src_large":["https:\/\/ownpowr.com\/wp-content\/uploads\/2023\/10\/platte-tekst-toevoegen-1-2-1024x1024.png",1024,1024,true],"author_info":[],"comment_info":"","_links":{"self":[{"href":"https:\/\/ownpowr.com\/pt\/wp-json\/wp\/v2\/product\/3719","targetHints":{"allow":["GET"]}}],"collection":[{"href":"https:\/\/ownpowr.com\/pt\/wp-json\/wp\/v2\/product"}],"about":[{"href":"https:\/\/ownpowr.com\/pt\/wp-json\/wp\/v2\/types\/product"}],"wp:featuredmedia":[{"embeddable":true,"href":"https:\/\/ownpowr.com\/pt\/wp-json\/wp\/v2\/media\/3781"}],"wp:attachment":[{"href":"https:\/\/ownpowr.com\/pt\/wp-json\/wp\/v2\/media?parent=3719"}],"wp:term":[{"taxonomy":"product_cat","embeddable":true,"href":"https:\/\/ownpowr.com\/pt\/wp-json\/wp\/v2\/product_cat?post=3719"},{"taxonomy":"product_tag","embeddable":true,"href":"https:\/\/ownpowr.com\/pt\/wp-json\/wp\/v2\/product_tag?post=3719"}],"curies":[{"name":"wp","href":"https:\/\/api.w.org\/{rel}","templated":true}]}}