{"id":4030,"date":"2025-01-30T09:44:01","date_gmt":"2025-01-30T07:44:01","guid":{"rendered":"https:\/\/ownpowr.com\/?post_type=product&#038;p=4030"},"modified":"2025-08-25T15:06:43","modified_gmt":"2025-08-25T13:06:43","slug":"blauhoff-maxus-all-in-one-500k-1156kwh-energy-storage-cabinet-liquid-cooled","status":"publish","type":"product","link":"https:\/\/ownpowr.com\/pt\/product\/blauhoff-maxus-all-in-one-500k-1032kwh-armario-de-armazenamento-de-energia-arrefecido-a-liquido\/","title":{"rendered":"Blauhoff Maxus Arm\u00e1rio de armazenamento de energia All in One 500K\/1156kWh Refrigerado a l\u00edquido 1 Megawatt"},"content":{"rendered":"<p><strong>Todos os sistemas de bateria Blauhoff t\u00eam 10 anos de garantia para as c\u00e9lulas e 5 anos de garantia para o inversor, sem qualquer tipo de pagamento adicional!<\/strong><\/p>\n<p><strong>N\u00e3o \u00e9 o caso da maioria das outras marcas e a garantia \u00e9 limitada a apenas 3-5 anos!<\/strong><\/p>\n<p><strong>C\u00e9lulas prism\u00e1ticas para a mais alta qualidade e maior vida \u00fatil, 8000 ciclos e 10 anos de garantia para as c\u00e9lulas sem custos adicionais e 5 anos para o conjunto.<\/strong><\/p>\n<p>&nbsp;<\/p>\n<p>Blauhoff Maxus All in One 500K-1156kWh = 2 mWh Arrefecimento por l\u00edquido Garantia de 10 anos 8000 ciclos<\/p>\n<p>C\u00e9lulas prism\u00e1ticas para uma qualidade mais elevada e uma vida \u00fatil mais longa e 8000 ciclos<\/p>\n<p>ESS totalmente integrado para facilitar o transporte e a O&amp;M.<\/p>\n<p>O design integrado e modular torna-o r\u00e1pido de montar e utilizar, 2-3 horas de trabalho por unidade<\/p>\n<p>Blauhoff BLH-100K-2064kWh-Maxus, um ESS comercial e industrial tudo-em-um com arrefecimento l\u00edquido, est\u00e1 integrado com conversor de armazenamento de energia, bateria, BMS, EMS, gest\u00e3o t\u00e9rmica, distribui\u00e7\u00e3o de energia, prote\u00e7\u00e3o contra inc\u00eandios, etc.<\/p>\n<p>Neste caso, 8 pe\u00e7as.<\/p>\n<p>O design tudo-em-um \u00e9 f\u00e1cil de instalar e O&amp;M e est\u00e1 equipado com fun\u00e7\u00e3o de backup e fun\u00e7\u00e3o PV.<\/p>\n<p>A conce\u00e7\u00e3o de seguran\u00e7a do sistema garante um melhor desempenho da bateria e uma vida \u00fatil mais longa<br \/>\nvida \u00fatil. V\u00e1rios conjuntos de arm\u00e1rios podem ser diretamente ligados em paralelo at\u00e9 30 unidades para realizar o armazenamento de energia<br \/>\nexpans\u00e3o do sistema. \u00c9 super f\u00e1cil de escalar e port\u00e1til.<\/p>\n<p>Arrefecimento l\u00edquido :<br \/>\nO desvio de temperatura das c\u00e9lulas da bateria<br \/>\nem todo o sistema est\u00e1 dentro de \u00b11,5\u00b0C devido a<br \/>\nsistema inteligente de arrefecimento l\u00edquido. Pode<br \/>\nprolongar a vida \u00fatil do sistema at\u00e9<br \/>\n30%, aumente a efici\u00eancia do sistema a longo prazo<br \/>\nat\u00e9 88,5%.<\/p>\n<p>Seguro<br \/>\nO sistema tem quatro n\u00edveis de gest\u00e3o<br \/>\nestrutura que pode fornecer<br \/>\nprote\u00e7\u00e3o contra curto-circuitos, sobreintensidades<br \/>\nprote\u00e7\u00e3o, prote\u00e7\u00e3o contra sobretens\u00e3o,<br \/>\nprote\u00e7\u00e3o contra subtens\u00e3o, sobretemperatura<br \/>\nprote\u00e7\u00e3o, etc.<\/p>\n<p>VDE4100<\/p>\n<p>IEC62619<\/p>\n<p>IEC61000<\/p>\n<p>UL9540A<\/p>\n<p>EN50549<\/p>\n<h3><span style=\"font-size: 16px\">Ficha de dados :<\/span><\/h3>\n<p><a href=\"https:\/\/blauhoff.nl\/wp-content\/uploads\/2023\/10\/Blauhoff_SD-125-258_Energy_Storage_Cabinet.pdf\" target=\"_blank\" rel=\"noopener\">Blauhoff_SD-125-258_Energy_Storage_Cabinet<\/a><\/p>\n<p>ATEN\u00c7\u00c3O!<\/p>\n<p>Devido \u00e0 integra\u00e7\u00e3o e complexidade, este pre\u00e7o n\u00e3o inclui IVA nem montagem.<\/p>\n<p>A montagem \u00e9 efectuada pelo seu instalador local com a ajuda do nosso pessoal t\u00e9cnico.<\/p>\n<p><iframe title=\"Blauhoff ESS Tudo em um\" width=\"1140\" height=\"641\" src=\"https:\/\/www.youtube.com\/embed\/4ygzOwu-j7I?feature=oembed\" frameborder=\"0\" allow=\"accelerometer; autoplay; clipboard-write; encrypted-media; gyroscope; picture-in-picture; web-share\" referrerpolicy=\"strict-origin-when-cross-origin\" allowfullscreen><\/iframe><\/p>","protected":false},"excerpt":{"rendered":"<p>Todos os sistemas de baterias Blauhoff t\u00eam 10 anos de garantia para as c\u00e9lulas e 5 anos de garantia para o inversor, sem qualquer tipo de pagamento adicional! Este n\u00e3o \u00e9 o caso [...]<\/p>","protected":false},"featured_media":4028,"template":"","meta":{"_seopress_robots_primary_cat":"none","_seopress_titles_title":"Blauhoff Maxus All in One 500K\/1032kWh Energy Storage Cabinet Liquid cooled","_seopress_titles_desc":"Discover the game-changing products offered by OwnPowr to enhance your online presence and capture your target audience. Start growing your business today!","_seopress_robots_index":"","_kad_blocks_custom_css":"","_kad_blocks_head_custom_js":"","_kad_blocks_body_custom_js":"","_kad_blocks_footer_custom_js":""},"product_cat":[17,19],"product_tag":[],"class_list":{"0":"post-4030","1":"product","2":"type-product","3":"status-publish","4":"has-post-thumbnail","6":"product_cat-home-batteries","7":"product_cat-sets-with-inverters","9":"first","10":"instock","11":"taxable","12":"shipping-taxable","13":"purchasable","14":"product-type-simple"},"taxonomy_info":{"product_cat":[{"value":17,"label":"Home batteries"},{"value":19,"label":"Sets with inverters"}]},"featured_image_src_large":["https:\/\/ownpowr.com\/wp-content\/uploads\/2023\/10\/blauhoff-maxus.png",300,300,false],"author_info":[],"comment_info":"","_links":{"self":[{"href":"https:\/\/ownpowr.com\/pt\/wp-json\/wp\/v2\/product\/4030","targetHints":{"allow":["GET"]}}],"collection":[{"href":"https:\/\/ownpowr.com\/pt\/wp-json\/wp\/v2\/product"}],"about":[{"href":"https:\/\/ownpowr.com\/pt\/wp-json\/wp\/v2\/types\/product"}],"wp:featuredmedia":[{"embeddable":true,"href":"https:\/\/ownpowr.com\/pt\/wp-json\/wp\/v2\/media\/4028"}],"wp:attachment":[{"href":"https:\/\/ownpowr.com\/pt\/wp-json\/wp\/v2\/media?parent=4030"}],"wp:term":[{"taxonomy":"product_cat","embeddable":true,"href":"https:\/\/ownpowr.com\/pt\/wp-json\/wp\/v2\/product_cat?post=4030"},{"taxonomy":"product_tag","embeddable":true,"href":"https:\/\/ownpowr.com\/pt\/wp-json\/wp\/v2\/product_tag?post=4030"}],"curies":[{"name":"wp","href":"https:\/\/api.w.org\/{rel}","templated":true}]}}