{"id":405,"date":"2023-10-05T01:24:56","date_gmt":"2023-10-04T23:24:56","guid":{"rendered":"https:\/\/ownpowr.com\/product\/pytes-e-box-48100r\/"},"modified":"2024-10-16T15:58:23","modified_gmt":"2024-10-16T13:58:23","slug":"pytes-e-box-48100r","status":"publish","type":"product","link":"https:\/\/ownpowr.com\/pt\/product\/pytes-e-box-48100r\/","title":{"rendered":"PYTES E-BOX 48100R"},"content":{"rendered":"<p>A bateria dom\u00e9stica Pytes para os seus pain\u00e9is solares \u00e9 a bateria de l\u00edtio LFP de nova gera\u00e7\u00e3o para armazenamento de energia dom\u00e9stica.<\/p>\n<p>Esta bateria dom\u00e9stica \u00e9 uma bateria LFP standard segura, bem concebida e potente para a sua casa ou empresa.<br \/>\nA bateria \u00e9 compacta e modular e adequada para os seus pain\u00e9is solares \u00e9 compacta, f\u00e1cil de instalar, n\u00e3o necessita de manuten\u00e7\u00e3o e pode ser utilizada como bloco de constru\u00e7\u00e3o de um sistema de armazenamento de energia quando montada em paralelo. \u00c9 amplamente utilizada em casas para armazenamento de energia, ou em<br \/>\npequenos sistemas de armazenamento de energia comerciais e industriais, como esta\u00e7\u00f5es de telecomunica\u00e7\u00f5es.<\/p>\n<p>O m\u00e1ximo mont\u00e1vel em paralelo \u00e9 de 8 * 5,12 kwh = 40,96 kwh, e com um HUB adicionado 56 * 5,12 kwh = 280 KwH<\/p>\n<p>Caracter\u00edsticas da bateria dom\u00e9stica PYTES E-BOX 48100R:<\/p>\n<ol>\n<li><strong>Impressionante garantia de 10 anos:<\/strong> Pode contar com esta bateria dom\u00e9stica a longo prazo, apoiada por uma s\u00f3lida garantia de 10 anos.<\/li>\n<li><strong>Gest\u00e3o inteligente da energia:<\/strong> A PYTES E-BOX 48100R permite-lhe uma auto-gest\u00e3o completa das suas necessidades energ\u00e9ticas. Armazena eficientemente o excesso de energia gerada pelos seus pain\u00e9is solares, medindo, monitorizando e gerindo o processo de perto. A energia est\u00e1 prontamente dispon\u00edvel quando mais precisa dela, gra\u00e7as a algoritmos inteligentes que optimizam a vida \u00fatil do sistema.<\/li>\n<li><strong>Energia de reserva e de emerg\u00eancia:<\/strong> Fique descansado sabendo que esta bateria dom\u00e9stica fornece energia de reserva e de emerg\u00eancia fi\u00e1vel quando a rede falha ou passa por mais de 6000 ciclos, garantindo longevidade e seguran\u00e7a.<\/li>\n<li><strong>Ampla compatibilidade:<\/strong> A bateria dom\u00e9stica PYTES E-BOX 48100R foi concebida com uma ampla compatibilidade em mente, integrando-se perfeitamente em v\u00e1rias configura\u00e7\u00f5es.<\/li>\n<li><strong>Poupan\u00e7a na fatura energ\u00e9tica:<\/strong> Durante as horas de vazio, a bateria dom\u00e9stica carrega-se de forma inteligente utilizando um inversor e descarrega-se durante os per\u00edodos de ponta. Esta estrat\u00e9gia conduz a uma redu\u00e7\u00e3o significativa da sua fatura energ\u00e9tica ao longo do tempo.<\/li>\n<\/ol>\n<p>Especifica\u00e7\u00f5es t\u00e9cnicas:<\/p>\n<ul>\n<li><strong>Modelo:<\/strong> 48100R<\/li>\n<li><strong>Qu\u00edmica da bateria:<\/strong> Fosfato de ferro-l\u00edtio (LFP)<\/li>\n<li><strong>Tens\u00e3o nominal:<\/strong> 51.2V<\/li>\n<li><strong>Gama de tens\u00f5es:<\/strong> 47,5V-57,6V<\/li>\n<li><strong>Capacidade nominal:<\/strong> 100Ah<\/li>\n<li><strong>Energia nominal:<\/strong> 5,12kWh<\/li>\n<li><strong>Dimens\u00f5es da unidade:<\/strong> L440mm x B620mm x H117mm (2,6U)<\/li>\n<li><strong>Peso unit\u00e1rio:<\/strong> 51 kg<\/li>\n<li><strong>Corrente de carga padr\u00e3o:<\/strong> 50A<\/li>\n<li><strong>Corrente m\u00e1xima de carregamento:<\/strong> 50A<\/li>\n<li><strong>Corrente de descarga padr\u00e3o:<\/strong> 50A<\/li>\n<li><strong>Taxa m\u00e1xima de descarga:<\/strong> 50A<\/li>\n<li><strong>Efici\u00eancia de ida e volta:<\/strong> \u226595%<\/li>\n<li><strong>Protocolos de comunica\u00e7\u00e3o:<\/strong> RS232, RS485, CAN<\/li>\n<li><strong>Ciclo de vida:<\/strong> \u22656000 ciclos<\/li>\n<li><strong>Calend\u00e1rio de vida:<\/strong> \u226510 anos<\/li>\n<li><strong>Temperatura de funcionamento:<\/strong> -10\u00b0C a 50\u00b0C<\/li>\n<li><strong>Estilo de liga\u00e7\u00e3o:<\/strong> Paralelo<\/li>\n<li><strong>Temperatura de armazenamento:<\/strong> Dentro de 1 m\u00eas: -20\u00b0C a 55\u00b0C, 1-3 meses: 0\u00b0C a 35\u00b0C, 3-12 meses: 20\u00b0C a 25\u00b0C<\/li>\n<li><strong>Painel de controlo:<\/strong> As op\u00e7\u00f5es de instala\u00e7\u00e3o f\u00e1ceis incluem a montagem individual na parede utilizando os suportes fornecidos ou combinando-o elegantemente com a elegante homebox.<\/li>\n<\/ul>","protected":false},"excerpt":{"rendered":"<p>A bateria dom\u00e9stica Pytes para os seus pain\u00e9is solares \u00e9 a bateria de l\u00edtio LFP de nova gera\u00e7\u00e3o para armazenamento de energia dom\u00e9stica. Esta bateria dom\u00e9stica \u00e9 uma bateria standard segura, bem concebida e potente [...]<\/p>","protected":false},"featured_media":406,"template":"","meta":{"_seopress_robots_primary_cat":"none","_seopress_titles_title":"The Pytes Home Battery: A Safe, Powerful LFP Lithium Battery for Solar Panels","_seopress_titles_desc":"Experience complete energy self-management with this compact, easy-to-install home battery. Store excess energy, reduce bills, and enjoy a 10-year warranty!","_seopress_robots_index":"","_kad_blocks_custom_css":"","_kad_blocks_head_custom_js":"","_kad_blocks_body_custom_js":"","_kad_blocks_footer_custom_js":""},"product_cat":[17],"product_tag":[],"class_list":{"0":"post-405","1":"product","2":"type-product","3":"status-publish","4":"has-post-thumbnail","6":"product_cat-home-batteries","8":"first","9":"instock","10":"sale","11":"taxable","12":"shipping-taxable","13":"purchasable","14":"product-type-simple"},"taxonomy_info":{"product_cat":[{"value":17,"label":"Home batteries"}]},"featured_image_src_large":["https:\/\/ownpowr.com\/wp-content\/uploads\/2022\/11\/48100R\u8be6\u60c5-920x640_08-420x420-1.jpeg",420,420,false],"author_info":[],"comment_info":"","_links":{"self":[{"href":"https:\/\/ownpowr.com\/pt\/wp-json\/wp\/v2\/product\/405","targetHints":{"allow":["GET"]}}],"collection":[{"href":"https:\/\/ownpowr.com\/pt\/wp-json\/wp\/v2\/product"}],"about":[{"href":"https:\/\/ownpowr.com\/pt\/wp-json\/wp\/v2\/types\/product"}],"wp:featuredmedia":[{"embeddable":true,"href":"https:\/\/ownpowr.com\/pt\/wp-json\/wp\/v2\/media\/406"}],"wp:attachment":[{"href":"https:\/\/ownpowr.com\/pt\/wp-json\/wp\/v2\/media?parent=405"}],"wp:term":[{"taxonomy":"product_cat","embeddable":true,"href":"https:\/\/ownpowr.com\/pt\/wp-json\/wp\/v2\/product_cat?post=405"},{"taxonomy":"product_tag","embeddable":true,"href":"https:\/\/ownpowr.com\/pt\/wp-json\/wp\/v2\/product_tag?post=405"}],"curies":[{"name":"wp","href":"https:\/\/api.w.org\/{rel}","templated":true}]}}