{"id":4066,"date":"2023-10-27T15:05:46","date_gmt":"2023-10-27T13:05:46","guid":{"rendered":"https:\/\/ownpowr.com\/?post_type=product&#038;p=4066"},"modified":"2025-02-27T12:52:29","modified_gmt":"2025-02-27T10:52:29","slug":"deye-micro-inverter-sun600","status":"publish","type":"product","link":"https:\/\/ownpowr.com\/pt\/product\/deye-micro-inversor-sun600-apenas-por-caixa-4-pecas\/","title":{"rendered":"Micro-inversor Deye-SUN600"},"content":{"rendered":"<div class=\"left column\">\n<h1>DEYE SUN600\/800\/1000G3-US-220\/EU-230 |600-1000W| Monof\u00e1sico | 2 MPPT | Micro-inversor | Desligamento r\u00e1pido<\/h1>\n<p>Rendimentos mais elevados \/ Seguro \/ Inteligente \/ F\u00e1cil de utilizar<\/p>\n<div class=\"text\">\n<p>O SUN 600\/800\/1000G3 \u00e9 um microinversor ligado \u00e0 rede de nova gera\u00e7\u00e3o com sistemas inteligentes de rede e monitoriza\u00e7\u00e3o para garantir a m\u00e1xima efici\u00eancia. O SUN 600\/800\/1000G3 est\u00e1 optimizado para acomodar eficazmente os actuais m\u00f3dulos fotovoltaicos de alta pot\u00eancia com at\u00e9 500 W de sa\u00edda e MPPT duplo. Al\u00e9m disso, suporta a aplica\u00e7\u00e3o de encerramento r\u00e1pido, garantindo a seguran\u00e7a do seu investimento.<\/p>\n<\/div>\n<\/div>\n<div class=\"prodet-2\">\n<div class=\"ui container\">\n<div class=\"box grid-box\">\n<div class=\"right column\">\n<h2 class=\"titleBig\">Fun\u00e7\u00e3o de encerramento \u00e0 dist\u00e2ncia<\/h2>\n<h4>Plataforma de monitoriza\u00e7\u00e3o inteligente<\/h4>\n<p>Gra\u00e7as \u00e0 plataforma de monitoriza\u00e7\u00e3o inteligente, os produtos inversores da s\u00e9rie completa Deye suportam o encerramento remoto imediato em caso de acidente.<\/p>\n<\/div>\n<\/div>\n<\/div>\n<\/div>\n<div class=\"prodet-3\">\n<div class=\"ui container\">\n<div class=\"box grid-box\">\n<div class=\"left column\">\n<div class=\"slick-list draggable\">\n<div class=\"slick-track\">\n<div class=\"slick-slide slick-cloned\" data-slick-index=\"-2\" aria-hidden=\"true\">\n<ul>\n<li>Monitoriza\u00e7\u00e3o do n\u00edvel do m\u00f3dulo, mais seguro e mais inteligente<\/li>\n<li>M\u00e1x. Corrente de entrada DC 13A, adaptada a um m\u00f3dulo PV de 500W<\/li>\n<li>Fun\u00e7\u00e3o de paragem r\u00e1pida<\/li>\n<li>Grau de prote\u00e7\u00e3o IP67\uff0c10 anos de garantia<\/li>\n<li>Comunica\u00e7\u00e3o PLC, Zigbee ou WIFI<\/li>\n<li>2 localizadores MPP, monitoriza\u00e7\u00e3o ao n\u00edvel do m\u00f3dulo<\/li>\n<\/ul>\n<\/div>\n<div class=\"slick-slide slick-cloned\" data-slick-index=\"-1\" aria-hidden=\"true\">\n<div id=\"av_articleherstbezeichnung\">\n<h1 class=\"av_fontnormal\">DEYE SUN600<\/h1>\n<\/div>\n<div id=\"av_articletext\" class=\"clearfix\"><span class=\"artbesch\">Pequeno inversor com elevado desempenho<br \/>\nMicro-inversor inteligente para alimentar a sua rede el\u00e9ctrica dom\u00e9stica. Este inversor \u00e9 f\u00e1cil de instalar e configurar. Pode montar pain\u00e9is solares de quase todos os fabricantes. Ideal para pequenos sistemas solares, por exemplo, em varandas, casas de jardim, garagens ou \u00e1reas com sombras.<\/span><b>Entrega atualmente sem acoplamento e tampa Betteri! Por favor, encomende diretamente<\/b><\/p>\n<ul type=\"disc\">\n<li>Interfaces: WiFi<\/li>\n<li>design compacto<\/li>\n<li>Montagem no exterior, diretamente no m\u00f3dulo solar<\/li>\n<li>Arrefecimento por convec\u00e7\u00e3o<\/li>\n<li>Seguimento do ponto de pot\u00eancia m\u00e1xima (MPPT)<\/li>\n<li>fun\u00e7\u00e3o de arranque r\u00e1pido at\u00e9 12 segundos<\/li>\n<li>seguro devido \u00e0 fun\u00e7\u00e3o de paragem r\u00e1pida<\/li>\n<li>Monitoriza\u00e7\u00e3o de defeitos \u00e0 terra<\/li>\n<li>Monitoriza\u00e7\u00e3o da rede el\u00e9ctrica<\/li>\n<li>monitoriza\u00e7\u00e3o da corrente residual<\/li>\n<li>Classe de prote\u00e7\u00e3o IP 67<\/li>\n<\/ul>\n<p>&nbsp;<\/p>\n<p><b>Monitoriza\u00e7\u00e3o inteligente:<\/b><br \/>\nAcompanhe os seus sucessos em qualquer altura! A interface WLAN integrada permite-lhe integrar este inversor na sua rede.<br \/>\nO acesso atrav\u00e9s da aplica\u00e7\u00e3o SOLARMAN \u00e9 poss\u00edvel com o seu smartphone ou tablet. Al\u00e9m disso, \u00e9 poss\u00edvel aceder atrav\u00e9s do browser com o seu dispositivo final.<\/p>\n<p><b>Seguimento MPPT:<\/b><br \/>\nRendimentos m\u00e1ximos em todas as condi\u00e7\u00f5es climat\u00e9ricas. Quer se trate de mau tempo ou de sombra parcial, a tecnologia moderna e a mais recente tecnologia de fio do inversor garantem-lhe um rendimento \u00f3timo.<\/p>\n<p><b>Facilmente expans\u00edvel:<\/b><br \/>\nUm sistema com este microinversor pode ser expandido com microinversores adicionais em qualquer altura. O inversor adicional \u00e9 simplesmente ligado ao microinversor existente com a ficha Betteri.<\/p>\n<p><b>Certificado de acordo com a VDE:<\/b><br \/>\nO microinversor \u00e9 certificado de acordo com a norma VDE-AR-N-4105:2018 e pode ser operado em Germanyl. Inclui uma prote\u00e7\u00e3o NA, desliga-se imediatamente quando \u00e9 desligado da rede el\u00e9ctrica.<\/p>\n<p><b>WLAN:<\/b><br \/>\nUm m\u00f3dulo WLAN est\u00e1 integrado no microinversor. Isto significa que n\u00e3o necessita de hardware adicional para estabelecer uma liga\u00e7\u00e3o. Com a aplica\u00e7\u00e3o SOLARMAN, pode acompanhar os seus rendimentos em tempo real e visualiz\u00e1-los e analis\u00e1-los graficamente. A palavra-passe WLAN para o inversor Deye \u00e9 \"12345678\" e tem de ser introduzida uma vez durante a integra\u00e7\u00e3o na aplica\u00e7\u00e3o Solarman. N\u00e3o necessita de mais nenhum aparelho para a medi\u00e7\u00e3o de energia!<\/p>\n<p><b>Montagem:<\/b><br \/>\nO inversor tem uma classifica\u00e7\u00e3o IP 67 e \u00e9 extremamente robusto e dur\u00e1vel. O inversor \u00e9 simplesmente montado no exterior com o seu m\u00f3dulo solar.<\/p>\n<p><b>Liga\u00e7\u00e3o AC:<\/b><br \/>\nPara a liga\u00e7\u00e3o \u00e0 rede dom\u00e9stica, est\u00e1 inclu\u00edda uma ficha Betteri no lado do aparelho para montagem livre.<\/p>\n<p><b>Entrada DC - lado solar:<\/b><br \/>\nPot\u00eancia de entrada: 210 Watt - 400 Watt<br \/>\nM\u00e1ximo. Tens\u00e3o de entrada: 60 V DC<br \/>\nM\u00e1x. Corrente de entrada: 16 A<br \/>\nControlo MPP: Sim<br \/>\nLiga\u00e7\u00f5es DC: Sim<br \/>\nLiga\u00e7\u00e3o: MC4<\/p>\n<p><b>Sa\u00edda AC - Sa\u00edda da rede el\u00e9ctrica:<\/b><br \/>\nPot\u00eancia nominal: 600 watts (230 V\/50 Hz)<br \/>\nTens\u00e3o nominal de sa\u00edda: 230 V<br \/>\nCorrente de sa\u00edda: m\u00e1x. 2.9 A<br \/>\nLiga\u00e7\u00e3o: Betteri<\/p>\n<p><b>Dispositivo:<\/b><br \/>\nDimens\u00f5es (AxLxP): 229 x 212 x 40 mm<br \/>\nPeso: 3,5 kg<br \/>\nConsumo noturno: &lt; 50 mW<\/p>\n<p><b>\u00c2mbito de fornecimento:<\/b><br \/>\n1x SUN600<br \/>\n1x antena WLAN<br \/>\n1x manual (ingl\u00eas)<\/p>\n<p><b>Importante:<\/b><br \/>\nPara a configura\u00e7\u00e3o e adapta\u00e7\u00e3o das linhas el\u00e9ctricas \/ linhas de liga\u00e7\u00e3o \u00e0 casa, recomendamos que consulte sempre pessoal qualificado. A empresa reichelt elektronik GmbH &amp; Co. KG n\u00e3o assume qualquer responsabilidade. Informe-se antes da compra e da liga\u00e7\u00e3o.<\/p>\n<div id=\"clipvideo\"><strong>Mais informa\u00e7\u00f5es:<\/strong><\/div>\n<div><a href=\"https:\/\/storeyourownpower.com\/wp-content\/uploads\/2022\/12\/Datasheet-English-microinverter.pdf\" target=\"_blank\" rel=\"noopener\">Ficha de dados Microinversor ingl\u00eas<\/a><\/div>\n<div><a href=\"https:\/\/storeyourownpower.com\/wp-content\/uploads\/2022\/12\/User-Manual-Deye-microinverter.pdf\" target=\"_blank\" rel=\"noopener\">Manual do utilizador do microinversor Deye<\/a><\/div>\n<\/div>\n<\/div>\n<\/div>\n<\/div>\n<\/div>\n<\/div>\n<\/div>\n<\/div>","protected":false},"excerpt":{"rendered":"<p>DEYE SUN600\/800\/1000G3-US-220\/EU-230 |600-1000W| Monof\u00e1sico | 2 MPPT | Microinversor | Desligamento r\u00e1pido Rendimentos mais elevados \/ Seguro \/ Inteligente \/ F\u00e1cil de utilizar O SUN 600\/800\/1000G3 \u00e9 um microinversor ligado \u00e0 rede de nova gera\u00e7\u00e3o com [...]<\/p>","protected":false},"featured_media":4069,"template":"","meta":{"_seopress_robots_primary_cat":"none","_seopress_titles_title":"DEYE SUN600\/800\/1000G3-US-220\/EU-230 |600-1000W| Single Phase | 2 MPPT | Micro-Inverter | Rapid Shutdown","_seopress_titles_desc":"Get the DEYE SUN600\/800\/1000G3 microinverter for maximum efficiency and safe solar energy production. Supports rapid shutdown and smart monitoring.","_seopress_robots_index":"","_kad_blocks_custom_css":"","_kad_blocks_head_custom_js":"","_kad_blocks_body_custom_js":"","_kad_blocks_footer_custom_js":""},"product_cat":[18],"product_tag":[],"class_list":{"0":"post-4066","1":"product","2":"type-product","3":"status-publish","4":"has-post-thumbnail","6":"product_cat-hybrid-inverters","8":"first","9":"instock","10":"sale","11":"taxable","12":"shipping-taxable","13":"purchasable","14":"product-type-simple"},"taxonomy_info":{"product_cat":[{"value":18,"label":"Hybrid inverters"}]},"featured_image_src_large":["https:\/\/ownpowr.com\/wp-content\/uploads\/2023\/10\/deye-microinveretr.webp",420,420,false],"author_info":[],"comment_info":"","_links":{"self":[{"href":"https:\/\/ownpowr.com\/pt\/wp-json\/wp\/v2\/product\/4066","targetHints":{"allow":["GET"]}}],"collection":[{"href":"https:\/\/ownpowr.com\/pt\/wp-json\/wp\/v2\/product"}],"about":[{"href":"https:\/\/ownpowr.com\/pt\/wp-json\/wp\/v2\/types\/product"}],"wp:featuredmedia":[{"embeddable":true,"href":"https:\/\/ownpowr.com\/pt\/wp-json\/wp\/v2\/media\/4069"}],"wp:attachment":[{"href":"https:\/\/ownpowr.com\/pt\/wp-json\/wp\/v2\/media?parent=4066"}],"wp:term":[{"taxonomy":"product_cat","embeddable":true,"href":"https:\/\/ownpowr.com\/pt\/wp-json\/wp\/v2\/product_cat?post=4066"},{"taxonomy":"product_tag","embeddable":true,"href":"https:\/\/ownpowr.com\/pt\/wp-json\/wp\/v2\/product_tag?post=4066"}],"curies":[{"name":"wp","href":"https:\/\/api.w.org\/{rel}","templated":true}]}}