{"id":427,"date":"2023-10-04T16:42:56","date_gmt":"2023-10-04T14:42:56","guid":{"rendered":"https:\/\/ownpowr.com\/product\/pylontech-force-h1-10-65\/"},"modified":"2025-03-27T12:53:42","modified_gmt":"2025-03-27T10:53:42","slug":"pylontech-force-h1-10-65","status":"publish","type":"product","link":"https:\/\/ownpowr.com\/pt\/product\/pylontech-force-h1-10-65\/","title":{"rendered":"Pylontech for\u00e7a H1 10,65 V2"},"content":{"rendered":"<p>Apresentamos o m\u00f3dulo de bateria de alta tens\u00e3o Pylontech Force H1 de 10,65 kWh:<\/p>\n<p><strong>Caracter\u00edsticas principais:<\/strong><\/p>\n<ul>\n<li><strong>Configura\u00e7\u00e3o da bateria:<\/strong> 3 x M\u00f3dulos Force H1 3,55 kWh + 1 x Base BMU Force H1<\/li>\n<li><strong>Capacidade total utiliz\u00e1vel:<\/strong> 10,65 kWh<\/li>\n<li><strong>Integra\u00e7\u00e3o industrial vertical:<\/strong> Oferece mais de 6000 ciclos com a profundidade de descarga (DoD) 90%, garantindo um desempenho duradouro.<\/li>\n<li><strong>Design modular:<\/strong> Permite que os clientes finais escolham a capacidade pretendida, tornando-a flex\u00edvel \u00e0 escala.<\/li>\n<li><strong>Compatibilidade:<\/strong> Compat\u00edvel com a maioria dos inversores h\u00edbridos dispon\u00edveis, assegurando uma integra\u00e7\u00e3o perfeita com os sistemas existentes.<\/li>\n<li><strong>Instala\u00e7\u00e3o de atalhos:<\/strong> Minimiza o tempo e o custo de instala\u00e7\u00e3o, simplificando o processo de configura\u00e7\u00e3o.<\/li>\n<li><strong>Design vers\u00e1til:<\/strong> Adequado para instala\u00e7\u00f5es interiores e exteriores, oferecendo flexibilidade na coloca\u00e7\u00e3o.<\/li>\n<\/ul>\n<p><strong>Descri\u00e7\u00e3o do produto:<\/strong><\/p>\n<p>O Pylontech Force H1 \u00e9 o mais recente m\u00f3dulo de bateria do Sistema de Armazenamento de Alta Energia (HESS) concebido para satisfazer as necessidades em evolu\u00e7\u00e3o dos utilizadores finais. Incorpora v\u00e1rias caracter\u00edsticas chave que o distinguem:<\/p>\n<ul>\n<li><strong>Longa vida \u00fatil:<\/strong> O car\u00e1cter \"longa vida\" garante a durabilidade do sistema, tornando-o uma escolha fi\u00e1vel para necessidades de armazenamento de energia a longo prazo.<\/li>\n<li><strong>Elevada energia e densidade de pot\u00eancia:<\/strong> O Force H1 possui a maior densidade de energia e pot\u00eancia da ind\u00fastria, maximizando a capacidade de armazenamento de energia num design compacto.<\/li>\n<li><strong>Facilidade de instala\u00e7\u00e3o:<\/strong> O sistema foi concebido para uma f\u00e1cil instala\u00e7\u00e3o e expans\u00e3o, simplificando o processo de configura\u00e7\u00e3o para os utilizadores finais.<\/li>\n<li><strong>Escalabilidade:<\/strong> Os utilizadores podem come\u00e7ar com apenas 2 m\u00f3dulos de bateria Force H1 e expandi-los adicionando mais m\u00f3dulos mais tarde, oferecendo escalabilidade para satisfazer as necessidades de energia em constante mudan\u00e7a.<\/li>\n<li><strong>Garantia do fabricante:<\/strong> O produto \u00e9 fornecido com uma garantia do fabricante de 10 anos, assegurando tranquilidade e fiabilidade do produto. \u00c9 necess\u00e1rio um registo para ativar a garantia e pode encontrar mais informa\u00e7\u00f5es no s\u00edtio Web do fabricante.<\/li>\n<\/ul>\n<p>O Pylontech Force H1 \u00e9 a escolha ideal para solu\u00e7\u00f5es de armazenamento de energia residenciais e comerciais. O seu design vers\u00e1til, elevado desempenho e escalabilidade fazem dele uma adi\u00e7\u00e3o valiosa a qualquer sistema de gest\u00e3o de energia. Quer seja para energia de reserva durante falhas ou para otimizar o consumo de energia, o Force H1 proporciona uma solu\u00e7\u00e3o de armazenamento de energia fi\u00e1vel e eficiente.<\/p>\n<p><a href=\"https:\/\/storeyourownpower.com\/wp-content\/uploads\/2022\/10\/Datasheet-English-2.pdf\" target=\"_blank\" rel=\"noopener\">Folha de dados Ingl\u00eas<\/a><br \/>\n<a href=\"https:\/\/storeyourownpower.com\/wp-content\/uploads\/2022\/10\/Operation-manual-English.pdf\" target=\"_blank\" rel=\"noopener\">Manual de instru\u00e7\u00f5es Ingl\u00eas<\/a><br \/>\n<a href=\"https:\/\/storeyourownpower.com\/wp-content\/uploads\/2022\/10\/Compatibility-list-English.pdf\" target=\"_blank\" rel=\"noopener\">Lista de compatibilidade Ingl\u00eas<\/a><br \/>\n<a href=\"https:\/\/storeyourownpower.com\/wp-content\/uploads\/2022\/10\/Consumer-Warranty.pdf\" target=\"_blank\" rel=\"noopener\">Garantia do consumidor<\/a><\/p>","protected":false},"excerpt":{"rendered":"<p>Apresentamos o m\u00f3dulo de bateria de alta tens\u00e3o Pylontech Force H1 10,65 kWh: Caracter\u00edsticas principais: Configura\u00e7\u00e3o da bateria: 3 x M\u00f3dulos Force H1 3,55 kWh + 1 x Base BMU Force H1 Total [...]<\/p>","protected":false},"featured_media":428,"template":"","meta":{"_seopress_robots_primary_cat":"none","_seopress_titles_title":"Pylontech Force H1 10.65 - High Voltage Battery System","_seopress_titles_desc":"Experience the latest HESS battery system with high energy density, easy installation, and compatibility with hybrid inverters. Get up to 24.86 kWh of usable power and benefit from a 10-year manufacturer's warranty.","_seopress_robots_index":"","_kad_blocks_custom_css":"","_kad_blocks_head_custom_js":"","_kad_blocks_body_custom_js":"","_kad_blocks_footer_custom_js":""},"product_cat":[17],"product_tag":[],"class_list":{"0":"post-427","1":"product","2":"type-product","3":"status-publish","4":"has-post-thumbnail","6":"product_cat-home-batteries","8":"first","9":"instock","10":"sale","11":"taxable","12":"shipping-taxable","13":"purchasable","14":"product-type-simple"},"taxonomy_info":{"product_cat":[{"value":17,"label":"Home batteries"}]},"featured_image_src_large":["https:\/\/ownpowr.com\/wp-content\/uploads\/2022\/11\/Pylontech-Force-H1-10498-img.jpg",553,379,false],"author_info":[],"comment_info":"","_links":{"self":[{"href":"https:\/\/ownpowr.com\/pt\/wp-json\/wp\/v2\/product\/427","targetHints":{"allow":["GET"]}}],"collection":[{"href":"https:\/\/ownpowr.com\/pt\/wp-json\/wp\/v2\/product"}],"about":[{"href":"https:\/\/ownpowr.com\/pt\/wp-json\/wp\/v2\/types\/product"}],"wp:featuredmedia":[{"embeddable":true,"href":"https:\/\/ownpowr.com\/pt\/wp-json\/wp\/v2\/media\/428"}],"wp:attachment":[{"href":"https:\/\/ownpowr.com\/pt\/wp-json\/wp\/v2\/media?parent=427"}],"wp:term":[{"taxonomy":"product_cat","embeddable":true,"href":"https:\/\/ownpowr.com\/pt\/wp-json\/wp\/v2\/product_cat?post=427"},{"taxonomy":"product_tag","embeddable":true,"href":"https:\/\/ownpowr.com\/pt\/wp-json\/wp\/v2\/product_tag?post=427"}],"curies":[{"name":"wp","href":"https:\/\/api.w.org\/{rel}","templated":true}]}}