{"id":429,"date":"2023-10-04T16:42:58","date_gmt":"2023-10-04T14:42:58","guid":{"rendered":"https:\/\/ownpowr.com\/product\/pylontech-force-h1-3-55kwh-battery\/"},"modified":"2025-03-27T12:51:37","modified_gmt":"2025-03-27T10:51:37","slug":"pylontech-force-h1-3-55kwh-battery","status":"publish","type":"product","link":"https:\/\/ownpowr.com\/pt\/product\/bateria-pylontech-force-h1-3-55kwh\/","title":{"rendered":"Pylontech force H1 Bateria de 3,55 kWh V2"},"content":{"rendered":"<h3>M\u00f3dulo de bateria Pylontech Force H1 3.55kWh - Alta tens\u00e3o<\/h3>\n<p>O Force H1 \u00e9 o mais recente sistema de baterias HESS fornecido pela Pylontech. O car\u00e1cter de \"longa dura\u00e7\u00e3o\", a maior energia e densidade de pot\u00eancia da ind\u00fastria, o design moderno, a facilidade de instala\u00e7\u00e3o e expans\u00e3o, tudo isto reflecte as necessidades reais dos utilizadores finais e a mais forte capacidade t\u00e9cnica da Pylontech.<\/p>\n<p>M\u00f3dulo de bateria Pylontech Force H1 3,55 kWh para montar 1 pilha Force H1 de 2 a 7 m\u00f3dulos de bateria Force H1 em s\u00e9rie para obter uma capacidade utiliz\u00e1vel de 7,1 a 24,86 kWh. Possibilidade de aumentar a escala adicionando posteriormente m\u00f3dulos Force H1<\/p>\n<p>A integra\u00e7\u00e3o industrial vertical proporciona mais de 6000 ciclos com o 90% DoD<\/p>\n<p>A conce\u00e7\u00e3o modular permite aos clientes finais escolherem a capacidade<\/p>\n<p>Compat\u00edvel com a maioria dos inversores h\u00edbridos dispon\u00edveis<\/p>\n<p>A desconex\u00e3o r\u00e1pida minimiza o tempo e o custo da instala\u00e7\u00e3o<\/p>\n<p>Design agrad\u00e1vel - pode ser instalado tanto no interior como no exterior<\/p>\n<p>*10 anos de garantia do fabricante ap\u00f3s registo bem sucedido em <a href=\"http:\/\/en.pylontech.com.cn\/service\/support\">http:\/\/en.pylontech.com.cn\/service\/support<\/a> e de acordo com as condi\u00e7\u00f5es indicadas no documento \"Garantia limitada\" associado a este artigo.<\/p>\n<p><a href=\"https:\/\/storeyourownpower.com\/wp-content\/uploads\/2022\/10\/Datasheet-English-2.pdf\" target=\"_blank\" rel=\"noopener\">Folha de dados Ingl\u00eas<\/a><br \/>\n<a href=\"https:\/\/storeyourownpower.com\/wp-content\/uploads\/2022\/10\/Compatibility-list-English.pdf\" target=\"_blank\" rel=\"noopener\">Lista de compatibilidade Ingl\u00eas<\/a><br \/>\n<a href=\"https:\/\/storeyourownpower.com\/wp-content\/uploads\/2022\/10\/Operation-manual-English.pdf\" target=\"_blank\" rel=\"noopener\">Manual de instru\u00e7\u00f5es Ingl\u00eas<\/a><br \/>\n<a href=\"https:\/\/storeyourownpower.com\/wp-content\/uploads\/2022\/10\/Consumer-Warranty.pdf\" target=\"_blank\" rel=\"noopener\">Garantia do consumidor<\/a><\/p>","protected":false},"excerpt":{"rendered":"<p>Pylontech M\u00f3dulo de bateria Force H1 3.55kWh - Alta tens\u00e3o O Force H1 \u00e9 o mais recente sistema de bateria HESS fornecido pela Pylontech. O car\u00e1cter de \"longa dura\u00e7\u00e3o\", a maior energia e pot\u00eancia [...]<\/p>","protected":false},"featured_media":430,"template":"","meta":{"_seopress_robots_primary_cat":"none","_seopress_titles_title":"Pylontech Force H1 3.55kWh Battery Module - High Voltage","_seopress_titles_desc":"The latest HESS battery system with industry-leading features. Easily expandable, high energy density, and compatible with most hybrid inverters. 10-year warranty.","_seopress_robots_index":"","_kad_blocks_custom_css":"","_kad_blocks_head_custom_js":"","_kad_blocks_body_custom_js":"","_kad_blocks_footer_custom_js":""},"product_cat":[17],"product_tag":[],"class_list":{"0":"post-429","1":"product","2":"type-product","3":"status-publish","4":"has-post-thumbnail","6":"product_cat-home-batteries","8":"first","9":"instock","10":"sale","11":"taxable","12":"shipping-taxable","13":"purchasable","14":"product-type-simple"},"taxonomy_info":{"product_cat":[{"value":17,"label":"Home batteries"}]},"featured_image_src_large":["https:\/\/ownpowr.com\/wp-content\/uploads\/2022\/11\/Pylontech-Force-H1-3.55kWh-Battery-Module-10484-img.png",553,347,false],"author_info":[],"comment_info":"","_links":{"self":[{"href":"https:\/\/ownpowr.com\/pt\/wp-json\/wp\/v2\/product\/429","targetHints":{"allow":["GET"]}}],"collection":[{"href":"https:\/\/ownpowr.com\/pt\/wp-json\/wp\/v2\/product"}],"about":[{"href":"https:\/\/ownpowr.com\/pt\/wp-json\/wp\/v2\/types\/product"}],"wp:featuredmedia":[{"embeddable":true,"href":"https:\/\/ownpowr.com\/pt\/wp-json\/wp\/v2\/media\/430"}],"wp:attachment":[{"href":"https:\/\/ownpowr.com\/pt\/wp-json\/wp\/v2\/media?parent=429"}],"wp:term":[{"taxonomy":"product_cat","embeddable":true,"href":"https:\/\/ownpowr.com\/pt\/wp-json\/wp\/v2\/product_cat?post=429"},{"taxonomy":"product_tag","embeddable":true,"href":"https:\/\/ownpowr.com\/pt\/wp-json\/wp\/v2\/product_tag?post=429"}],"curies":[{"name":"wp","href":"https:\/\/api.w.org\/{rel}","templated":true}]}}