{"id":4519,"date":"2023-11-01T11:34:21","date_gmt":"2023-11-01T09:34:21","guid":{"rendered":"https:\/\/ownpowr.com\/?post_type=product&#038;p=4519"},"modified":"2025-03-20T16:15:10","modified_gmt":"2025-03-20T14:15:10","slug":"deye-gb-lm4-0-battery-module","status":"publish","type":"product","link":"https:\/\/ownpowr.com\/pt\/product\/modulo-de-bateria-deye-gb-lm4-0\/","title":{"rendered":"M\u00f3dulo de bateria Deye GB-LM4.0"},"content":{"rendered":"<p>O m\u00f3dulo de bateria de alta tens\u00e3o Deye GB-LM4.0 \u00e9 empilh\u00e1vel (consulte a folha de dados) nas s\u00e9ries GB-SL e GB-L deye.<\/p>\n<p>GB-LM4.0 M\u00f3dulo de bateria para bateria de alta tens\u00e3o de cluster GB-L 4kWh (HV) LiFePO4 | 40ah bateria solar<br \/>\n<strong>Seguran\u00e7a e prote\u00e7\u00e3o<\/strong><br \/>\nDispositivo de ventila\u00e7\u00e3o de explos\u00e3o incorporado para escavar o g\u00e1s e dispositivo de prote\u00e7\u00e3o contra inc\u00eandios incorporado para desligar a fonte de inc\u00eandio durante 3 segundos<br \/>\n<strong>Pilha de alta tens\u00e3o<\/strong><br \/>\nOs m\u00f3dulos s\u00e3o ligados em s\u00e9rie sem liga\u00e7\u00e3o por cabo, e a plataforma de alta tens\u00e3o melhora a efici\u00eancia do sistema.<br \/>\n<strong>Gest\u00e3o t\u00e9rmica<\/strong><br \/>\nDete\u00e7\u00e3o da temperatura de pe\u00e7as-chave, c\u00e9lulas, conectores de alimenta\u00e7\u00e3o, etc.<br \/>\n<strong>Funcionamento numa vasta gama de temperaturas<\/strong><br \/>\nA fun\u00e7\u00e3o de aquecimento \u00e9 opcional para satisfazer os cen\u00e1rios de aplica\u00e7\u00e3o com baixa temperatura e nosense.<br \/>\n<strong>Respeito pelo ambiente<\/strong><br \/>\nGrau de prote\u00e7\u00e3o IP 65, grau de prote\u00e7\u00e3o contra a corros\u00e3o \u2265C2, bateria de prote\u00e7\u00e3o ambiental<br \/>\n<strong>Inteligente e visual<\/strong><br \/>\nSuporta atualiza\u00e7\u00e3o remota, informa\u00e7\u00e3o de aviso da bateria em tempo real e ecr\u00e3 LCD de dados.<\/p>\n<p>Informa\u00e7\u00f5es gerais:<\/p>\n<p>Tipo de bateria: LiFePO4(LFP)<br \/>\nTens\u00e3o nominal: 102,4Vdc<br \/>\nCapacidade nominal: 40Ah<br \/>\nEnergia nominal: 4,09kWh<br \/>\nCorrente m\u00e1xima. Corrente de carga\/descarga: 40A<br \/>\nCorrente de pico de carga\/descarga: 50A<br \/>\nTemperatura de carga: 0~55\u00b0C<br \/>\nTemperatura de descarga: -20\u00b0C~55\u00b0C<br \/>\nTemperatura de armazenamento: 0\u00b0C~35\u00b0C<br \/>\nProte\u00e7\u00e3o contra a entrada: IP65<br \/>\nDimens\u00e3o (L\/D\/H): 540*385*220mm<br \/>\nPeso aproximado: 39 kg<\/p>\n<p><a href=\"https:\/\/ownpowr.com\/wp-content\/uploads\/2023\/11\/datasheet-gb-sl-eu.pdf\" target=\"_blank\" rel=\"noopener\">Ficha de dados GB-SL-EU<\/a><\/p>\n<p>&nbsp;<\/p>","protected":false},"excerpt":{"rendered":"<p>O m\u00f3dulo de bateria de alta tens\u00e3o Deye GB-LM4.0 \u00e9 empilh\u00e1vel (ver ficha t\u00e9cnica) nas s\u00e9ries GB-SL e GB-L deye. GB-LM4.0 M\u00f3dulo de bateria para a bateria de alta tens\u00e3o do cluster GB-L 4kWh (HV) LiFePO4 [...]<\/p>","protected":false},"featured_media":4528,"template":"","meta":{"_seopress_robots_primary_cat":"none","_seopress_titles_title":"Deye GB-LM4.0 High Voltage, Stackable LiFePO4 Battery Module","_seopress_titles_desc":"Discover the stackable high-voltage GB-LM4.0 battery module by Deye featuring LiFePO4(LFP) type, 102.4Vdc voltage, 40Ah capacity, and 4.09kWh energy.","_seopress_robots_index":"","_kad_blocks_custom_css":"","_kad_blocks_head_custom_js":"","_kad_blocks_body_custom_js":"","_kad_blocks_footer_custom_js":""},"product_cat":[17],"product_tag":[],"class_list":{"0":"post-4519","1":"product","2":"type-product","3":"status-publish","4":"has-post-thumbnail","6":"product_cat-home-batteries","8":"first","9":"instock","10":"sale","11":"taxable","12":"shipping-taxable","13":"purchasable","14":"product-type-simple"},"taxonomy_info":{"product_cat":[{"value":17,"label":"Home batteries"}]},"featured_image_src_large":["https:\/\/ownpowr.com\/wp-content\/uploads\/2023\/11\/gb-lm4.0.jpg",550,322,false],"author_info":[],"comment_info":"","_links":{"self":[{"href":"https:\/\/ownpowr.com\/pt\/wp-json\/wp\/v2\/product\/4519","targetHints":{"allow":["GET"]}}],"collection":[{"href":"https:\/\/ownpowr.com\/pt\/wp-json\/wp\/v2\/product"}],"about":[{"href":"https:\/\/ownpowr.com\/pt\/wp-json\/wp\/v2\/types\/product"}],"wp:featuredmedia":[{"embeddable":true,"href":"https:\/\/ownpowr.com\/pt\/wp-json\/wp\/v2\/media\/4528"}],"wp:attachment":[{"href":"https:\/\/ownpowr.com\/pt\/wp-json\/wp\/v2\/media?parent=4519"}],"wp:term":[{"taxonomy":"product_cat","embeddable":true,"href":"https:\/\/ownpowr.com\/pt\/wp-json\/wp\/v2\/product_cat?post=4519"},{"taxonomy":"product_tag","embeddable":true,"href":"https:\/\/ownpowr.com\/pt\/wp-json\/wp\/v2\/product_tag?post=4519"}],"curies":[{"name":"wp","href":"https:\/\/api.w.org\/{rel}","templated":true}]}}