{"id":4584,"date":"2023-11-01T15:23:32","date_gmt":"2023-11-01T13:23:32","guid":{"rendered":"https:\/\/ownpowr.com\/?post_type=product&#038;p=4584"},"modified":"2025-02-27T11:22:21","modified_gmt":"2025-02-27T09:22:21","slug":"deye-gb-l-12-24kwh","status":"publish","type":"product","link":"https:\/\/ownpowr.com\/pt\/product\/deye-gb-l-12-24kwh\/","title":{"rendered":"Deye GB-L-12.24kWh"},"content":{"rendered":"<p>O Deye GB-L-12,24 kWh \u00e9 uma bateria dom\u00e9stica com bms da s\u00e9rie de alta tens\u00e3o GB-L deye.<\/p>\n<p>O conjunto \u00e9 composto por:<br \/>\n3x GB-LM4.0<br \/>\n1x GB-LBS<br \/>\n1x GB-LBase<\/p>\n<p>GB-LM12.0 M\u00f3dulo de bateria para bateria de alta tens\u00e3o de cluster GB-L 4kWh (HV) LiFePO4 | 40ah bateria solar<br \/>\n<strong>Seguran\u00e7a e prote\u00e7\u00e3o<\/strong><br \/>\nDispositivo de ventila\u00e7\u00e3o de explos\u00e3o incorporado para escavar o g\u00e1s e dispositivo de prote\u00e7\u00e3o contra inc\u00eandios incorporado para desligar a fonte de inc\u00eandio durante 3 segundos<br \/>\n<strong>Pilha de alta tens\u00e3o<\/strong><br \/>\nOs m\u00f3dulos s\u00e3o ligados em s\u00e9rie sem liga\u00e7\u00e3o por cabo, e a plataforma de alta tens\u00e3o melhora a efici\u00eancia do sistema.<br \/>\n<strong>Gest\u00e3o t\u00e9rmica<\/strong><br \/>\nDete\u00e7\u00e3o da temperatura de pe\u00e7as-chave, c\u00e9lulas, conectores de alimenta\u00e7\u00e3o, etc.<br \/>\n<strong>Funcionamento numa vasta gama de temperaturas<\/strong><br \/>\nA fun\u00e7\u00e3o de aquecimento \u00e9 opcional para satisfazer os cen\u00e1rios de aplica\u00e7\u00e3o com baixa temperatura e nosense.<br \/>\n<strong>Respeito pelo ambiente<\/strong><br \/>\nGrau de prote\u00e7\u00e3o IP 65, grau de prote\u00e7\u00e3o contra a corros\u00e3o \u2265C2, bateria de prote\u00e7\u00e3o ambiental<br \/>\n<strong>Inteligente e visual<\/strong><br \/>\nSuporta atualiza\u00e7\u00e3o remota, informa\u00e7\u00e3o de aviso da bateria em tempo real e ecr\u00e3 LCD de dados.<\/p>\n<p>&nbsp;<\/p>\n<p><a href=\"https:\/\/ownpowr.com\/wp-content\/uploads\/2023\/11\/gb-l-v1.3.pdf\" target=\"_blank\" rel=\"noopener\">GB-L-V1.3<\/a><\/p>","protected":false},"excerpt":{"rendered":"<p>O Deye GB-L-12.24 kWh \u00e9 uma bateria dom\u00e9stica com bms da s\u00e9rie de alta tens\u00e3o GB-L deye. O conjunto \u00e9 composto por: 3x GB-LM4.0 1x GB-LBS 1x GB-LBase GB-LM12.0 M\u00f3dulo de bateria para [...]<\/p>","protected":false},"featured_media":4587,"template":"","meta":{"_seopress_robots_primary_cat":"none","_seopress_titles_title":"Deye GB-L-12.24 kWh: High-Efficiency Home Battery System","_seopress_titles_desc":"Experience high-efficiency with the Deye GB-L-12.24 kWh home battery. Featuring built-in safety measures, thermal management, and eco-friendly design. Supports remote upgrades.","_seopress_robots_index":"","_kad_blocks_custom_css":"","_kad_blocks_head_custom_js":"","_kad_blocks_body_custom_js":"","_kad_blocks_footer_custom_js":""},"product_cat":[17],"product_tag":[],"class_list":{"0":"post-4584","1":"product","2":"type-product","3":"status-publish","4":"has-post-thumbnail","6":"product_cat-home-batteries","8":"first","9":"instock","10":"sale","11":"taxable","12":"shipping-taxable","13":"purchasable","14":"product-type-simple"},"taxonomy_info":{"product_cat":[{"value":17,"label":"Home batteries"}]},"featured_image_src_large":["https:\/\/ownpowr.com\/wp-content\/uploads\/2023\/11\/gb-l-12.24.jpg",1000,1000,false],"author_info":[],"comment_info":"","_links":{"self":[{"href":"https:\/\/ownpowr.com\/pt\/wp-json\/wp\/v2\/product\/4584","targetHints":{"allow":["GET"]}}],"collection":[{"href":"https:\/\/ownpowr.com\/pt\/wp-json\/wp\/v2\/product"}],"about":[{"href":"https:\/\/ownpowr.com\/pt\/wp-json\/wp\/v2\/types\/product"}],"wp:featuredmedia":[{"embeddable":true,"href":"https:\/\/ownpowr.com\/pt\/wp-json\/wp\/v2\/media\/4587"}],"wp:attachment":[{"href":"https:\/\/ownpowr.com\/pt\/wp-json\/wp\/v2\/media?parent=4584"}],"wp:term":[{"taxonomy":"product_cat","embeddable":true,"href":"https:\/\/ownpowr.com\/pt\/wp-json\/wp\/v2\/product_cat?post=4584"},{"taxonomy":"product_tag","embeddable":true,"href":"https:\/\/ownpowr.com\/pt\/wp-json\/wp\/v2\/product_tag?post=4584"}],"curies":[{"name":"wp","href":"https:\/\/api.w.org\/{rel}","templated":true}]}}