{"id":4749,"date":"2023-12-15T10:25:25","date_gmt":"2023-12-15T08:25:25","guid":{"rendered":"https:\/\/ownpowr.com\/?post_type=product&#038;p=4749"},"modified":"2024-10-16T15:40:57","modified_gmt":"2024-10-16T13:40:57","slug":"deye-gb-sl-12k-hybrid-inverter-and-16-36kwh-gb-lm4-0-battery-module","status":"publish","type":"product","link":"https:\/\/ownpowr.com\/pt\/product\/inversor-hibrido-deye-gb-sl-12k-e-16-modulos-de-bateria-gb-lm4-0-de-36kwh\/","title":{"rendered":"Inversor h\u00edbrido Deye GB-SL 12K+16,36kWh GB-LM4.0 M\u00f3dulo de bateria"},"content":{"rendered":"<p>O inversor h\u00edbrido Deye GB-SL 12K e o m\u00f3dulo de bateria 16,63 GB-LM4.0 s\u00e3o um conjunto completo.<\/p>\n<p>O conjunto cont\u00e9m:<br \/>\n1 x GB-S12K<br \/>\n4 x GB-LM4.0<br \/>\n1 x GB-LB<br \/>\n1 x GB-LBase<\/p>\n<p>GB-SL(HV)<br \/>\nTUDO EM UM<br \/>\nDesign integrado, aspeto bonito e integra\u00e7\u00e3o de cenas<br \/>\nSa\u00edda m\u00e1xima: 100% de sa\u00edda n\u00e3o equilibrada, cada fase; sa\u00edda m\u00e1xima at\u00e9 50% de pot\u00eancia nominal<br \/>\nLiga\u00e7\u00e3o m\u00e1xima :Max. 10pcs em paralelo para funcionamento em rede e fora da rede<br \/>\nMais apoio: Apoie o armazenamento de energia do gerador a gas\u00f3leo<br \/>\nPilha de alta tens\u00e3o: Os m\u00f3dulos s\u00e3o ligados em s\u00e9rie sem liga\u00e7\u00e3o por cabo, e a plataforma de alta tens\u00e3o melhora a efici\u00eancia do sistema<br \/>\nGest\u00e3o t\u00e9rmica: Dete\u00e7\u00e3o da temperatura de pe\u00e7as-chave, c\u00e9lula, ficha de alimenta\u00e7\u00e3o, etc.<br \/>\nFuncionamento a uma temperatura alargada: A fun\u00e7\u00e3o de aquecimento \u00e9 opcional para satisfazer os cen\u00e1rios de aplica\u00e7\u00e3o com baixa temperatura e sem sentido<\/p>\n<p><a href=\"https:\/\/ownpowr.com\/wp-content\/uploads\/2023\/11\/datasheet-gb-sl-eu.pdf\" target=\"_blank\" rel=\"noopener\">Ficha de dados GB-SL-EU<\/a><\/p>","protected":false},"excerpt":{"rendered":"<p>O inversor h\u00edbrido Deye GB-SL 12K e o m\u00f3dulo de bateria 16,63 GB-LM4.0 s\u00e3o um conjunto completo. O conjunto cont\u00e9m: 1 x GB-S12K 4 x GB-LM4.0 1 x GB-LB 1 x [...]<\/p>","protected":false},"featured_media":4752,"template":"","meta":{"_seopress_robots_primary_cat":"none","_seopress_titles_title":"Deye GB-SL 12K Hybrid Inverter and 16.36 kWh GB-LM4.0 Battery","_seopress_titles_desc":"Get an all-in-one energy solution with our Deye GB-SL 12K hybrid inverter and 16.63 GB-LM4.0 battery module set, offering 100% unbalanced output and support for diesel generator energy storage.","_seopress_robots_index":"","_kad_blocks_custom_css":"","_kad_blocks_head_custom_js":"","_kad_blocks_body_custom_js":"","_kad_blocks_footer_custom_js":""},"product_cat":[17,19],"product_tag":[],"class_list":{"0":"post-4749","1":"product","2":"type-product","3":"status-publish","4":"has-post-thumbnail","6":"product_cat-home-batteries","7":"product_cat-sets-with-inverters","9":"first","10":"instock","11":"sale","12":"taxable","13":"shipping-taxable","14":"purchasable","15":"product-type-simple"},"taxonomy_info":{"product_cat":[{"value":17,"label":"Home batteries"},{"value":19,"label":"Sets with inverters"}]},"featured_image_src_large":["https:\/\/ownpowr.com\/wp-content\/uploads\/2023\/11\/deye-gb-sl-16.36.jpeg",300,300,false],"author_info":[],"comment_info":"","_links":{"self":[{"href":"https:\/\/ownpowr.com\/pt\/wp-json\/wp\/v2\/product\/4749","targetHints":{"allow":["GET"]}}],"collection":[{"href":"https:\/\/ownpowr.com\/pt\/wp-json\/wp\/v2\/product"}],"about":[{"href":"https:\/\/ownpowr.com\/pt\/wp-json\/wp\/v2\/types\/product"}],"wp:featuredmedia":[{"embeddable":true,"href":"https:\/\/ownpowr.com\/pt\/wp-json\/wp\/v2\/media\/4752"}],"wp:attachment":[{"href":"https:\/\/ownpowr.com\/pt\/wp-json\/wp\/v2\/media?parent=4749"}],"wp:term":[{"taxonomy":"product_cat","embeddable":true,"href":"https:\/\/ownpowr.com\/pt\/wp-json\/wp\/v2\/product_cat?post=4749"},{"taxonomy":"product_tag","embeddable":true,"href":"https:\/\/ownpowr.com\/pt\/wp-json\/wp\/v2\/product_tag?post=4749"}],"curies":[{"name":"wp","href":"https:\/\/api.w.org\/{rel}","templated":true}]}}