{"id":4759,"date":"2023-12-15T10:29:31","date_gmt":"2023-12-15T08:29:31","guid":{"rendered":"https:\/\/ownpowr.com\/?post_type=product&#038;p=4759"},"modified":"2024-10-16T15:40:13","modified_gmt":"2024-10-16T13:40:13","slug":"deye-gb-sl-12k-hybrid-inverter-and-24-54kwh-gb-lm4-0-battery-module","status":"publish","type":"product","link":"https:\/\/ownpowr.com\/pt\/product\/inversor-hibrido-deye-gb-sl-12k-e-modulo-de-bateria-de-24-54kwh-gb-lm4-0\/","title":{"rendered":"Inversor h\u00edbrido Deye GB-SL 12K e m\u00f3dulo de bateria 24,54kWh GB-LM4.0"},"content":{"rendered":"<p>O inversor h\u00edbrido Deye GB-SL 12K e o m\u00f3dulo de bateria GB-LM4.0 de 24,54 kWh s\u00e3o um conjunto completo.<\/p>\n<p>O conjunto cont\u00e9m:<br \/>\n1 x GB-S12K<br \/>\n6 x GB-LM4.0<br \/>\n1 x GB-LB<br \/>\n1 x GB-LBase<\/p>\n<p>GB-SL(HV)<br \/>\nTUDO EM UM<br \/>\nDesign integrado, aspeto bonito e integra\u00e7\u00e3o de cenas<br \/>\nSa\u00edda m\u00e1xima: 100% de sa\u00edda n\u00e3o equilibrada, cada fase; sa\u00edda m\u00e1xima at\u00e9 50% de pot\u00eancia nominal<br \/>\nLiga\u00e7\u00e3o m\u00e1xima :Max. 10pcs em paralelo para funcionamento em rede e fora da rede<br \/>\nMais apoio: Apoie o armazenamento de energia do gerador a gas\u00f3leo<br \/>\nPilha de alta tens\u00e3o: Os m\u00f3dulos s\u00e3o ligados em s\u00e9rie sem liga\u00e7\u00e3o por cabo, e a plataforma de alta tens\u00e3o melhora a efici\u00eancia do sistema<br \/>\nGest\u00e3o t\u00e9rmica: Dete\u00e7\u00e3o da temperatura de pe\u00e7as-chave, c\u00e9lula, ficha de alimenta\u00e7\u00e3o, etc.<br \/>\nFuncionamento a uma temperatura alargada: A fun\u00e7\u00e3o de aquecimento \u00e9 opcional para satisfazer os cen\u00e1rios de aplica\u00e7\u00e3o com baixa temperatura e sem sentido<\/p>\n<p><a href=\"https:\/\/ownpowr.com\/wp-content\/uploads\/2023\/11\/datasheet-gb-sl-eu.pdf\" target=\"_blank\" rel=\"noopener\">Ficha de dados GB-SL-EU<\/a><\/p>","protected":false},"excerpt":{"rendered":"<p>O inversor h\u00edbrido Deye GB-SL 12K e o m\u00f3dulo de bateria GB-LM4.0 de 24,54 kWh s\u00e3o um conjunto completo. O conjunto cont\u00e9m: 1 x GB-S12K 6 x GB-LM4.0 1 x GB-LB 1 [...]<\/p>","protected":false},"featured_media":4746,"template":"","meta":{"_seopress_robots_primary_cat":"none","_seopress_titles_title":"","_seopress_titles_desc":"","_seopress_robots_index":"","_kad_blocks_custom_css":"","_kad_blocks_head_custom_js":"","_kad_blocks_body_custom_js":"","_kad_blocks_footer_custom_js":""},"product_cat":[17,19],"product_tag":[],"class_list":{"0":"post-4759","1":"product","2":"type-product","3":"status-publish","4":"has-post-thumbnail","6":"product_cat-home-batteries","7":"product_cat-sets-with-inverters","9":"first","10":"instock","11":"taxable","12":"shipping-taxable","13":"purchasable","14":"product-type-simple"},"taxonomy_info":{"product_cat":[{"value":17,"label":"Home batteries"},{"value":19,"label":"Sets with inverters"}]},"featured_image_src_large":["https:\/\/ownpowr.com\/wp-content\/uploads\/2023\/11\/image-1-1.png",300,300,false],"author_info":[],"comment_info":"","_links":{"self":[{"href":"https:\/\/ownpowr.com\/pt\/wp-json\/wp\/v2\/product\/4759","targetHints":{"allow":["GET"]}}],"collection":[{"href":"https:\/\/ownpowr.com\/pt\/wp-json\/wp\/v2\/product"}],"about":[{"href":"https:\/\/ownpowr.com\/pt\/wp-json\/wp\/v2\/types\/product"}],"wp:featuredmedia":[{"embeddable":true,"href":"https:\/\/ownpowr.com\/pt\/wp-json\/wp\/v2\/media\/4746"}],"wp:attachment":[{"href":"https:\/\/ownpowr.com\/pt\/wp-json\/wp\/v2\/media?parent=4759"}],"wp:term":[{"taxonomy":"product_cat","embeddable":true,"href":"https:\/\/ownpowr.com\/pt\/wp-json\/wp\/v2\/product_cat?post=4759"},{"taxonomy":"product_tag","embeddable":true,"href":"https:\/\/ownpowr.com\/pt\/wp-json\/wp\/v2\/product_tag?post=4759"}],"curies":[{"name":"wp","href":"https:\/\/api.w.org\/{rel}","templated":true}]}}