{"id":48392,"date":"2024-03-29T11:50:45","date_gmt":"2024-03-29T09:50:45","guid":{"rendered":"https:\/\/ownpowr.com\/?post_type=product&#038;p=48392"},"modified":"2025-01-31T10:48:27","modified_gmt":"2025-01-31T08:48:27","slug":"blauhoff-home-8k-11-4-kwh-3-fase-systeem-slim-line-ip65","status":"publish","type":"product","link":"https:\/\/ownpowr.com\/pt\/product\/blauhoff-home-8k-11-4-kwh-3-fase-sistema-slim-line-ip65\/","title":{"rendered":"Blauhoff Home 8K\/11,4 kWh Sistema trif\u00e1sico Slim Line IP65"},"content":{"rendered":"<p>Blauhoff Home 8K\/11kWh Sistema trif\u00e1sico Slim Line IP65 17 cm de espessura Exterior\/Interior !<\/p>\n<p>O sistema trif\u00e1sico super fino Blauhoff Home 8K\/11kWh, da conceituada marca Blauhoff, oferece-lhe uma solu\u00e7\u00e3o fi\u00e1vel e eficiente para o armazenamento de energia em habita\u00e7\u00f5es de consumo m\u00e9dio. Com este potente sistema, pode otimizar a efici\u00eancia energ\u00e9tica da sua casa, reduzir a sua depend\u00eancia da rede e beneficiar de um fornecimento de energia de emerg\u00eancia em caso de falhas de energia. Al\u00e9m disso, este sistema \u00e9 fornecido com montagem gratuita, garantindo-lhe uma instala\u00e7\u00e3o sem complica\u00e7\u00f5es.<\/p>\n<p>O inversor tem um comprimento de 780 mm e um peso de 33,6 kg. Um cabo adicional de 300 mm entre o inversor e a bateria permite-lhe determinar a coloca\u00e7\u00e3o ideal para o seu sistema, garantindo uma transfer\u00eancia de energia eficiente e perdas de energia m\u00ednimas.<\/p>\n<p>O sistema de bateria Blauhoff \u00e9 duradouro e ultra-compacto e plano, com dimens\u00f5es de 670 mm x 900 mm x 170 mm e um peso de 90 kg. A bateria tem uma capacidade de 11 kWh, permitindo-lhe armazenar a energia excedente gerada pelos seus pain\u00e9is solares ou outras fontes de energia. Nos per\u00edodos em que n\u00e3o h\u00e1 produ\u00e7\u00e3o de energia, pode utilizar a energia armazenada para cobrir o seu consumo de energia, reduzindo a sua depend\u00eancia da rede e diminuindo ainda mais os seus custos energ\u00e9ticos. Tudo isto se conjuga automaticamente com um contrato din\u00e2mico de energia. Pode ent\u00e3o tirar partido da energia barata \u00e0 noite no inverno e utiliz\u00e1-la durante todo o dia e, no ver\u00e3o, utilizar o carregamento gratuito \u00e0 tarde e utiliz\u00e1-lo \u00e0 noite e carregar o carro com ele de manh\u00e3 ou \u00e0 noite.<\/p>\n<p>O sistema trif\u00e1sico Home 8K\/11kWh \u00e9 recomendado para fam\u00edlias com um consumo m\u00e9dio anual de cerca de 4000 kWh. Com uma pot\u00eancia de 8 kW, pode cobrir uma parte significativa das suas necessidades energ\u00e9ticas utilizando a energia solar gerada e a energia armazenada na bateria. Al\u00e9m disso, este sistema fornece energia de emerg\u00eancia para que os dispositivos importantes continuem a funcionar durante as falhas de energia e as suas rotinas di\u00e1rias possam continuar sem interrup\u00e7\u00f5es.<\/p>\n<p>O Blauhoff Home 8K\/11kWh 3 Phase System Slim Line foi concebido com a flexibilidade em mente. Possui uma porta de gerador\/moinho de vento, dando-lhe a possibilidade de adicionar fontes de energia adicionais e aumentar ainda mais a sua independ\u00eancia energ\u00e9tica. Com uma liga\u00e7\u00e3o m\u00ednima de 3x25A e adequado para configura\u00e7\u00f5es trif\u00e1sicas, este sistema \u00e9 compat\u00edvel com a maioria das redes el\u00e9ctricas dom\u00e9sticas.<\/p>\n<p>Com a montagem gratuita, pode contar com uma instala\u00e7\u00e3o profissional, garantindo que o seu sistema funciona de forma \u00f3ptima desde o primeiro momento e que pode desfrutar de uma experi\u00eancia sem preocupa\u00e7\u00f5es.<\/p>\n<p>Fa\u00e7a a mudan\u00e7a para um fornecimento de energia mais eficiente e sustent\u00e1vel com o sistema trif\u00e1sico Blauhoff Home 8K\/11kWh. Com um poderoso armazenamento de energia, energia de reserva e flexibilidade nas fontes de energia, pode contar com um fornecimento de energia fi\u00e1vel, realizar poupan\u00e7as de custos e reduzir a sua pegada de carbono. Escolha o Blauhoff e prepare a sua casa para as necessidades energ\u00e9ticas do futuro.<\/p>\n<p>&nbsp;<\/p>\n<p><a href=\"https:\/\/blauhoff.nl\/wp-content\/uploads\/2024\/02\/Datasheet-Blauhoff-RESS-HV-Slim-Line.pdf\" target=\"_blank\" rel=\"noopener\">Ficha t\u00e9cnica Blauhoff RESS HV Slim Line<\/a><\/p>\n<p>&nbsp;<\/p>\n<p>&nbsp;<\/p>","protected":false},"excerpt":{"rendered":"<p>Blauhoff Home 8K\/11kWh Sistema Trif\u00e1sico Slim Line IP65 17 cm de espessura Exterior\/Interior ! O sistema trif\u00e1sico super fino Blauhoff Home 8K\/11kWh, da conceituada marca Blauhoff, oferece-lhe uma [...]<\/p>","protected":false},"featured_media":48397,"template":"","meta":{"_seopress_robots_primary_cat":"none","_seopress_titles_title":"Optimize Your Energy with Blauhoff Home 8K\/11kWh Slim Line","_seopress_titles_desc":"Enhance energy efficiency; reduce grid dependence with the sleek Blauhoff Home 8K\/11kWh 3 Phase System. Enjoy free assembly, flexible installation, and emergency power supply.","_seopress_robots_index":"","_kad_blocks_custom_css":"","_kad_blocks_head_custom_js":"","_kad_blocks_body_custom_js":"","_kad_blocks_footer_custom_js":""},"product_cat":[17,19],"product_tag":[],"class_list":{"0":"post-48392","1":"product","2":"type-product","3":"status-publish","4":"has-post-thumbnail","6":"product_cat-home-batteries","7":"product_cat-sets-with-inverters","9":"first","10":"instock","11":"taxable","12":"shipping-taxable","13":"purchasable","14":"product-type-simple"},"taxonomy_info":{"product_cat":[{"value":17,"label":"Home batteries"},{"value":19,"label":"Sets with inverters"}]},"featured_image_src_large":["https:\/\/ownpowr.com\/wp-content\/uploads\/2024\/03\/3-phase-8k-battery-11kwh-480x480-1.png",480,480,false],"author_info":[],"comment_info":"","_links":{"self":[{"href":"https:\/\/ownpowr.com\/pt\/wp-json\/wp\/v2\/product\/48392","targetHints":{"allow":["GET"]}}],"collection":[{"href":"https:\/\/ownpowr.com\/pt\/wp-json\/wp\/v2\/product"}],"about":[{"href":"https:\/\/ownpowr.com\/pt\/wp-json\/wp\/v2\/types\/product"}],"wp:featuredmedia":[{"embeddable":true,"href":"https:\/\/ownpowr.com\/pt\/wp-json\/wp\/v2\/media\/48397"}],"wp:attachment":[{"href":"https:\/\/ownpowr.com\/pt\/wp-json\/wp\/v2\/media?parent=48392"}],"wp:term":[{"taxonomy":"product_cat","embeddable":true,"href":"https:\/\/ownpowr.com\/pt\/wp-json\/wp\/v2\/product_cat?post=48392"},{"taxonomy":"product_tag","embeddable":true,"href":"https:\/\/ownpowr.com\/pt\/wp-json\/wp\/v2\/product_tag?post=48392"}],"curies":[{"name":"wp","href":"https:\/\/api.w.org\/{rel}","templated":true}]}}