{"id":48413,"date":"2025-01-30T10:32:49","date_gmt":"2025-01-30T08:32:49","guid":{"rendered":"https:\/\/ownpowr.com\/?post_type=product&#038;p=48413"},"modified":"2025-01-31T10:26:33","modified_gmt":"2025-01-31T08:26:33","slug":"blauhoff-home-15k-11-4-kwh-3-fase-systeem-slim-line-ip65","status":"publish","type":"product","link":"https:\/\/ownpowr.com\/pt\/product\/blauhoff-home-15k-11-4-kwh-3-fase-sistema-slim-line-ip65\/","title":{"rendered":"Blauhoff Casa 15K\/11,4 kWh Sistema trif\u00e1sico Slim Line IP65 HV"},"content":{"rendered":"<p>Blauhoff Home 15K\/11.4kWh Sistema trif\u00e1sico Slim Line IP65 17 cm de espessura Exterior\/Interior !<br \/>\nO sistema trif\u00e1sico super slim Blauhoff Home 15K\/11kWh, da conceituada marca Blauhoff, oferece uma solu\u00e7\u00e3o de armazenamento de energia fi\u00e1vel e eficiente para resid\u00eancias de consumo m\u00e9dio.<br \/>\nCom este potente sistema, pode otimizar a efici\u00eancia energ\u00e9tica da sua casa, reduzir a sua depend\u00eancia da rede e beneficiar de uma alimenta\u00e7\u00e3o el\u00e9ctrica de emerg\u00eancia em caso de falta de energia. Al\u00e9m disso, este sistema \u00e9 fornecido com montagem gratuita, garantindo uma instala\u00e7\u00e3o sem complica\u00e7\u00f5es.<br \/>\nO inversor tem um comprimento de 780 mm e um peso de 33,6 kg. Um cabo adicional de 300 mm entre o inversor e a bateria permite-lhe determinar a coloca\u00e7\u00e3o ideal para o seu sistema, assegurando uma transfer\u00eancia de energia eficiente e perdas de energia m\u00ednimas.<br \/>\nO sistema de baterias Blauhoff \u00e9 dur\u00e1vel e ultra compacto e plano, com dimens\u00f5es de 670 mm x 900 mm x 170 mm e um peso de 90 kg. A bateria tem uma capacidade de 11 kWh, permitindo-lhe armazenar o excesso de energia gerada pelos seus pain\u00e9is solares ou outras fontes de energia. Nos momentos em que n\u00e3o h\u00e1 produ\u00e7\u00e3o de energia, pode utilizar a energia armazenada para cobrir o seu consumo de energia, reduzindo a sua depend\u00eancia da rede e reduzindo ainda mais os seus custos de energia.Pode ent\u00e3o aproveitar a energia barata \u00e0 noite no inverno e utiliz\u00e1-la durante todo o dia e, no ver\u00e3o, utilizar o carregamento gratuito \u00e0 tarde e utiliz\u00e1-lo \u00e0 noite e carregar o carro com ele de manh\u00e3 ou \u00e0 noite.<br \/>\nCom uma pot\u00eancia de 15 kW, pode cobrir uma parte significativa das suas necessidades energ\u00e9ticas utilizando a energia solar gerada e a energia armazenada na bateria. Al\u00e9m disso, este sistema fornece energia de emerg\u00eancia para que os aparelhos importantes continuem a funcionar durante as falhas de energia e as suas rotinas di\u00e1rias possam continuar sem interrup\u00e7\u00f5es.<br \/>\nO sistema trif\u00e1sico Blauhoff Home 15K\/11kWh Slim Line foi concebido com a flexibilidade em mente, pois disp\u00f5e de uma porta para gerador\/moinho de vento, dando-lhe a possibilidade de adicionar fontes de energia adicionais e aumentar ainda mais a sua independ\u00eancia energ\u00e9tica. Com uma liga\u00e7\u00e3o m\u00ednima de 3x40A e adequado para configura\u00e7\u00f5es trif\u00e1sicas, este sistema \u00e9 compat\u00edvel com a maioria das redes el\u00e9ctricas dom\u00e9sticas.<br \/>\nCom a montagem gratuita, pode contar com uma instala\u00e7\u00e3o profissional, garantindo que o seu sistema funciona de forma \u00f3ptima desde o primeiro momento e que pode desfrutar de uma experi\u00eancia sem preocupa\u00e7\u00f5es.<br \/>\nFa\u00e7a a mudan\u00e7a para um fornecimento de energia mais eficiente e sustent\u00e1vel com o sistema trif\u00e1sico Blauhoff Home 15K\/11kWh. Escolha o Blauhoff e prepare a sua casa para as necessidades energ\u00e9ticas do futuro.<\/p>\n<p>&nbsp;<\/p>\n<p><a href=\"https:\/\/blauhoff.nl\/wp-content\/uploads\/2024\/02\/Datasheet-Blauhoff-RESS-HV-Slim-Line.pdf\" target=\"_blank\" rel=\"noopener\">Ficha t\u00e9cnica Blauhoff RESS HV Slim Line<\/a><\/p>\n<p>&nbsp;<\/p>","protected":false},"excerpt":{"rendered":"<p>Blauhoff Home 15K\/11.4kWh Sistema Trif\u00e1sico Slim Line IP65 17 cm de espessura Exterior\/Interior ! O sistema trif\u00e1sico super fino Blauhoff Home 15K\/11kWh, da conceituada marca Blauhoff, oferece-lhe uma [...]<\/p>","protected":false},"featured_media":48416,"template":"","meta":{"_seopress_robots_primary_cat":"none","_seopress_titles_title":"Maximize Home Efficiency with Blauhoff Slim Line System","_seopress_titles_desc":"Transform home energy efficiency with Blauhoff super slim and reliable Home 15K\/11kWh 3 Phase System. Reduce grid dependence and enhance solar power utilization!","_seopress_robots_index":"","_kad_blocks_custom_css":"","_kad_blocks_head_custom_js":"","_kad_blocks_body_custom_js":"","_kad_blocks_footer_custom_js":""},"product_cat":[17,19],"product_tag":[],"class_list":{"0":"post-48413","1":"product","2":"type-product","3":"status-publish","4":"has-post-thumbnail","6":"product_cat-home-batteries","7":"product_cat-sets-with-inverters","9":"first","10":"instock","11":"taxable","12":"shipping-taxable","13":"purchasable","14":"product-type-simple"},"taxonomy_info":{"product_cat":[{"value":17,"label":"Home batteries"},{"value":19,"label":"Sets with inverters"}]},"featured_image_src_large":["https:\/\/ownpowr.com\/wp-content\/uploads\/2024\/03\/3-phase-15k-battery-11kwh-480x480-1.png",480,480,false],"author_info":[],"comment_info":"","_links":{"self":[{"href":"https:\/\/ownpowr.com\/pt\/wp-json\/wp\/v2\/product\/48413","targetHints":{"allow":["GET"]}}],"collection":[{"href":"https:\/\/ownpowr.com\/pt\/wp-json\/wp\/v2\/product"}],"about":[{"href":"https:\/\/ownpowr.com\/pt\/wp-json\/wp\/v2\/types\/product"}],"wp:featuredmedia":[{"embeddable":true,"href":"https:\/\/ownpowr.com\/pt\/wp-json\/wp\/v2\/media\/48416"}],"wp:attachment":[{"href":"https:\/\/ownpowr.com\/pt\/wp-json\/wp\/v2\/media?parent=48413"}],"wp:term":[{"taxonomy":"product_cat","embeddable":true,"href":"https:\/\/ownpowr.com\/pt\/wp-json\/wp\/v2\/product_cat?post=48413"},{"taxonomy":"product_tag","embeddable":true,"href":"https:\/\/ownpowr.com\/pt\/wp-json\/wp\/v2\/product_tag?post=48413"}],"curies":[{"name":"wp","href":"https:\/\/api.w.org\/{rel}","templated":true}]}}