{"id":49941,"date":"2024-04-05T08:59:30","date_gmt":"2024-04-05T06:59:30","guid":{"rendered":"https:\/\/ownpowr.com\/?post_type=product&#038;p=49941"},"modified":"2025-03-28T13:11:33","modified_gmt":"2025-03-28T11:11:33","slug":"blauhoff-megapack-container-ess-3-85mwh","status":"publish","type":"product","link":"https:\/\/ownpowr.com\/pt\/product\/blauhoff-megapack-contentor-ess-3-85mwh\/","title":{"rendered":"Blauhoff MegaPack Container ESS 3,85MWh"},"content":{"rendered":"<p>Blauhoff Megapack Container ESS 3.85 \u00e9 um sistema de baterias chave na m\u00e3o num contentor (pre\u00e7o sem IVA e sem montagem).<\/p>\n<p><strong>Custo mais baixo<\/strong><\/p>\n<p>F\u00e1cil de instalar e de baixa manuten\u00e7\u00e3o<\/p>\n<p>C\u00e9lulas maiores, muitos kWh, portanto 50% mais fortes do que as solu\u00e7\u00f5es normais e mais compactas<\/p>\n<p><strong>Melhoria da efici\u00eancia<\/strong><\/p>\n<p>Com base na plataforma de 1500V, o lado DC tem uma efici\u00eancia de 93%.<\/p>\n<p>O recipiente anti-corros\u00e3o padr\u00e3o C4H tem uma vida \u00fatil de pelo menos 15 anos<\/p>\n<p><strong>Seguro<\/strong><\/p>\n<p>O equil\u00edbrio m\u00faltiplo garante uma vida \u00fatil segura e longa da bateria<\/p>\n<p>Os sistemas integrados de extin\u00e7\u00e3o de g\u00e1s e \u00e1gua garantem a seguran\u00e7a em condi\u00e7\u00f5es extremas<\/p>\n<p><strong>Inteligente<\/strong><\/p>\n<p>Monitoriza\u00e7\u00e3o em tempo real da IA Icloud<\/p>\n<p><strong>Aprova\u00e7\u00f5es<\/strong><\/p>\n<p>CE-LVD:EN IEC62477-1, CE-EMC:EN IEC61000-6-2 , EN IEC 61000-6-4, UKCA: EN IEC 62477-1<\/p>\n<p>IEC62619-2022 (Seguran\u00e7a funcional IEC UL 60730-1 Anexo H, incluindo c\u00e9lula)<\/p>\n<p>IEC 63056:2020<\/p>\n<p>NFPA855, Fcc-ID, UL1973:2022, UL9540A Unidade<\/p>\n<p>VDE4100<\/p>\n<p>&nbsp;<\/p>","protected":false},"excerpt":{"rendered":"<p>Blauhoff Megapack Container ESS 3.85 \u00e9 um sistema de baterias chave na m\u00e3o num contentor (pre\u00e7o sem IVA e sem montagem). Menor custo Facilidade de instala\u00e7\u00e3o e baixa manuten\u00e7\u00e3o C\u00e9lulas de maiores dimens\u00f5es, [...]<\/p>","protected":false},"featured_media":214720,"template":"","meta":{"_seopress_robots_primary_cat":"none","_seopress_titles_title":"Blauhoff Megapack ESS 3.85MWh: High-Efficiency, Low-Cost, Battery System","_seopress_titles_desc":"Discover Blauhoff Megapack ESS 3.85 MWh container system - 50% stronger, efficient, safe, and smart with AI monitoring. Easy to install, low maintenance.","_seopress_robots_index":"","_kad_blocks_custom_css":"","_kad_blocks_head_custom_js":"","_kad_blocks_body_custom_js":"","_kad_blocks_footer_custom_js":""},"product_cat":[17],"product_tag":[],"class_list":{"0":"post-49941","1":"product","2":"type-product","3":"status-publish","4":"has-post-thumbnail","6":"product_cat-home-batteries","8":"first","9":"instock","10":"sale","11":"taxable","12":"shipping-taxable","13":"purchasable","14":"product-type-simple"},"taxonomy_info":{"product_cat":[{"value":17,"label":"Home batteries"}]},"featured_image_src_large":["https:\/\/ownpowr.com\/wp-content\/uploads\/2024\/04\/blauhoff-megawatt-420x420-1.jpg",420,420,false],"author_info":[],"comment_info":"","_links":{"self":[{"href":"https:\/\/ownpowr.com\/pt\/wp-json\/wp\/v2\/product\/49941","targetHints":{"allow":["GET"]}}],"collection":[{"href":"https:\/\/ownpowr.com\/pt\/wp-json\/wp\/v2\/product"}],"about":[{"href":"https:\/\/ownpowr.com\/pt\/wp-json\/wp\/v2\/types\/product"}],"wp:featuredmedia":[{"embeddable":true,"href":"https:\/\/ownpowr.com\/pt\/wp-json\/wp\/v2\/media\/214720"}],"wp:attachment":[{"href":"https:\/\/ownpowr.com\/pt\/wp-json\/wp\/v2\/media?parent=49941"}],"wp:term":[{"taxonomy":"product_cat","embeddable":true,"href":"https:\/\/ownpowr.com\/pt\/wp-json\/wp\/v2\/product_cat?post=49941"},{"taxonomy":"product_tag","embeddable":true,"href":"https:\/\/ownpowr.com\/pt\/wp-json\/wp\/v2\/product_tag?post=49941"}],"curies":[{"name":"wp","href":"https:\/\/api.w.org\/{rel}","templated":true}]}}