{"id":506,"date":"2023-10-04T16:37:56","date_gmt":"2023-10-04T14:37:56","guid":{"rendered":"https:\/\/ownpowr.com\/product\/growatt-1ph-hybrid-inverter-sph6000\/"},"modified":"2025-03-27T13:31:36","modified_gmt":"2025-03-27T11:31:36","slug":"growatt-1ph-hybrid-inverter-sph6000","status":"publish","type":"product","link":"https:\/\/ownpowr.com\/pt\/product\/inversor-hibrido-de-1-fase-growatt-sph6000\/","title":{"rendered":"Inversor h\u00edbrido Growatt 1PH SPH6000 n\u00e3o para a Alemanha"},"content":{"rendered":"<p>O inversor h\u00edbrido SPH6000 Growatt \u00e9 compat\u00edvel com sistemas fotovoltaicos at\u00e9 4000Wp. O inversor h\u00edbrido destina-se a armazenar energia em baterias. As baterias podem ser encomendadas separadamente e n\u00e3o s\u00e3o fornecidas de s\u00e9rie. Com este sistema pr\u00e1tico, o sistema fotovoltaico n\u00e3o est\u00e1 dependente da rede e pode cuidar de si pr\u00f3prio. O sistema pode funcionar sem uma bateria e \u00e9 poss\u00edvel lig\u00e1-lo \u00e0 rede.<\/p>\n<p>O inversor de bateria cont\u00e9m 2 MPPT para que possa ser ligado um total de 2 strings<\/p>\n<p><strong>Inversor silencioso<\/strong><br \/>\nO inversor Growatt SPH6000 n\u00e3o cont\u00e9m ventoinha nem transformador, o que o torna muito silencioso. Isto torna o inversor h\u00edbrido perfeito para instala\u00e7\u00f5es residenciais. O inversor utiliza arrefecimento natural, o que lhe confere uma vida \u00fatil extra longa.<\/p>\n<p><strong>Rendimento<\/strong><br \/>\nO SPH6000 tem uma taxa de efici\u00eancia m\u00e1xima de 97,5% Isto permite que o inversor atinja o m\u00e1ximo rendimento energ\u00e9tico. O inversor \u00e9 um dos inversores mais vendidos em todo o mundo.<\/p>\n<p><strong>Servi\u00e7o online Growatt<\/strong><br \/>\nO inversor inclui meios de monitoriza\u00e7\u00e3o est\u00e1veis, tais como LAN, WiFi ou uma combina\u00e7\u00e3o de RF\/UTP (Shinelink). O Growatt oferece um servi\u00e7o inteligente online para realizar problemas t\u00e9cnicos e actualiza\u00e7\u00f5es \u00e0 dist\u00e2ncia. Isto melhora a facilidade de utiliza\u00e7\u00e3o e a efici\u00eancia do inversor. Estas caracter\u00edsticas e servi\u00e7os fazem do inversor a melhor escolha para o seu sistema fotovoltaico<\/p>\n<p><a href=\"https:\/\/storeyourownpower.com\/wp-content\/uploads\/2022\/11\/Datasheet-Growatt-SPH6000.pdf\" target=\"_blank\" rel=\"noopener\">Ficha de dados Growatt SPH6000<\/a><\/p>","protected":false},"excerpt":{"rendered":"<p>O inversor h\u00edbrido SPH6000 Growatt \u00e9 compat\u00edvel com sistemas fotovoltaicos at\u00e9 4000Wp. O inversor h\u00edbrido destina-se a armazenar energia em baterias. As baterias podem ser encomendadas separadamente e [...]<\/p>","protected":false},"featured_media":507,"template":"","meta":{"_seopress_robots_primary_cat":"none","_seopress_titles_title":"Growatt SPH6000 Hybrid Inverter: Efficient and Silent with Battery Compatibility","_seopress_titles_desc":"Maximize your energy yield with this silent, efficient inverter. Connect to the grid or store power in batteries for a self-sufficient system. Enjoy reliable monitoring and remote updates with Growatt's online service.","_seopress_robots_index":"","_kad_blocks_custom_css":"","_kad_blocks_head_custom_js":"","_kad_blocks_body_custom_js":"","_kad_blocks_footer_custom_js":""},"product_cat":[18],"product_tag":[],"class_list":{"0":"post-506","1":"product","2":"type-product","3":"status-publish","4":"has-post-thumbnail","6":"product_cat-hybrid-inverters","8":"first","9":"instock","10":"sale","11":"taxable","12":"shipping-taxable","13":"purchasable","14":"product-type-simple"},"taxonomy_info":{"product_cat":[{"value":18,"label":"Hybrid inverters"}]},"featured_image_src_large":["https:\/\/ownpowr.com\/wp-content\/uploads\/2022\/11\/Growatt_SPH_3000_6000_d63d-1024x1024.webp",1024,1024,true],"author_info":[],"comment_info":"","_links":{"self":[{"href":"https:\/\/ownpowr.com\/pt\/wp-json\/wp\/v2\/product\/506","targetHints":{"allow":["GET"]}}],"collection":[{"href":"https:\/\/ownpowr.com\/pt\/wp-json\/wp\/v2\/product"}],"about":[{"href":"https:\/\/ownpowr.com\/pt\/wp-json\/wp\/v2\/types\/product"}],"wp:featuredmedia":[{"embeddable":true,"href":"https:\/\/ownpowr.com\/pt\/wp-json\/wp\/v2\/media\/507"}],"wp:attachment":[{"href":"https:\/\/ownpowr.com\/pt\/wp-json\/wp\/v2\/media?parent=506"}],"wp:term":[{"taxonomy":"product_cat","embeddable":true,"href":"https:\/\/ownpowr.com\/pt\/wp-json\/wp\/v2\/product_cat?post=506"},{"taxonomy":"product_tag","embeddable":true,"href":"https:\/\/ownpowr.com\/pt\/wp-json\/wp\/v2\/product_tag?post=506"}],"curies":[{"name":"wp","href":"https:\/\/api.w.org\/{rel}","templated":true}]}}