{"id":545,"date":"2023-10-04T16:37:39","date_gmt":"2023-10-04T14:37:39","guid":{"rendered":"https:\/\/ownpowr.com\/product\/encharge-3t-35-kwh\/"},"modified":"2025-03-20T13:35:02","modified_gmt":"2025-03-20T11:35:02","slug":"encharge-3t-35-kwh","status":"publish","type":"product","link":"https:\/\/ownpowr.com\/pt\/product\/encharge-3t-35-kwh\/","title":{"rendered":"Apenas a tampa do Enphase Encharge 3T"},"content":{"rendered":"<p>Enphase Encharge 3T com 15 anos de garantia<\/p>\n<p>Nota importante: \u00c9 necess\u00e1ria a certifica\u00e7\u00e3o do instalador! Visite a Universidade Enphase para obter a sua certifica\u00e7\u00e3o.<\/p>\n<p>Bateria Enphase IQ 3T\/10T Caracter\u00edsticas:<\/p>\n<ul>\n<li>Sistema de baterias CA totalmente integrado com microinversores IQ 8X-BAT incorporados.<\/li>\n<li>Liga\u00e7\u00e3o perfeita \u00e0 corrente el\u00e9ctrica CA de uma instala\u00e7\u00e3o dom\u00e9stica normal.<\/li>\n<li>Ajustes \u00f3ptimos do sistema adaptados \u00e0s necessidades do utilizador.<\/li>\n<li>Controlo e monitoriza\u00e7\u00e3o convenientes atrav\u00e9s de uma aplica\u00e7\u00e3o m\u00f3vel.<\/li>\n<li>Design de arrefecimento passivo (sem pe\u00e7as m\u00f3veis ou ventoinhas).<\/li>\n<li>Desempenho de longa dura\u00e7\u00e3o com uma garantia de 10 anos.<\/li>\n<\/ul>\n<p>Observe que a certifica\u00e7\u00e3o do instalador \u00e9 obrigat\u00f3ria para a instala\u00e7\u00e3o da bateria. Pode contactar o seu gestor de conta Enphase para obter detalhes sobre a certifica\u00e7\u00e3o.<\/p>\n<p>Dispositivo necess\u00e1rio: Enphase IQ Gateway-S Medido.<\/p>\n<p>O Enphase IQ 3T oferece uma capacidade total de armazenamento de 3,5 kWh e possui quatro microinversores integrados com uma pot\u00eancia combinada de 1,28 kW.<\/p>\n<p>Os instaladores podem conceber eficazmente sistemas para satisfazer as necessidades energ\u00e9ticas tanto dos novos clientes como dos que j\u00e1 possuem instala\u00e7\u00f5es de pain\u00e9is solares.<\/p>\n<p>O sistema de armazenamento de baterias Encharge 3T inclui microinversores integrados da s\u00e9rie IQ da Enphase e uma unidade de gest\u00e3o de baterias (BMU).<\/p>\n<p>Conte\u00fado da embalagem:<\/p>\n<ul>\n<li>1x Unidade base Encharge 3T (ENP-B03-T01-INT00-1-2)<\/li>\n<li>1x Kit de cobertura do Encharge 3T com acess\u00f3rios (ENP-B03T-C-0430-O)<\/li>\n<\/ul>\n<p><strong>Mais informa\u00e7\u00f5es:<\/strong><\/p>\n<ul>\n<li><a href=\"https:\/\/storeyourownpower.com\/wp-content\/uploads\/2022\/12\/Datenblatt-German-Encharge-3T.pdf\" target=\"_blank\" rel=\"noopener\">Dados alem\u00e3es sobre o Encharge 3T<\/a><\/li>\n<li><a href=\"https:\/\/storeyourownpower.com\/wp-content\/uploads\/2022\/12\/Datasheet-English-Encharge-3T.pdf\" target=\"_blank\" rel=\"noopener\">Ficha de dados Ingl\u00eas Encharge 3T<\/a><\/li>\n<li><a href=\"https:\/\/storeyourownpower.com\/wp-content\/uploads\/2022\/12\/Warranty-terms-English-Encharge-3T.pdf\" target=\"_blank\" rel=\"noopener\">Termos da garantia Ingl\u00eas Encharge 3T<\/a><\/li>\n<li><a href=\"https:\/\/storeyourownpower.com\/wp-content\/uploads\/2022\/12\/Warranty-terms-German-Encharge-3T.pdf\" target=\"_blank\" rel=\"noopener\">Condi\u00e7\u00f5es de garantia German Encharge 3T<\/a><\/li>\n<li><a href=\"https:\/\/storeyourownpower.com\/wp-content\/uploads\/2022\/12\/Mounting-instructions-English-Encharge-3T.pdf\" target=\"_blank\" rel=\"noopener\">Instru\u00e7\u00f5es de montagem Ingl\u00eas Encharge 3T<\/a><\/li>\n<\/ul>","protected":false},"excerpt":{"rendered":"<p>15 anos de garantia neste pre\u00e7o!<\/p>","protected":false},"featured_media":546,"template":"","meta":{"_seopress_robots_primary_cat":"none","_seopress_titles_title":"Enphase Encharge 3T: Long-lasting battery storage system with integrated microinverters and warranty","_seopress_titles_desc":"Installer certification required! Optimal AC battery system with mobile app control, passive cooling, and 10-year warranty. Get certified at Enphase University.","_seopress_robots_index":"","_kad_blocks_custom_css":"","_kad_blocks_head_custom_js":"","_kad_blocks_body_custom_js":"","_kad_blocks_footer_custom_js":""},"product_cat":[17],"product_tag":[],"class_list":{"0":"post-545","1":"product","2":"type-product","3":"status-publish","4":"has-post-thumbnail","6":"product_cat-home-batteries","8":"first","9":"instock","10":"sale","11":"taxable","12":"shipping-taxable","13":"purchasable","14":"product-type-simple"},"taxonomy_info":{"product_cat":[{"value":17,"label":"Home batteries"}]},"featured_image_src_large":["https:\/\/ownpowr.com\/wp-content\/uploads\/2022\/12\/1-8-2-6-18265324d3fe1b03cc0df847668d9c62cbe673aa_det_bp_ee_encharge_3t-jpg_600x600@2x.jpeg",600,540,false],"author_info":[],"comment_info":"","_links":{"self":[{"href":"https:\/\/ownpowr.com\/pt\/wp-json\/wp\/v2\/product\/545","targetHints":{"allow":["GET"]}}],"collection":[{"href":"https:\/\/ownpowr.com\/pt\/wp-json\/wp\/v2\/product"}],"about":[{"href":"https:\/\/ownpowr.com\/pt\/wp-json\/wp\/v2\/types\/product"}],"wp:featuredmedia":[{"embeddable":true,"href":"https:\/\/ownpowr.com\/pt\/wp-json\/wp\/v2\/media\/546"}],"wp:attachment":[{"href":"https:\/\/ownpowr.com\/pt\/wp-json\/wp\/v2\/media?parent=545"}],"wp:term":[{"taxonomy":"product_cat","embeddable":true,"href":"https:\/\/ownpowr.com\/pt\/wp-json\/wp\/v2\/product_cat?post=545"},{"taxonomy":"product_tag","embeddable":true,"href":"https:\/\/ownpowr.com\/pt\/wp-json\/wp\/v2\/product_tag?post=545"}],"curies":[{"name":"wp","href":"https:\/\/api.w.org\/{rel}","templated":true}]}}