{"id":549,"date":"2022-12-01T12:58:41","date_gmt":"2022-12-01T10:58:41","guid":{"rendered":"https:\/\/ownpowr.com\/product\/sungrow-sh10-0rt-v112\/"},"modified":"2025-03-30T21:03:00","modified_gmt":"2025-03-30T19:03:00","slug":"sungrow-sh10-0rt-v112","status":"publish","type":"product","link":"https:\/\/ownpowr.com\/pt\/product\/sungrow-sh10-0rt-v112\/","title":{"rendered":"Sungrow Inversor h\u00edbrido SH10.0RT 10 kW"},"content":{"rendered":"<p>Sungrow SH10.0RT-V112<\/p>\n<p>Aplica\u00e7\u00e3o flex\u00edvel:<\/p>\n<p>- Ampla gama de tens\u00e3o da bateria 150-600V<\/p>\n<p>- Suporta liga\u00e7\u00e3o paralela com controlo mestre-escravo<\/p>\n<p>- Fornece energia 100% para desequilibrar cargas em modo de reserva<\/p>\n<p>Gest\u00e3o inteligente:<\/p>\n<p>- Elevado autoconsumo com EMS incorporado optimizado<\/p>\n<p>- Monitoriza\u00e7\u00e3o em linha gratuita para melhorar a gest\u00e3o da energia para o utilizador final, o instalador e o retalhista<\/p>\n<p>- Atualiza\u00e7\u00e3o remota do firmware e defini\u00e7\u00f5es personaliz\u00e1veis<\/p>\n<p>Independ\u00eancia energ\u00e9tica:<\/p>\n<p>- Transi\u00e7\u00e3o perfeita para o modo de reserva para prote\u00e7\u00e3o contra falhas de energia<\/p>\n<p>- Carregamento\/descarregamento r\u00e1pido para satisfazer a procura de um consumo mais elevado<\/p>\n<p>Instala\u00e7\u00e3o f\u00e1cil:<\/p>\n<p>- Conectores de encaixe \u00fanicos para uma instala\u00e7\u00e3o que poupa tempo<\/p>\n<p>- Coloca\u00e7\u00e3o em funcionamento sem contacto com o smartphone<\/p>\n<p>- Leve e compacto<\/p>\n<p><a href=\"https:\/\/storeyourownpower.com\/wp-content\/uploads\/2022\/12\/Datasheet-English-2.pdf\" target=\"_blank\" rel=\"noopener\">Ficha de dados Ingl\u00eas<\/a><br \/>\n<a href=\"https:\/\/storeyourownpower.com\/wp-content\/uploads\/2022\/12\/Datasheet-German-2.pdf\" target=\"_blank\" rel=\"noopener\">Ficha de dados em alem\u00e3o<\/a><br \/>\n<a href=\"https:\/\/storeyourownpower.com\/wp-content\/uploads\/2022\/11\/DE-FS-SHRT-und-SBR-Unterschiede-und-Kompatibilita\u0308t-Versionen.pdf\" target=\"_blank\" rel=\"noopener\">Diferen\u00e7as e compatibilidade das vers\u00f5es SHRT e SBR<\/a><\/p>","protected":false},"excerpt":{"rendered":"<p>Sungrow SH10.0RT-V112 Aplica\u00e7\u00e3o flex\u00edvel: - Ampla gama de tens\u00e3o da bateria de 150-600V - Suporta liga\u00e7\u00e3o paralela com controlo mestre-slave - Fornece energia 100% para desequilibrar cargas em modo de reserva Gest\u00e3o inteligente: - [...]<\/p>","protected":false},"featured_media":550,"template":"","meta":{"_seopress_robots_primary_cat":"none","_seopress_titles_title":"Sungrow SH10.0RT-V112: Flexible Application, Smart Management, Energy Independence, Easy Installation","_seopress_titles_desc":"Discover the Sungrow SH10.0RT-V112 with wide battery voltage range, smart management features, seamless backup mode, and easy installation for energy independence.","_seopress_robots_index":"","_kad_blocks_custom_css":"","_kad_blocks_head_custom_js":"","_kad_blocks_body_custom_js":"","_kad_blocks_footer_custom_js":""},"product_cat":[18],"product_tag":[],"class_list":{"0":"post-549","1":"product","2":"type-product","3":"status-publish","4":"has-post-thumbnail","6":"product_cat-hybrid-inverters","8":"first","9":"outofstock","10":"sale","11":"taxable","12":"shipping-taxable","13":"purchasable","14":"product-type-simple"},"taxonomy_info":{"product_cat":[{"value":18,"label":"Hybrid inverters"}]},"featured_image_src_large":["https:\/\/ownpowr.com\/wp-content\/uploads\/2022\/12\/b-1-1-f-b11f61014011a7497a53e4a35156c0f10529e03c_det_ivh_sung_shx-xrt-jpg_600x600@2x.jpeg",600,540,false],"author_info":[],"comment_info":"","_links":{"self":[{"href":"https:\/\/ownpowr.com\/pt\/wp-json\/wp\/v2\/product\/549","targetHints":{"allow":["GET"]}}],"collection":[{"href":"https:\/\/ownpowr.com\/pt\/wp-json\/wp\/v2\/product"}],"about":[{"href":"https:\/\/ownpowr.com\/pt\/wp-json\/wp\/v2\/types\/product"}],"wp:featuredmedia":[{"embeddable":true,"href":"https:\/\/ownpowr.com\/pt\/wp-json\/wp\/v2\/media\/550"}],"wp:attachment":[{"href":"https:\/\/ownpowr.com\/pt\/wp-json\/wp\/v2\/media?parent=549"}],"wp:term":[{"taxonomy":"product_cat","embeddable":true,"href":"https:\/\/ownpowr.com\/pt\/wp-json\/wp\/v2\/product_cat?post=549"},{"taxonomy":"product_tag","embeddable":true,"href":"https:\/\/ownpowr.com\/pt\/wp-json\/wp\/v2\/product_tag?post=549"}],"curies":[{"name":"wp","href":"https:\/\/api.w.org\/{rel}","templated":true}]}}