{"id":610,"date":"2023-01-12T07:31:13","date_gmt":"2023-01-12T05:31:13","guid":{"rendered":"https:\/\/ownpowr.com\/product\/sungrow-sbr-accessories-bms\/"},"modified":"2025-02-27T10:14:26","modified_gmt":"2025-02-27T08:14:26","slug":"sungrow-sbr-accessories-bms","status":"publish","type":"product","link":"https:\/\/ownpowr.com\/pt\/product\/sungrow-sbr-acessorios-bms\/","title":{"rendered":"Sungrow Bateria SBR premium BMS + acess\u00f3rios V2\/V1 (v114)"},"content":{"rendered":"<p>Sungrow BATERIA SBR ACESS\u00d3RIOS PREMIUM Sistema de gest\u00e3o da bateria + Acess\u00f3rios V2 Azul V1 Laranja<\/p>\n<p>Este sistema de baterias foi especificamente concebido para solu\u00e7\u00f5es de armazenamento de energia residencial.<\/p>\n<p>O sistema integrado de gest\u00e3o da bateria supervisiona constantemente o seu desempenho, garantindo um funcionamento seguro dentro dos par\u00e2metros definidos.<\/p>\n<p>Componentes inclu\u00eddos:<\/p>\n<ul>\n<li>1x Suporte de pilhas<\/li>\n<li>1x tampa da bateria<\/li>\n<li>1x Interruptor de bateria<\/li>\n<li>1x Suporte<\/li>\n<li>1x Cablagem<\/li>\n<li>1x Parafuso<\/li>\n<li>2x Conjunto de \u00e2ncoras de expans\u00e3o<\/li>\n<li>4x P\u00e9s<\/li>\n<li>6x Parafuso M5<\/li>\n<li>4x Coilover M5<\/li>\n<li>2x anilhas M6<\/li>\n<li>1x Documenta\u00e7\u00e3o<\/li>\n<\/ul>","protected":false},"excerpt":{"rendered":"<p>Sungrow SBR BATERIA ACESS\u00d3RIOS PREMIUM Sistema de Gest\u00e3o de Bateria + Acess\u00f3rios V2 Azul V1 Laranja Este sistema de bateria foi especificamente concebido para solu\u00e7\u00f5es de armazenamento de energia residencial. O sistema integrado de gest\u00e3o de baterias [...]<\/p>","protected":false},"featured_media":611,"template":"","meta":{"_seopress_robots_primary_cat":"none","_seopress_titles_title":"","_seopress_titles_desc":"","_seopress_robots_index":"","_kad_blocks_custom_css":"","_kad_blocks_head_custom_js":"","_kad_blocks_body_custom_js":"","_kad_blocks_footer_custom_js":""},"product_cat":[33,17],"product_tag":[],"class_list":{"0":"post-610","1":"product","2":"type-product","3":"status-publish","4":"has-post-thumbnail","6":"product_cat-accessories","7":"product_cat-home-batteries","9":"first","10":"instock","11":"sale","12":"taxable","13":"shipping-taxable","14":"purchasable","15":"product-type-simple"},"taxonomy_info":{"product_cat":[{"value":33,"label":"Accessories"},{"value":17,"label":"Home batteries"}]},"featured_image_src_large":["https:\/\/ownpowr.com\/wp-content\/uploads\/2023\/01\/Sungrow-Management-System.jpeg",420,420,false],"author_info":[],"comment_info":"","_links":{"self":[{"href":"https:\/\/ownpowr.com\/pt\/wp-json\/wp\/v2\/product\/610","targetHints":{"allow":["GET"]}}],"collection":[{"href":"https:\/\/ownpowr.com\/pt\/wp-json\/wp\/v2\/product"}],"about":[{"href":"https:\/\/ownpowr.com\/pt\/wp-json\/wp\/v2\/types\/product"}],"wp:featuredmedia":[{"embeddable":true,"href":"https:\/\/ownpowr.com\/pt\/wp-json\/wp\/v2\/media\/611"}],"wp:attachment":[{"href":"https:\/\/ownpowr.com\/pt\/wp-json\/wp\/v2\/media?parent=610"}],"wp:term":[{"taxonomy":"product_cat","embeddable":true,"href":"https:\/\/ownpowr.com\/pt\/wp-json\/wp\/v2\/product_cat?post=610"},{"taxonomy":"product_tag","embeddable":true,"href":"https:\/\/ownpowr.com\/pt\/wp-json\/wp\/v2\/product_tag?post=610"}],"curies":[{"name":"wp","href":"https:\/\/api.w.org\/{rel}","templated":true}]}}