{"id":620,"date":"2023-10-04T16:36:05","date_gmt":"2023-10-04T14:36:05","guid":{"rendered":"https:\/\/ownpowr.com\/product\/byd-premium-lvs-pdu-base\/"},"modified":"2025-10-15T14:01:34","modified_gmt":"2025-10-15T12:01:34","slug":"byd-premium-lvs-pdu-base","status":"publish","type":"product","link":"https:\/\/ownpowr.com\/pt\/product\/byd-premium-lvs-pdu-base\/","title":{"rendered":"BYD premium LVS PDU + base"},"content":{"rendered":"<p>BYD Sistema de controlo de bateria LVS Premium com base<\/p>\n<p>A PDU (Unidade de Distribui\u00e7\u00e3o de Energia) LVS Premium BYD com base \u00e9 uma unidade de controlo concebida para o conjunto de baterias LVS. Cada pilha de baterias requer uma PDU para um funcionamento \u00f3timo.<\/p>\n<p>Caracter\u00edsticas principais:<\/p>\n<ul>\n<li>Capacidade escal\u00e1vel de 4 kWh a 256 kWh<\/li>\n<li>M\u00e1xima flexibilidade com suporte para at\u00e9 64 m\u00f3dulos de bateria<\/li>\n<li>Capacidade de liga\u00e7\u00e3o em paralelo<\/li>\n<li>Compat\u00edvel com os principais inversores monof\u00e1sicos e trif\u00e1sicos<\/li>\n<li>Utiliza a tecnologia de bateria de fosfato de ferro e l\u00edtio sem cobalto (LFP) para maior seguran\u00e7a, ciclos de vida mais longos e desempenho de energia superior<\/li>\n<li>Capacidade de backup de emerg\u00eancia de alta pot\u00eancia e funcionalidade fora da rede<\/li>\n<li>O design patenteado da ficha interna elimina a necessidade de cablagem adicional<\/li>\n<li>Otimiza\u00e7\u00e3o do autoconsumo adequada para aplica\u00e7\u00f5es residenciais e comerciais<\/li>\n<\/ul>\n<p>CAIXA DE PILHAS PREMIUM LVS<\/p>\n<p>M\u00f3dulo de 4 kWh Transporte e instala\u00e7\u00e3o simplificados com design modular<\/p>\n<p>A Battery-Box Premium LVS BYD \u00e9 uma bateria vers\u00e1til de fosfato de ferro e l\u00edtio (LFP) concebida para utiliza\u00e7\u00e3o com um inversor externo. Cada Battery-Box Premium LVS \u00e9 composta por 1 a 6 m\u00f3dulos de bateria empilhados em paralelo, proporcionando capacidades utiliz\u00e1veis que variam entre 4 e 24,0 kWh numa \u00fanica torre. As configura\u00e7\u00f5es dispon\u00edveis incluem:<\/p>\n<ul>\n<li>Caixa de bateria LVS 4.0 (4 kWh)<\/li>\n<li>Caixa de bateria LVS 8.0 (8 kWh)<\/li>\n<li>Caixa de bateria LVS 12.0 (12 kWh)<\/li>\n<li>Caixa de bateria LVS 16.0 (16 kWh)<\/li>\n<li>Caixa de bateria LVS 20.0 (20 kWh - apenas torre \u00fanica)<\/li>\n<li>Battery-Box LVS 24.0 (24 kWh - apenas torre \u00fanica)<\/li>\n<\/ul>\n<p>Para necessidades de armazenamento de energia maiores, pode ligar at\u00e9 16 unidades Battery-Box LVS 16.0 em paralelo, resultando numa capacidade m\u00e1xima de 256 kWh. Al\u00e9m disso, o sistema oferece escalabilidade, permitindo a adi\u00e7\u00e3o de m\u00f3dulos LVS ou torres paralelas contendo 1 a 4 m\u00f3dulos numa fase posterior.<\/p>\n<h2><strong style=\"font-size: 16px\">Mais informa\u00e7\u00f5es:<\/strong><\/h2>\n<ul>\n<li><a href=\"https:\/\/storeyourownpower.com\/wp-content\/uploads\/2023\/01\/Datasheet-English-LVS.pdf\" target=\"_blank\" rel=\"noopener\">Ficha de dados LVS<\/a><\/li>\n<li><a href=\"https:\/\/storeyourownpower.com\/wp-content\/uploads\/2023\/01\/Datenblatt-German-LVS.pdf\" target=\"_blank\" rel=\"noopener\">Dados do LVS alem\u00e3o<\/a><\/li>\n<li><a href=\"https:\/\/storeyourownpower.com\/wp-content\/uploads\/2023\/01\/Mounting-instructions-English-LVS.pdf\" target=\"_blank\" rel=\"noopener\">Instru\u00e7\u00f5es de montagem Ingl\u00eas LVS<\/a><\/li>\n<li><a href=\"https:\/\/storeyourownpower.com\/wp-content\/uploads\/2023\/01\/Mounting-instructions-German-LVS.pdf\" target=\"_blank\" rel=\"noopener\">Instru\u00e7\u00f5es de montagem LVS alem\u00e3o<\/a><\/li>\n<li><a href=\"https:\/\/storeyourownpower.com\/wp-content\/uploads\/2023\/01\/Warranty-terms-English.pdf\" target=\"_blank\" rel=\"noopener\">Termos da garantia Ingl\u00eas<\/a><\/li>\n<li><a href=\"https:\/\/storeyourownpower.com\/wp-content\/uploads\/2023\/01\/Warranty-terms-German-LVS.pdf\" target=\"_blank\" rel=\"noopener\">Termos de garantia LVS alem\u00e3o<\/a><\/li>\n<\/ul>","protected":false},"excerpt":{"rendered":"<p>Sistema de Controlo de Baterias LVS Premium BYD com Base A PDU (Unidade de Distribui\u00e7\u00e3o de Energia) LVS Premium BYD com base \u00e9 uma unidade de controlo concebida para o conjunto de baterias LVS. Cada pilha [...]<\/p>","protected":false},"featured_media":621,"template":"","meta":{"_seopress_robots_primary_cat":"none","_seopress_titles_title":"BYD Premium LVS PDU + base | Maximum Flexibility for any Application","_seopress_titles_desc":"The BYD Battery-Box Premium LVS offers scalable power storage from 4 kWh to 256 kWh with safety, flexibility, and high-powered capabilities for residential and commercial applications.","_seopress_robots_index":"","_kad_blocks_custom_css":"","_kad_blocks_head_custom_js":"","_kad_blocks_body_custom_js":"","_kad_blocks_footer_custom_js":""},"product_cat":[17],"product_tag":[],"class_list":{"0":"post-620","1":"product","2":"type-product","3":"status-publish","4":"has-post-thumbnail","6":"product_cat-home-batteries","8":"first","9":"instock","10":"sale","11":"taxable","12":"shipping-taxable","13":"purchasable","14":"product-type-simple"},"taxonomy_info":{"product_cat":[{"value":17,"label":"Home batteries"}]},"featured_image_src_large":["https:\/\/ownpowr.com\/wp-content\/uploads\/2023\/01\/BYD-LVS-BMU.jpeg",600,540,false],"author_info":[],"comment_info":"","_links":{"self":[{"href":"https:\/\/ownpowr.com\/pt\/wp-json\/wp\/v2\/product\/620","targetHints":{"allow":["GET"]}}],"collection":[{"href":"https:\/\/ownpowr.com\/pt\/wp-json\/wp\/v2\/product"}],"about":[{"href":"https:\/\/ownpowr.com\/pt\/wp-json\/wp\/v2\/types\/product"}],"wp:featuredmedia":[{"embeddable":true,"href":"https:\/\/ownpowr.com\/pt\/wp-json\/wp\/v2\/media\/621"}],"wp:attachment":[{"href":"https:\/\/ownpowr.com\/pt\/wp-json\/wp\/v2\/media?parent=620"}],"wp:term":[{"taxonomy":"product_cat","embeddable":true,"href":"https:\/\/ownpowr.com\/pt\/wp-json\/wp\/v2\/product_cat?post=620"},{"taxonomy":"product_tag","embeddable":true,"href":"https:\/\/ownpowr.com\/pt\/wp-json\/wp\/v2\/product_tag?post=620"}],"curies":[{"name":"wp","href":"https:\/\/api.w.org\/{rel}","templated":true}]}}