{"id":631,"date":"2023-10-05T01:25:09","date_gmt":"2023-10-04T23:25:09","guid":{"rendered":"https:\/\/ownpowr.com\/product\/sofar-solar-hyd-10ktl-3ph\/"},"modified":"2025-03-27T12:59:51","modified_gmt":"2025-03-27T10:59:51","slug":"sofar-solar-hyd-10ktl-3ph","status":"publish","type":"product","link":"https:\/\/ownpowr.com\/pt\/product\/sofar-solar-hyd-10ktl-3ph\/","title":{"rendered":"SofarSolar HYD-10KTL-3PH"},"content":{"rendered":"<p>A nossa mais recente adi\u00e7\u00e3o ao segmento dos inversores, o fabricante chin\u00eas Sofar Solar, est\u00e1 a lan\u00e7ar uma gama completa de produtos.<\/p>\n<p>Os inversores h\u00edbridos da s\u00e9rie HYD KTL-3PH brilham com uma vasta gama de tens\u00f5es para potentes gera\u00e7\u00f5es de m\u00f3dulos e at\u00e9 2 liga\u00e7\u00f5es de baterias. A prote\u00e7\u00e3o integrada contra sobretens\u00e3o AC + DC e a gest\u00e3o de sombras tamb\u00e9m fazem parte do equipamento de s\u00e9rie. Com classes de pot\u00eancia de 5 a 20 kW, encontrar\u00e1 sempre a op\u00e7\u00e3o certa.<\/p>\n<p>Baterias compat\u00edveis:<\/p>\n<p>- Pylontech For\u00e7a H1 14,2 a 24,86<\/p>\n<p>- Pylontech Force H2 7,1 a 14,2<\/p>\n<p>- Axitec AXIstorage Li SV1 13,5 a 23,6<\/p>\n<p>- Axitec AXIstorage Li SV2 6.7 a 13.5<\/p>\n<p>Vantagens do produto:<\/p>\n<p>- Ampla gama de tens\u00e3o MPPT de 180 a 960 V<\/p>\n<p>- Prote\u00e7\u00e3o integrada contra sobretens\u00e3o AC \/ DC tipo II<\/p>\n<p>- Gest\u00e3o ativa da sombra<\/p>\n<p>Caracter\u00edsticas do produto:<\/p>\n<p>- Pot\u00eancia AC: 5 kW<\/p>\n<p>- N\u00famero de MPPT: 2<\/p>\n<p>- Fases de liga\u00e7\u00e3o: 3<\/p>\n<p>- Interfaces: RS485, WiFi, Bluetooth, Ethernet, 4 x dig.In (FRE)<\/p>\n<p>- Ficha de liga\u00e7\u00e3o: MC4<\/p>\n<p>- Classe de prote\u00e7\u00e3o: IP 65<\/p>\n<p>- Arrefecimento: passivo<\/p>\n<p>- Dimens\u00f5es: 571 x 515 x 264 mm (AxLxP)<\/p>\n<p>- Peso: 33,0 kg<\/p>\n<p>- Garantia: 5 anos<\/p>\n<p><a href=\"https:\/\/storeyourownpower.com\/wp-content\/uploads\/2023\/02\/Datasheet-German-Sofar.pdf\" target=\"_blank\" rel=\"noopener\">Ficha de dados Alem\u00e3o Sofar<\/a><\/p>","protected":false},"excerpt":{"rendered":"<p>A nossa mais recente adi\u00e7\u00e3o ao segmento dos inversores, o fabricante chin\u00eas Sofar Solar, est\u00e1 a lan\u00e7ar uma gama completa de produtos. Os inversores h\u00edbridos da s\u00e9rie HYD KTL-3PH brilham com uma ampla tens\u00e3o [...]<\/p>","protected":false},"featured_media":628,"template":"","meta":{"_seopress_robots_primary_cat":"none","_seopress_titles_title":"Sofar Solar HYD 10KTL-3PH","_seopress_titles_desc":"Sofar Solar HYD KTL-3PH series offers a wide voltage range, 2 battery connections, overvoltage protection, shadow management, and more. Find the perfect power class from 5 to 20 kW.","_seopress_robots_index":"","_kad_blocks_custom_css":"","_kad_blocks_head_custom_js":"","_kad_blocks_body_custom_js":"","_kad_blocks_footer_custom_js":""},"product_cat":[18],"product_tag":[],"class_list":{"0":"post-631","1":"product","2":"type-product","3":"status-publish","4":"has-post-thumbnail","6":"product_cat-hybrid-inverters","8":"first","9":"instock","10":"sale","11":"taxable","12":"shipping-taxable","13":"purchasable","14":"product-type-simple"},"taxonomy_info":{"product_cat":[{"value":18,"label":"Hybrid inverters"}]},"featured_image_src_large":["https:\/\/ownpowr.com\/wp-content\/uploads\/2023\/02\/Sofar-inverter.jpeg",672,606,false],"author_info":[],"comment_info":"","_links":{"self":[{"href":"https:\/\/ownpowr.com\/pt\/wp-json\/wp\/v2\/product\/631","targetHints":{"allow":["GET"]}}],"collection":[{"href":"https:\/\/ownpowr.com\/pt\/wp-json\/wp\/v2\/product"}],"about":[{"href":"https:\/\/ownpowr.com\/pt\/wp-json\/wp\/v2\/types\/product"}],"wp:featuredmedia":[{"embeddable":true,"href":"https:\/\/ownpowr.com\/pt\/wp-json\/wp\/v2\/media\/628"}],"wp:attachment":[{"href":"https:\/\/ownpowr.com\/pt\/wp-json\/wp\/v2\/media?parent=631"}],"wp:term":[{"taxonomy":"product_cat","embeddable":true,"href":"https:\/\/ownpowr.com\/pt\/wp-json\/wp\/v2\/product_cat?post=631"},{"taxonomy":"product_tag","embeddable":true,"href":"https:\/\/ownpowr.com\/pt\/wp-json\/wp\/v2\/product_tag?post=631"}],"curies":[{"name":"wp","href":"https:\/\/api.w.org\/{rel}","templated":true}]}}