{"id":652,"date":"2023-10-05T01:03:14","date_gmt":"2023-10-04T23:03:14","guid":{"rendered":"https:\/\/ownpowr.com\/product\/alphaess-smile-b3\/"},"modified":"2025-03-27T13:36:41","modified_gmt":"2025-03-27T11:36:41","slug":"alphaess-smile-b3","status":"publish","type":"product","link":"https:\/\/ownpowr.com\/pt\/product\/sorriso-de-alfaia-b3\/","title":{"rendered":"AlfaEss Smile B3"},"content":{"rendered":"<ul>\n<li class=\"l_b6bx1li fl slick-slide\" role=\"option\" data-slick-index=\"5\" aria-hidden=\"true\" aria-describedby=\"slick-slide05\">\n<div class=\"l_b6bx1lis\">\n<div class=\"ys_imgbox_cover\">\n<ul>\n<li id=\"\" class=\"l_b6bx1li fl slick-slide slick-cloned\" data-slick-index=\"6\" aria-hidden=\"true\">\n<div class=\"l_b6bx1lis\">\n<p>Apresentamos a solu\u00e7\u00e3o de armazenamento de energia SMILE-B3<\/p>\n<p>Desbloqueie o poder do armazenamento eficiente de energia com o SMILE-B3, um sistema robusto concebido para se adaptar sem problemas \u00e0 sua configura\u00e7\u00e3o existente. Esta solu\u00e7\u00e3o de 3 kW oferece uma gama de capacidades de 2,9 kWh a 17,2 kWh, garantindo flexibilidade para satisfazer as suas necessidades energ\u00e9ticas.<\/p>\n<p>Caracter\u00edsticas principais:<\/p>\n<ul>\n<li>Compatibilidade de reequipamento<\/li>\n<li>Capacidades de acoplamento AC<\/li>\n<li>Bateria incorporada para um desempenho melhorado<\/li>\n<li>Design modular para f\u00e1cil expans\u00e3o<\/li>\n<li>Instala\u00e7\u00e3o sem esfor\u00e7o<\/li>\n<li>Monitoriza\u00e7\u00e3o 24 horas por dia, 7 dias por semana, para uma maior tranquilidade<\/li>\n<\/ul>\n<p>Especifica\u00e7\u00f5es do SMILE-B3-PLUS:<\/p>\n<ul>\n<li>M\u00e1x. Pot\u00eancia de sa\u00edda CA: 3 kW<\/li>\n<li>Gama de capacidades: 2,9 - 17,2 kWh<\/li>\n<li>Corrente m\u00e1xima. Corrente de carga\/descarga: 60 A<\/li>\n<li>Profundidade de descarga (DoD): 96%<\/li>\n<li>Dimens\u00f5es (L x P x A): 610 x 219 x 650 mm<\/li>\n<li>Gama de temperaturas de funcionamento: -10\u00b0C a 50\u00b0C<\/li>\n<li>Prote\u00e7\u00e3o IP: IP65 \/ IP21<\/li>\n<li>Garantia: 5 anos de garantia do produto, 10 anos de garantia de desempenho<\/li>\n<\/ul>\n<p>O SMILE-B3 \u00e9 a solu\u00e7\u00e3o ideal para sistemas solares sem a atual integra\u00e7\u00e3o de baterias. Pode ser emparelhado com at\u00e9 seis baterias de 2,9 kWh, expandindo a sua capacidade de armazenamento para uns impressionantes 17,2 kWh. Actualize o seu armazenamento de energia com o SMILE-B3 e experimente uma gest\u00e3o de energia eficiente e fi\u00e1vel.<\/p>\n<\/div>\n<\/li>\n<\/ul>\n<\/div>\n<\/div>\n<\/li>\n<\/ul>\n<p><a href=\"https:\/\/storeyourownpower.com\/wp-content\/uploads\/2023\/02\/Datasheet-Smile-B3.pdf\" target=\"_blank\" rel=\"noopener\">Ficha t\u00e9cnica Smile B3<\/a><\/p>","protected":false},"excerpt":{"rendered":"<p>&nbsp;<\/p>\n<p>&nbsp;<\/p>","protected":false},"featured_media":653,"template":"","meta":{"_seopress_robots_primary_cat":"none","_seopress_titles_title":"Expand Your Solar Storage: SMILE-B3 3kW Retrofit AC-Coupling with Built-in Battery","_seopress_titles_desc":"Upgrade your existing solar system with SMILE-B3, a modular and easy-to-install solution that maximizes your storage capacity to 17.2kWh.","_seopress_robots_index":"","_kad_blocks_custom_css":"","_kad_blocks_head_custom_js":"","_kad_blocks_body_custom_js":"","_kad_blocks_footer_custom_js":""},"product_cat":[17],"product_tag":[],"class_list":{"0":"post-652","1":"product","2":"type-product","3":"status-publish","4":"has-post-thumbnail","6":"product_cat-home-batteries","8":"first","9":"instock","10":"sale","11":"taxable","12":"shipping-taxable","13":"purchasable","14":"product-type-simple"},"taxonomy_info":{"product_cat":[{"value":17,"label":"Home batteries"}]},"featured_image_src_large":["https:\/\/ownpowr.com\/wp-content\/uploads\/2023\/02\/320_320_Product_logo_storage_system_5d3ab2d32f5cd.png",320,286,false],"author_info":[],"comment_info":"","_links":{"self":[{"href":"https:\/\/ownpowr.com\/pt\/wp-json\/wp\/v2\/product\/652","targetHints":{"allow":["GET"]}}],"collection":[{"href":"https:\/\/ownpowr.com\/pt\/wp-json\/wp\/v2\/product"}],"about":[{"href":"https:\/\/ownpowr.com\/pt\/wp-json\/wp\/v2\/types\/product"}],"wp:featuredmedia":[{"embeddable":true,"href":"https:\/\/ownpowr.com\/pt\/wp-json\/wp\/v2\/media\/653"}],"wp:attachment":[{"href":"https:\/\/ownpowr.com\/pt\/wp-json\/wp\/v2\/media?parent=652"}],"wp:term":[{"taxonomy":"product_cat","embeddable":true,"href":"https:\/\/ownpowr.com\/pt\/wp-json\/wp\/v2\/product_cat?post=652"},{"taxonomy":"product_tag","embeddable":true,"href":"https:\/\/ownpowr.com\/pt\/wp-json\/wp\/v2\/product_tag?post=652"}],"curies":[{"name":"wp","href":"https:\/\/api.w.org\/{rel}","templated":true}]}}