{"id":663,"date":"2023-10-05T01:20:48","date_gmt":"2023-10-04T23:20:48","guid":{"rendered":"https:\/\/ownpowr.com\/product\/alphaess-smile-t10-inverter\/"},"modified":"2025-03-27T13:36:53","modified_gmt":"2025-03-27T11:36:53","slug":"alphaess-smile-t10-inverter","status":"publish","type":"product","link":"https:\/\/ownpowr.com\/pt\/product\/inversor-alphaess-smile-t10\/","title":{"rendered":"Inversor AlphaEss Smile T10-HV"},"content":{"rendered":"<h3>Inversor AlphaEss Smile T10-HV<\/h3>\n<ul>\n<li>Design cl\u00e1ssico<img decoding=\"async\" src=\"https:\/\/www.alphaess.com\/Public\/Uploads\/uploadfile\/images\/20220428\/Design.svg\" alt=\"Desenho.svg\" \/><\/li>\n<li>Melhor vendedor <img decoding=\"async\" src=\"https:\/\/www.alphaess.com\/Public\/Uploads\/uploadfile\/images\/20220428\/BestSeller.svg\" alt=\"BestSeller.svg\" \/><\/li>\n<li>Preparado para VPP<img decoding=\"async\" src=\"https:\/\/www.alphaess.com\/Public\/Uploads\/uploadfile\/images\/20220428\/VPPReady.svg\" alt=\"VPPReady.svg\" \/><\/li>\n<li>Capacidade UPS<img decoding=\"async\" src=\"https:\/\/www.alphaess.com\/Public\/Uploads\/uploadfile\/images\/20220523\/UPS.svg\" alt=\"UPS.svg\" \/><\/li>\n<li>Alta compatibilidade<img decoding=\"async\" class=\"\" src=\"https:\/\/www.alphaess.com\/Public\/Uploads\/uploadfile\/images\/20220523\/HighCompatibility.svg\" alt=\"AltaCompatibilidade.svg\" width=\"24\" height=\"24\" \/><\/li>\n<\/ul>\n<p>&nbsp;<\/p>\n<p><strong>Mais informa\u00e7\u00f5es<\/strong><\/p>\n<table class=\"enf-compare-pages-table mk-main-table\" width=\"680\">\n<tbody>\n<tr>\n<td class=\"mk-td-visible\">\n<div><\/div>\n<\/td>\n<\/tr>\n<tr class=\"mk-group-title\">\n<th>Especifica\u00e7\u00e3o<\/th>\n<td class=\"mk-td-visible\"><\/td>\n<\/tr>\n<tr>\n<th>Garantia do produto (Min)<\/th>\n<td class=\"mk-td-visible ar:text-right\">5 anos<\/td>\n<\/tr>\n<tr>\n<th>Categoria de sistema de armazenamento<\/th>\n<td class=\"mk-td-visible ar:text-right\">Inteligente<\/td>\n<\/tr>\n<tr>\n<th>Tecnologia de sistemas de armazenamento<\/th>\n<td class=\"mk-td-visible ar:text-right\">LFP (LiFePo4)<\/td>\n<\/tr>\n<tr class=\"mk-group-title-storage-system\">\n<th colspan=\"2\">Folha de dados da bateria<\/th>\n<\/tr>\n<tr class=\"mk-group-title\">\n<th>Dados el\u00e9ctricos<\/th>\n<td class=\"mk-td-visible\"><\/td>\n<\/tr>\n<tr>\n<th>Tens\u00e3o nominal<\/th>\n<td class=\"mk-td-visible\">\n<div>\n<table>\n<tbody>\n<tr>\n<td class=\"enf-api-spec-cell !p-[9px] md:!text-center !text-left ar:text-right active\" data-id=\"15888\">51.2 V<\/td>\n<\/tr>\n<\/tbody>\n<\/table>\n<\/div>\n<\/td>\n<\/tr>\n<tr>\n<th>M\u00e1x. Corrente de carga<\/th>\n<td class=\"mk-td-visible\">\n<div>\n<table>\n<tbody>\n<tr>\n<td class=\"enf-api-spec-cell !p-[9px] md:!text-center !text-left ar:text-right active\" data-id=\"15888\">56 A<\/td>\n<\/tr>\n<\/tbody>\n<\/table>\n<\/div>\n<\/td>\n<\/tr>\n<tr class=\"mk-group-title\">\n<th>Par\u00e2metros de temperatura<\/th>\n<td class=\"mk-td-visible\"><\/td>\n<\/tr>\n<tr>\n<th>Temperatura de funcionamento<\/th>\n<td class=\"mk-td-visible ar:text-right\">-10 ~ +50 \u2103<\/td>\n<\/tr>\n<tr class=\"mk-group-title\">\n<th>Dados gerais<\/th>\n<td class=\"mk-td-visible\"><\/td>\n<\/tr>\n<tr>\n<th>Dimens\u00e3o (L\/W\/H)<\/th>\n<td class=\"mk-td-visible\">\n<div>\n<table>\n<tbody>\n<tr>\n<td class=\"enf-api-spec-cell !p-[9px] md:!text-center !text-left ar:text-right active\" data-id=\"15888\">250x600x300 mm<\/td>\n<\/tr>\n<\/tbody>\n<\/table>\n<\/div>\n<\/td>\n<\/tr>\n<tr>\n<th>Peso<\/th>\n<td class=\"mk-td-visible\">\n<div>\n<table>\n<tbody>\n<tr>\n<td class=\"enf-api-spec-cell !p-[9px] md:!text-center !text-left ar:text-right active\" data-id=\"15888\">35 kg<\/td>\n<\/tr>\n<\/tbody>\n<\/table>\n<\/div>\n<\/td>\n<\/tr>\n<tr class=\"mk-group-title-storage-system\">\n<th colspan=\"2\">Ficha de dados do inversor solar<\/th>\n<\/tr>\n<tr class=\"mk-group-title\">\n<th>Dados de entrada do inversor (DC)<\/th>\n<td class=\"mk-td-visible\"><\/td>\n<\/tr>\n<tr>\n<th>M\u00e1x. Pot\u00eancia CC<\/th>\n<td class=\"mk-td-visible\">\n<div>\n<table>\n<tbody>\n<tr>\n<td class=\"enf-api-spec-cell !p-[9px] md:!text-center !text-left ar:text-right active\" data-id=\"15888\">10 kW<\/td>\n<\/tr>\n<\/tbody>\n<\/table>\n<\/div>\n<\/td>\n<\/tr>\n<tr>\n<th>M\u00e1x. Tens\u00e3o CC<\/th>\n<td class=\"mk-td-visible\">\n<div>\n<table>\n<tbody>\n<tr>\n<td class=\"enf-api-spec-cell !p-[9px] md:!text-center !text-left ar:text-right active\" data-id=\"15888\">900 V<\/td>\n<\/tr>\n<\/tbody>\n<\/table>\n<\/div>\n<\/td>\n<\/tr>\n<tr>\n<th>M\u00e1x. Corrente DC<\/th>\n<td class=\"mk-td-visible\">\n<div>\n<table>\n<tbody>\n<tr>\n<td class=\"enf-api-spec-cell !p-[9px] md:!text-center !text-left ar:text-right active\" data-id=\"15888\">23 A<\/td>\n<\/tr>\n<\/tbody>\n<\/table>\n<\/div>\n<\/td>\n<\/tr>\n<tr>\n<th>Gama de tens\u00e3o MPP(T)<\/th>\n<td class=\"mk-td-visible\">\n<div>\n<table>\n<tbody>\n<tr>\n<td class=\"enf-api-spec-cell !p-[9px] md:!text-center !text-left ar:text-right active\" data-id=\"15888\">250~850 V<\/td>\n<\/tr>\n<\/tbody>\n<\/table>\n<\/div>\n<\/td>\n<\/tr>\n<tr>\n<th>N.\u00ba de localizadores MPP<\/th>\n<td class=\"mk-td-visible\">\n<div>\n<table>\n<tbody>\n<tr>\n<td class=\"enf-api-spec-cell !p-[9px] md:!text-center !text-left ar:text-right active\" data-id=\"15888\">2<\/td>\n<\/tr>\n<\/tbody>\n<\/table>\n<\/div>\n<\/td>\n<\/tr>\n<tr class=\"mk-group-title\">\n<th>Dados de sa\u00edda do inversor (CA)<\/th>\n<td class=\"mk-td-visible\"><\/td>\n<\/tr>\n<tr>\n<th>M\u00e1ximo. Pot\u00eancia AC<\/th>\n<td class=\"mk-td-visible\">\n<div>\n<table>\n<tbody>\n<tr>\n<td class=\"enf-api-spec-cell !p-[9px] md:!text-center !text-left ar:text-right active\" data-id=\"15888\">10 kW<\/td>\n<\/tr>\n<\/tbody>\n<\/table>\n<\/div>\n<\/td>\n<\/tr>\n<tr>\n<th>Pot\u00eancia AC nominal<\/th>\n<td class=\"mk-td-visible\">\n<div>\n<table>\n<tbody>\n<tr>\n<td class=\"enf-api-spec-cell !p-[9px] md:!text-center !text-left ar:text-right active\" data-id=\"15888\">10 kW<\/td>\n<\/tr>\n<\/tbody>\n<\/table>\n<\/div>\n<\/td>\n<\/tr>\n<tr>\n<th>Tens\u00e3o CA nominal<\/th>\n<td class=\"mk-td-visible\">\n<div>\n<table>\n<tbody>\n<tr>\n<td class=\"enf-api-spec-cell !p-[9px] md:!text-center !text-left ar:text-right active\" data-id=\"15888\">400 V<\/td>\n<\/tr>\n<\/tbody>\n<\/table>\n<\/div>\n<\/td>\n<\/tr>\n<tr>\n<th>N\u00famero de fases de alimenta\u00e7\u00e3o<\/th>\n<td class=\"mk-td-visible\">\n<div>\n<table>\n<tbody>\n<tr>\n<td class=\"enf-api-spec-cell !p-[9px] md:!text-center !text-left ar:text-right active\" data-id=\"15888\">3<\/td>\n<\/tr>\n<\/tbody>\n<\/table>\n<\/div>\n<\/td>\n<\/tr>\n<tr class=\"mk-group-title\">\n<th>Dados gerais do inversor<\/th>\n<td class=\"mk-td-visible\"><\/td>\n<\/tr>\n<tr>\n<th>Dimens\u00f5es (A\/W\/D)<\/th>\n<td class=\"mk-td-visible\">\n<div>\n<table>\n<tbody>\n<tr>\n<td class=\"enf-api-spec-cell !p-[9px] md:!text-center !text-left ar:text-right active\" data-id=\"15888\">600x460x250 mm<\/td>\n<\/tr>\n<\/tbody>\n<\/table>\n<\/div>\n<\/td>\n<\/tr>\n<tr>\n<th>Peso<\/th>\n<td class=\"mk-td-visible\">\n<div>\n<table>\n<tbody>\n<tr>\n<td class=\"enf-api-spec-cell !p-[9px] md:!text-center !text-left ar:text-right active\" data-id=\"15888\">29 kg<\/td>\n<\/tr>\n<\/tbody>\n<\/table>\n<\/div>\n<\/td>\n<\/tr>\n<tr>\n<th>Classe de prote\u00e7\u00e3o<\/th>\n<td class=\"mk-td-visible ar:text-right\">IP21<\/td>\n<\/tr>\n<tr>\n<th>Humidade<\/th>\n<td class=\"mk-td-visible ar:text-right\">15-85 %<\/td>\n<\/tr>\n<tr>\n<th>Ecr\u00e3<\/th>\n<td class=\"mk-td-visible ar:text-right\">LCD<\/td>\n<\/tr>\n<\/tbody>\n<\/table>\n<p>&nbsp;<\/p>\n<p>&nbsp;<\/p>","protected":false},"excerpt":{"rendered":"<p>AlphaEss Smile T10-HV inversor Design cl\u00e1ssico Best Seller VPP Ready Capacidade de UPS Alta compatibilidade Mais informa\u00e7\u00f5es Especifica\u00e7\u00e3o Garantia do produto (Min) 5 anos Categoria do sistema de armazenamento Sistema de armazenamento inteligente Tecnologia [...]<\/p>","protected":false},"featured_media":664,"template":"","meta":{"_seopress_robots_primary_cat":"none","_seopress_titles_title":"Alpha ESS SMILE T10 - Intelligent Storage System with LFP Battery","_seopress_titles_desc":"Experience the power of the Alpha ESS SMILE T10 storage system with LFP battery technology. Maximize your energy usage with a sleek design, VPP readiness, and a 5-year warranty.","_seopress_robots_index":"","_kad_blocks_custom_css":"","_kad_blocks_head_custom_js":"","_kad_blocks_body_custom_js":"","_kad_blocks_footer_custom_js":""},"product_cat":[18],"product_tag":[],"class_list":{"0":"post-663","1":"product","2":"type-product","3":"status-publish","4":"has-post-thumbnail","6":"product_cat-hybrid-inverters","8":"first","9":"instock","10":"sale","11":"taxable","12":"shipping-taxable","13":"purchasable","14":"product-type-simple"},"taxonomy_info":{"product_cat":[{"value":18,"label":"Hybrid inverters"}]},"featured_image_src_large":["https:\/\/ownpowr.com\/wp-content\/uploads\/2023\/02\/Smile-T10.png",951,936,false],"author_info":[],"comment_info":"","_links":{"self":[{"href":"https:\/\/ownpowr.com\/pt\/wp-json\/wp\/v2\/product\/663","targetHints":{"allow":["GET"]}}],"collection":[{"href":"https:\/\/ownpowr.com\/pt\/wp-json\/wp\/v2\/product"}],"about":[{"href":"https:\/\/ownpowr.com\/pt\/wp-json\/wp\/v2\/types\/product"}],"wp:featuredmedia":[{"embeddable":true,"href":"https:\/\/ownpowr.com\/pt\/wp-json\/wp\/v2\/media\/664"}],"wp:attachment":[{"href":"https:\/\/ownpowr.com\/pt\/wp-json\/wp\/v2\/media?parent=663"}],"wp:term":[{"taxonomy":"product_cat","embeddable":true,"href":"https:\/\/ownpowr.com\/pt\/wp-json\/wp\/v2\/product_cat?post=663"},{"taxonomy":"product_tag","embeddable":true,"href":"https:\/\/ownpowr.com\/pt\/wp-json\/wp\/v2\/product_tag?post=663"}],"curies":[{"name":"wp","href":"https:\/\/api.w.org\/{rel}","templated":true}]}}