{"id":8051,"date":"2024-04-04T12:26:31","date_gmt":"2024-04-04T10:26:31","guid":{"rendered":"https:\/\/ownpowr.com\/?post_type=product&#038;p=8051"},"modified":"2025-02-27T11:43:14","modified_gmt":"2025-02-27T09:43:14","slug":"deye-ai-w10-2-battery-module","status":"publish","type":"product","link":"https:\/\/ownpowr.com\/pt\/product\/modulo-de-bateria-deye-ai-w10-2\/","title":{"rendered":"Deye AI-W5.1-B 10,24kWh Armazenamento de energia LiFePO 4"},"content":{"rendered":"<p class=\"product_title entry-title\">Deye AI-W10.2(LV)<\/p>\n<p>O conjunto cont\u00e9m:<\/p>\n<p>2 x AI-W5.1<\/p>\n<p>1x AI-W5.1-PDU.1<\/p>\n<p>1x AI-W5.1-Base<\/p>\n<p>&nbsp;<\/p>\n<p class=\"price\">O Deye apresenta uma solu\u00e7\u00e3o de bateria solar de fosfato de ferro e l\u00edtio (LFP) mais segura, fi\u00e1vel e flex\u00edvel, que oferece uma solu\u00e7\u00e3o de armazenamento de energia segura e fi\u00e1vel, optimizada para aplica\u00e7\u00f5es residenciais e comerciais que requerem energia em espa\u00e7os apertados ou com restri\u00e7\u00f5es de carga.<\/p>\n<p class=\"price\">O conjunto de baterias solares de fosfato de ferro e l\u00edtio Deye fornece uma solu\u00e7\u00e3o de armazenamento de energia segura e fi\u00e1vel para aplica\u00e7\u00f5es residenciais e comerciais que requerem energia em espa\u00e7os apertados ou com restri\u00e7\u00f5es de carga. Compacta e leve, \u00e9 adequada para equipamentos de alta pot\u00eancia que operam em espa\u00e7os limitados, proporcionando um desempenho duradouro atrav\u00e9s de um ciclo de vida alargado.<\/p>\n<p class=\"price\">A qu\u00edmica LFP sem cobalto da bateria oferece uma elevada densidade de pot\u00eancia sem comprometer a seguran\u00e7a. Um sistema inteligente de gest\u00e3o da bateria (BMS) monitoriza os pontos de dados cr\u00edticos da c\u00e9lula, como a tens\u00e3o, a corrente e a temperatura, equilibrando a carga e a descarga para maximizar a vida \u00fatil da bateria.<\/p>\n<p class=\"price\">A capacidade e a sa\u00edda podem ser escalonadas atrav\u00e9s de liga\u00e7\u00f5es paralelas de v\u00e1rias baterias com base nas necessidades. As configura\u00e7\u00f5es de bancos maiores proporcionam uma maior capacidade de energia e tempos de funcionamento mais longos. Constru\u00edda para ser fi\u00e1vel, a bateria suporta capacidades de descarga elevadas, mantendo o funcionamento de -20\u00b0C a 55\u00b0C com uma classifica\u00e7\u00e3o IP55 e arrefecimento natural.<\/p>\n<p class=\"price\">Modulares e flex\u00edveis, as baterias aumentam facilmente a sua capacidade at\u00e9 184 kWh, combinando grupos de 36 unidades.<\/p>\n<p class=\"price\">A instala\u00e7\u00e3o \u00e9 simplificada atrav\u00e9s de um design empilh\u00e1vel, montado no ch\u00e3o, sem cablagem ou fixadores adicionais. A instala\u00e7\u00e3o \u00e9 simplificada atrav\u00e9s de um design empilh\u00e1vel no ch\u00e3o, sem cablagem ou fixa\u00e7\u00f5es adicionais. A configura\u00e7\u00e3o e a utiliza\u00e7\u00e3o s\u00e3o r\u00e1pidas e sem esfor\u00e7o.<\/p>\n<p class=\"price\">A comodidade \u00e9 proporcionada atrav\u00e9s da liga\u00e7\u00e3o em rede autom\u00e1tica dos m\u00f3dulos para monitoriza\u00e7\u00e3o remota, manuten\u00e7\u00e3o e actualiza\u00e7\u00f5es de firmware.<\/p>\n<p><a href=\"https:\/\/ownpowr.com\/wp-content\/uploads\/2023\/12\/ai-w5.1-v1.7.pdf\" target=\"_blank\" rel=\"noopener\">Folha de dados do Deye AI-W5.1<\/a><\/p>","protected":false},"excerpt":{"rendered":"<p>Deye AI-W10.2(LV) O conjunto cont\u00e9m: 2 x AI-W5.1 1x AI-W5.1-PDU.1 1x AI-W5.1-Base O Deye apresenta uma solu\u00e7\u00e3o de bateria solar de fosfato de ferro e l\u00edtio (LFP) mais segura, fi\u00e1vel e flex\u00edvel que [...]<\/p>","protected":false},"featured_media":10108,"template":"","meta":{"_seopress_robots_primary_cat":"none","_seopress_titles_title":"Deye AI-W10.2(LV) Set: Advanced Solar Powered Battery Pack Solution","_seopress_titles_desc":"Experience a safe, reliable energy storage solution optimized for tight spaces with Deye\u2019s AI-W5.1. Its eco-friendly design boasts long-lasting performance, automatic module networking, and easy installation.","_seopress_robots_index":"","_kad_blocks_custom_css":"","_kad_blocks_head_custom_js":"","_kad_blocks_body_custom_js":"","_kad_blocks_footer_custom_js":""},"product_cat":[17],"product_tag":[],"class_list":{"0":"post-8051","1":"product","2":"type-product","3":"status-publish","4":"has-post-thumbnail","6":"product_cat-home-batteries","8":"first","9":"instock","10":"taxable","11":"shipping-taxable","12":"purchasable","13":"product-type-simple"},"taxonomy_info":{"product_cat":[{"value":17,"label":"Home batteries"}]},"featured_image_src_large":["https:\/\/ownpowr.com\/wp-content\/uploads\/2023\/12\/image-1.png",1000,1000,false],"author_info":[],"comment_info":"","_links":{"self":[{"href":"https:\/\/ownpowr.com\/pt\/wp-json\/wp\/v2\/product\/8051","targetHints":{"allow":["GET"]}}],"collection":[{"href":"https:\/\/ownpowr.com\/pt\/wp-json\/wp\/v2\/product"}],"about":[{"href":"https:\/\/ownpowr.com\/pt\/wp-json\/wp\/v2\/types\/product"}],"wp:featuredmedia":[{"embeddable":true,"href":"https:\/\/ownpowr.com\/pt\/wp-json\/wp\/v2\/media\/10108"}],"wp:attachment":[{"href":"https:\/\/ownpowr.com\/pt\/wp-json\/wp\/v2\/media?parent=8051"}],"wp:term":[{"taxonomy":"product_cat","embeddable":true,"href":"https:\/\/ownpowr.com\/pt\/wp-json\/wp\/v2\/product_cat?post=8051"},{"taxonomy":"product_tag","embeddable":true,"href":"https:\/\/ownpowr.com\/pt\/wp-json\/wp\/v2\/product_tag?post=8051"}],"curies":[{"name":"wp","href":"https:\/\/api.w.org\/{rel}","templated":true}]}}