{"id":82534,"date":"2024-05-31T12:02:10","date_gmt":"2024-05-31T10:02:10","guid":{"rendered":"https:\/\/ownpowr.com\/?post_type=product&#038;p=82534"},"modified":"2025-08-25T14:32:05","modified_gmt":"2025-08-25T12:32:05","slug":"blauhoff-maxus-60k-96kwh-energy-storage-cabinet-liquid-cooling-with-ev-charger","status":"publish","type":"product","link":"https:\/\/ownpowr.com\/pt\/product\/blauhoff-maxus-60k-96kwh-armario-de-armazenamento-de-energia-arrefecimento-liquido-com-carregador-ev\/","title":{"rendered":"Blauhoff Maxus Arm\u00e1rio de armazenamento de energia 60K\/96KWh Arrefecimento l\u00edquido com carregador EV"},"content":{"rendered":"<p>&nbsp;<\/p>\n<p>A montagem \u00e9 efectuada pelo seu instalador local com a ajuda do nosso pessoal t\u00e9cnico.<\/p>\n<p>Blauhoff Maxus Arm\u00e1rio de armazenamento de energia de 96Kwh Refrigerado a l\u00edquido Garantia de 10 anos 8000 ciclos com carregador EV<\/p>\n<p>Possibilidade de subven\u00e7\u00e3o<\/p>\n<p>C\u00e9lulas prism\u00e1ticas para uma qualidade mais elevada e uma vida \u00fatil mais longa, 8000 ciclos e 10 anos de garantia para as c\u00e9lulas sem custos adicionais e 5 anos para o conjunto.<\/p>\n<p>A maioria dos outros fornecedores tem 3 a 5 anos para as c\u00e9lulas inteiras e depois tem de pagar mais. Isto tamb\u00e9m se aplica ao EMS da Dijkman que utilizamos, sem custos mensais e pode trabalhar com o mercado de desequil\u00edbrio.<\/p>\n<p>ESS totalmente integrado para facilitar o transporte e a O&amp;M.<\/p>\n<p>A bateria integrada com o carregador EV e o design modular tornam-no r\u00e1pido de configurar e utilizar, no m\u00e1ximo, 3 horas de trabalho.<\/p>\n<p>Blauhoff BLH-96kWh-Maxus, um ESS comercial e industrial tudo-em-um com refrigera\u00e7\u00e3o l\u00edquida, est\u00e1 integrado com conversor de armazenamento de energia, bateria, BMS, EMS, gest\u00e3o t\u00e9rmica, distribui\u00e7\u00e3o de energia, prote\u00e7\u00e3o contra inc\u00eandios, carregador Ev, etc.<\/p>\n<p>O design tudo-em-um \u00e9 f\u00e1cil de instalar e O&amp;M e faz interface com todos os outros produtos Maxus e negocia automaticamente com pre\u00e7os din\u00e2micos de energia atrav\u00e9s de v\u00e1rios sistemas EMS.<\/p>\n<p>A conce\u00e7\u00e3o de seguran\u00e7a do sistema garante um melhor desempenho da bateria e uma vida \u00fatil mais longa<br \/>\nvida \u00fatil. V\u00e1rios conjuntos de arm\u00e1rios podem ser diretamente ligados em paralelo at\u00e9 30 unidades para obter armazenamento de energia<br \/>\nexpans\u00e3o do sistema. \u00c9 muito f\u00e1cil de escalar e port\u00e1til.<\/p>\n<p>Arrefecimento l\u00edquido :<br \/>\nO desvio de temperatura das c\u00e9lulas da bateria<br \/>\nem todo o sistema \u00e9 de \u00b11,5\u00b0C devido a<br \/>\nsistema inteligente de arrefecimento l\u00edquido. Pode<br \/>\nprolongar a vida \u00fatil do sistema at\u00e9<br \/>\n30%, aumente a efici\u00eancia do sistema a longo prazo<br \/>\nat\u00e9 88,5%.<\/p>\n<p>Extras poss\u00edveis<\/p>\n<p>Energia de emerg\u00eancia STS- 2 carregadores EV 22kw - inversor h\u00edbrido para liga\u00e7\u00e3o de pain\u00e9is ipv AC acoplado<\/p>\n<p>Seguro<br \/>\nO sistema tem quatro n\u00edveis de gest\u00e3o<br \/>\nestrutura que pode fornecer uma<br \/>\nprote\u00e7\u00e3o contra curto-circuitos, sobreintensidades<br \/>\nprote\u00e7\u00e3o, prote\u00e7\u00e3o contra sobretens\u00e3o,<br \/>\nprote\u00e7\u00e3o contra subtens\u00e3o, sobretemperatura<br \/>\nprote\u00e7\u00e3o, etc.<\/p>\n<p>Certificados obrigat\u00f3rios de seguran\u00e7a e europeus, inversor e baterias :<\/p>\n<p>EN 50549-1 para o inversor Maxus e aplica-se a unidades de produ\u00e7\u00e3o de eletricidade ligadas a redes de baixa tens\u00e3o e EN 50549-2 aplica-se a unidades de produ\u00e7\u00e3o de eletricidade ligadas a redes de m\u00e9dia tens\u00e3o.<\/p>\n<p><strong>NEN-EN-IEC 62619:2022 - Pilhas e baterias secund\u00e1rias contendo electr\u00f3litos alcalinos ou outros electr\u00f3litos n\u00e3o \u00e1cidos - Requisitos de seguran\u00e7a para pilhas e baterias secund\u00e1rias de l\u00edtio, para utiliza\u00e7\u00e3o em aplica\u00e7\u00f5es industriais<\/strong><\/p>\n<p><strong>NEN-EN-IEC 61000-6-2\u3001EN IEC 61000-6-4<\/strong><\/p>\n<p><strong>UL 9540A:2019 edi\u00e7\u00e3o 4 - Norma para M\u00e9todo de Ensaio para Avaliar a Propaga\u00e7\u00e3o de Inc\u00eandio por Fuga T\u00e9rmica em Sistemas de Armazenamento de Energia de Baterias<\/strong><\/p>\n<p><strong>UN38.3<\/strong><\/p>\n<p>VDE4100<\/p>","protected":false},"excerpt":{"rendered":"<p>&nbsp; A montagem \u00e9 efectuada pelo seu instalador local com a ajuda da nossa equipa t\u00e9cnica. Blauhoff Maxus 96Kwh Arm\u00e1rio de armazenamento de energia Refrigerado a l\u00edquido Garantia de 10 anos 8000 ciclos com carregador EV Subs\u00eddio poss\u00edvel [...]<\/p>","protected":false},"featured_media":82535,"template":"","meta":{"_seopress_robots_primary_cat":"none","_seopress_titles_title":"","_seopress_titles_desc":"","_seopress_robots_index":"","_kad_blocks_custom_css":"","_kad_blocks_head_custom_js":"","_kad_blocks_body_custom_js":"","_kad_blocks_footer_custom_js":""},"product_cat":[17,18,19],"product_tag":[],"class_list":{"0":"post-82534","1":"product","2":"type-product","3":"status-publish","4":"has-post-thumbnail","6":"product_cat-home-batteries","7":"product_cat-hybrid-inverters","8":"product_cat-sets-with-inverters","10":"first","11":"instock","12":"taxable","13":"shipping-taxable","14":"purchasable","15":"product-type-simple"},"taxonomy_info":{"product_cat":[{"value":17,"label":"Home batteries"},{"value":18,"label":"Hybrid inverters"},{"value":19,"label":"Sets with inverters"}]},"featured_image_src_large":["https:\/\/ownpowr.com\/wp-content\/uploads\/2024\/05\/photo-2024-02-21-15-07-10.jpg",800,800,false],"author_info":[],"comment_info":"","_links":{"self":[{"href":"https:\/\/ownpowr.com\/pt\/wp-json\/wp\/v2\/product\/82534","targetHints":{"allow":["GET"]}}],"collection":[{"href":"https:\/\/ownpowr.com\/pt\/wp-json\/wp\/v2\/product"}],"about":[{"href":"https:\/\/ownpowr.com\/pt\/wp-json\/wp\/v2\/types\/product"}],"wp:featuredmedia":[{"embeddable":true,"href":"https:\/\/ownpowr.com\/pt\/wp-json\/wp\/v2\/media\/82535"}],"wp:attachment":[{"href":"https:\/\/ownpowr.com\/pt\/wp-json\/wp\/v2\/media?parent=82534"}],"wp:term":[{"taxonomy":"product_cat","embeddable":true,"href":"https:\/\/ownpowr.com\/pt\/wp-json\/wp\/v2\/product_cat?post=82534"},{"taxonomy":"product_tag","embeddable":true,"href":"https:\/\/ownpowr.com\/pt\/wp-json\/wp\/v2\/product_tag?post=82534"}],"curies":[{"name":"wp","href":"https:\/\/api.w.org\/{rel}","templated":true}]}}