{"id":831,"date":"2023-10-04T16:35:29","date_gmt":"2023-10-04T14:35:29","guid":{"rendered":"https:\/\/ownpowr.com\/product\/blauhoff-bess-all-in-one-10k-10kwh\/"},"modified":"2025-03-27T12:50:48","modified_gmt":"2025-03-27T10:50:48","slug":"k-star-all-in-one-10k-10kwh","status":"publish","type":"product","link":"https:\/\/ownpowr.com\/pt\/product\/blauhoff-bess-tudo-em-um-10k-10kwh\/","title":{"rendered":"Solu\u00e7\u00e3o de armazenamento trif\u00e1sico tudo-em-um K-stars 10K\/10kWh"},"content":{"rendered":"<div class=\"proInfos proInfos2 clearfix\">\n<div class=\"left\">\n<p>K-stars Solu\u00e7\u00e3o de armazenamento trif\u00e1sico tudo-em-um (3 fases)<\/p>\n<p>Principais benef\u00edcios<\/p>\n<ul>\n<li>Utiliza a bateria LFP de alto desempenho CATL, conhecida pela sua qualidade e que se encontra entre os fornecedores de c\u00e9lulas de topo.<\/li>\n<li>Capaz de lidar com uma entrada PV substancial de 20KW, com 10KW para carregamento e 10KW para sa\u00edda AC.<\/li>\n<li>Apresenta um design modular, permitindo a expans\u00e3o do sistema de armazenamento de energia atrav\u00e9s de m\u00faltiplas unidades de 5,12KWH.<\/li>\n<li>Fornece uma sa\u00edda de reserva trif\u00e1sica robusta de 10KW, com um tempo de comuta\u00e7\u00e3o de rede ligado\/desligado inferior a 20ms.<\/li>\n<li>Inclui um Sistema de Gest\u00e3o de Energia (EMS), tornando-o vers\u00e1til para v\u00e1rias aplica\u00e7\u00f5es.<\/li>\n<li>Suporta um m\u00e1ximo de 4 unidades em paralelo para sa\u00edda de reserva em modo fora da rede.<\/li>\n<li>Design tudo-em-um simplificado para maior comodidade e efici\u00eancia.<\/li>\n<li>Apresenta uma elevada efici\u00eancia, atingindo at\u00e9 97,6%.<\/li>\n<li>Possui prote\u00e7\u00e3o IP65 para maior durabilidade e resist\u00eancia.<\/li>\n<li>Funcionalidade opcional de monitoriza\u00e7\u00e3o de fios.<\/li>\n<li>Simplifica os procedimentos de instala\u00e7\u00e3o.<\/li>\n<li>Equipado com um controlador digital.<\/li>\n<li>Disp\u00f5e de prote\u00e7\u00e3o contra sobretens\u00f5es DC\/AC.<\/li>\n<li>Incorpora um controlador de pot\u00eancia reactiva.<\/li>\n<\/ul>\n<p>BluE-S- E10KT<\/p>\n<p>2 x 5.1k Pack<\/p>\n<p>1x kit de liga\u00e7\u00e3o para Blue- 2x pacote 5.1<\/p>\n<p>Informa\u00e7\u00f5es sobre a garantia<\/p>\n<ul>\n<li>Tem uma garantia de 10 anos.<\/li>\n<li>Concebida para uns impressionantes 10.000 ciclos.<\/li>\n<\/ul>\n<p>Oferta especial de instala\u00e7\u00e3o<\/p>\n<ul>\n<li>Dispon\u00edvel para instala\u00e7\u00e3o nos Pa\u00edses Baixos a um pre\u00e7o especial de apenas 750 euros!<\/li>\n<\/ul>\n<p><a href=\"https:\/\/ownpowr.com\/wp-content\/uploads\/2023\/10\/datasheet-k-star-blue.pdf\" target=\"_blank\" rel=\"noopener\">Ficha de dados K-Star BluE<\/a><\/p>\n<\/div>\n<\/div>\n<div class=\"hotBuy hotBuy2 clearfix\">\n<div class=\"left\">\n<div class=\"a\">\n<p>&nbsp;<\/p>\n<\/div>\n<\/div>\n<\/div>","protected":false},"excerpt":{"rendered":"<p>Blauhoff<\/p>\n<p>Garantia de 10 anos<\/p>\n<p>10000 ciclos<\/p>\n<p>80% DOD<\/p>","protected":false},"featured_media":832,"template":"","meta":{"_seopress_robots_primary_cat":"none","_seopress_titles_title":"K-star All-In-One Three Phase Storage Solution | High Performance LFP Battery","_seopress_titles_desc":"Get the K-star All-In-One Three Phase Storage Solution with CATL high performance LFP battery. 20KW PV input, modular design, easy installation, and more.","_seopress_robots_index":"","_kad_blocks_custom_css":"","_kad_blocks_head_custom_js":"","_kad_blocks_body_custom_js":"","_kad_blocks_footer_custom_js":""},"product_cat":[17,19],"product_tag":[],"class_list":{"0":"post-831","1":"product","2":"type-product","3":"status-publish","4":"has-post-thumbnail","6":"product_cat-home-batteries","7":"product_cat-sets-with-inverters","9":"first","10":"instock","11":"sale","12":"taxable","13":"shipping-taxable","14":"purchasable","15":"product-type-simple"},"taxonomy_info":{"product_cat":[{"value":17,"label":"Home batteries"},{"value":19,"label":"Sets with inverters"}]},"featured_image_src_large":["https:\/\/ownpowr.com\/wp-content\/uploads\/2023\/04\/Ontwerp-zonder-titel-1024x1024.png",1024,1024,true],"author_info":[],"comment_info":"","_links":{"self":[{"href":"https:\/\/ownpowr.com\/pt\/wp-json\/wp\/v2\/product\/831","targetHints":{"allow":["GET"]}}],"collection":[{"href":"https:\/\/ownpowr.com\/pt\/wp-json\/wp\/v2\/product"}],"about":[{"href":"https:\/\/ownpowr.com\/pt\/wp-json\/wp\/v2\/types\/product"}],"wp:featuredmedia":[{"embeddable":true,"href":"https:\/\/ownpowr.com\/pt\/wp-json\/wp\/v2\/media\/832"}],"wp:attachment":[{"href":"https:\/\/ownpowr.com\/pt\/wp-json\/wp\/v2\/media?parent=831"}],"wp:term":[{"taxonomy":"product_cat","embeddable":true,"href":"https:\/\/ownpowr.com\/pt\/wp-json\/wp\/v2\/product_cat?post=831"},{"taxonomy":"product_tag","embeddable":true,"href":"https:\/\/ownpowr.com\/pt\/wp-json\/wp\/v2\/product_tag?post=831"}],"curies":[{"name":"wp","href":"https:\/\/api.w.org\/{rel}","templated":true}]}}