{"id":902,"date":"2023-10-04T16:42:22","date_gmt":"2023-10-04T14:42:22","guid":{"rendered":"https:\/\/ownpowr.com\/product\/koyoe-20kw-three-phase-include-wire-wifi-smart-meter\/"},"modified":"2025-03-27T13:38:52","modified_gmt":"2025-03-27T11:38:52","slug":"koyoe-20kw-three-phase-include-wire-wifi-smart-meter","status":"publish","type":"product","link":"https:\/\/ownpowr.com\/pt\/product\/koyoe-20kw-trifasico-inclui-contador-inteligente-wifi-com-fio\/","title":{"rendered":"Inversor Koyoe 20kw Trif\u00e1sico, inclui cabo, wifi, contador inteligente"},"content":{"rendered":"<h1>Inversor Koyoe 20kw Trif\u00e1sico, inclui cabo, wifi, contador inteligente<\/h1>\n<p>Marca: Koyoe<\/p>\n<p>C\u00f3digo do produto \/ SKU: KY-EST20KH<\/p>\n<p>&nbsp;<\/p>\n<h2>Descri\u00e7\u00e3o<\/h2>\n<p><strong>Conce\u00e7\u00e3o modular<\/strong><\/p>\n<p>Design modular, instala\u00e7\u00e3o empilhada, apar\u00eancia simples, integra\u00e7\u00e3o de modem dom\u00e9stico;<\/p>\n<p><strong>Interruptor Smar<\/strong><\/p>\n<p>Funcionamento fora da rede, com suporte de alimenta\u00e7\u00e3o el\u00e9ctrica de emerg\u00eancia e comuta\u00e7\u00e3o cont\u00ednua;<\/p>\n<p><strong>Ampla gama de entrada de tens\u00e3o<\/strong><\/p>\n<p>Gama de tens\u00e3o fotovoltaica ultra-ampla 120V-500V, bateria e gama de tens\u00e3o ultra-ampla 85V-450V;<\/p>\n<p><strong>Seguro e fi\u00e1vel<\/strong><\/p>\n<p>Arrefecimento inteligente do ar, baixa subida de temperatura. Longa vida \u00fatil, m\u00faltiplas fun\u00e7\u00f5es de prote\u00e7\u00e3o;<\/p>\n<p><strong>Inteligente e simples<\/strong><\/p>\n<p>Suporte para GPRS\/WIFI\/RS485\/USBLCD, suporte para monitoriza\u00e7\u00e3o remota;<\/p>\n<p><strong>Elevada efici\u00eancia energ\u00e9tica<\/strong><\/p>\n<p>Menor redu\u00e7\u00e3o da pot\u00eancia de sa\u00edda a altas temperaturas,<br \/>\ncom efici\u00eancia melhorada, pot\u00eancia m\u00e1xima de entrada fotovoltaica at\u00e9<br \/>\n1,3X a pot\u00eancia nominal<\/p>\n<p>&nbsp;<\/p>\n<p>Transfer\u00eancias<\/p>\n<p><a href=\"https:\/\/storeyourownpower.com\/wp-content\/uploads\/2023\/05\/Templates_cn_file_Ess-Warranty.pdf\">Garantia _Templates_cn_file_Ess<\/a><\/p>\n<p><a href=\"https:\/\/storeyourownpower.com\/wp-content\/uploads\/2023\/05\/Templates_cn_file_energy_10kw.pdf\">Modelos_cn_file_energia_10kw<\/a><\/p>","protected":false},"excerpt":{"rendered":"<p>Koyoe 20kw Inversor Trif\u00e1sico, inclui fio, wifi, contador inteligente Marca: Koyoe C\u00f3digo do produto \/ SKU: KY-EST20KH Descri\u00e7\u00e3o Design modular Design modular, instala\u00e7\u00e3o empilhada apar\u00eancia simples de sinal, integra\u00e7\u00e3o [...]<\/p>","protected":false},"featured_media":903,"template":"","meta":{"_seopress_robots_primary_cat":"none","_seopress_titles_title":"Koyoe 20kw Inverter Three Phase - Wire, WiFi, Smart Meter","_seopress_titles_desc":"Introducing the Koyoe 20kw Inverter Three Phase with modular design for simple installation. Enjoy seamless switching and emergency power supply. Wide voltage input range ensures safe operation. Smart air cooling and multiple protection functions guarantee reliability. Remote monitoring and high power efficiency make this inverter a smart choice for your energy needs.","_seopress_robots_index":"","_kad_blocks_custom_css":"","_kad_blocks_head_custom_js":"","_kad_blocks_body_custom_js":"","_kad_blocks_footer_custom_js":""},"product_cat":[18],"product_tag":[],"class_list":{"0":"post-902","1":"product","2":"type-product","3":"status-publish","4":"has-post-thumbnail","6":"product_cat-hybrid-inverters","8":"first","9":"instock","10":"sale","11":"taxable","12":"shipping-taxable","13":"purchasable","14":"product-type-simple"},"taxonomy_info":{"product_cat":[{"value":18,"label":"Hybrid inverters"}]},"featured_image_src_large":["https:\/\/ownpowr.com\/wp-content\/uploads\/2023\/05\/Koyoe-10kW-3-Phase-Hybrid-Inverter1-1024x1024.png",1024,1024,true],"author_info":[],"comment_info":"","_links":{"self":[{"href":"https:\/\/ownpowr.com\/pt\/wp-json\/wp\/v2\/product\/902","targetHints":{"allow":["GET"]}}],"collection":[{"href":"https:\/\/ownpowr.com\/pt\/wp-json\/wp\/v2\/product"}],"about":[{"href":"https:\/\/ownpowr.com\/pt\/wp-json\/wp\/v2\/types\/product"}],"wp:featuredmedia":[{"embeddable":true,"href":"https:\/\/ownpowr.com\/pt\/wp-json\/wp\/v2\/media\/903"}],"wp:attachment":[{"href":"https:\/\/ownpowr.com\/pt\/wp-json\/wp\/v2\/media?parent=902"}],"wp:term":[{"taxonomy":"product_cat","embeddable":true,"href":"https:\/\/ownpowr.com\/pt\/wp-json\/wp\/v2\/product_cat?post=902"},{"taxonomy":"product_tag","embeddable":true,"href":"https:\/\/ownpowr.com\/pt\/wp-json\/wp\/v2\/product_tag?post=902"}],"curies":[{"name":"wp","href":"https:\/\/api.w.org\/{rel}","templated":true}]}}