{"id":917,"date":"2023-10-04T16:42:59","date_gmt":"2023-10-04T14:42:59","guid":{"rendered":"https:\/\/ownpowr.com\/product\/pylontech-force-h1-bmu-base-v2\/"},"modified":"2025-02-20T12:30:23","modified_gmt":"2025-02-20T10:30:23","slug":"pylontech-force-h1-bmu-v2","status":"publish","type":"product","link":"https:\/\/ownpowr.com\/pt\/product\/pylontech-force-h1-bmu-v2\/","title":{"rendered":"Pylontech force H1 BMU base V2"},"content":{"rendered":"<p>Pylontech Force H1 V2 BMU Unidade de gest\u00e3o da bateria de base<\/p>\n<p>Pylontech Force H1 V2 BMU A unidade de gerenciamento de bateria b\u00e1sica serve como o link de comunica\u00e7\u00e3o entre a bateria Force H1 e o inversor. Tenha em aten\u00e7\u00e3o que \u00e9 necess\u00e1ria uma BMU por pilha de baterias.<\/p>\n<ul>\n<li>Facilita a comunica\u00e7\u00e3o entre a bateria Force H1 e o inversor.<\/li>\n<\/ul>\n<p>A Pylontech \u00e9 especializada no fabrico de baterias de alta e baixa tens\u00e3o para aplica\u00e7\u00f5es residenciais e comerciais.<\/p>\n<p>Aceda aos documentos do produto para obter mais informa\u00e7\u00f5es.<\/p>\n<ul>\n<li><a title=\"Ficha t\u00e9cnica Pylontech Force H1 yoa2dg9dkeusferjubbq doc link\" href=\"https:\/\/res.cloudinary.com\/gpceurope\/image\/upload\/v1620655621\/yoa2dg9dkeusferjubbq.pdf\" target=\"_blank\" rel=\"noopener\">\u00a0Ficha t\u00e9cnica Pylontech Force H1<\/a><\/li>\n<li><a title=\"Lista de inversores compat\u00edveis com Pylontech wnvulbkipwxriesvmtmj doc link\" href=\"https:\/\/res.cloudinary.com\/gpceurope\/image\/upload\/v1620655628\/wnvulbkipwxriesvmtmj.pdf\" target=\"_blank\" rel=\"noopener\">\u00a0Lista de inversores compat\u00edveis com Pylontech<\/a><\/li>\n<li><a title=\"Manual de instala\u00e7\u00e3o Pylontech Force H1 ndvnntilslprssd02qcw doc link\" href=\"https:\/\/res.cloudinary.com\/gpceurope\/image\/upload\/v1620655640\/ndvnntilslprssd02qcw.pdf\" target=\"_blank\" rel=\"noopener\">\u00a0Manual de instala\u00e7\u00e3o Pylontech Force H1<\/a><\/li>\n<li><a title=\"Garantia limitada quvv15iw5v0lk6cavph9 doc link\" href=\"https:\/\/res.cloudinary.com\/gpceurope\/image\/upload\/v1645348537\/quvv15iw5v0lk6cavph9.pdf\" target=\"_blank\" rel=\"noopener\">\u00a0Garantia limitada<\/a><\/li>\n<li><a href=\"https:\/\/storeyourownpower.com\/wp-content\/uploads\/2022\/10\/Datasheet-English-2.pdf\" target=\"_blank\" rel=\"noopener\">Folha de dados Ingl\u00eas<\/a><\/li>\n<li><a href=\"https:\/\/storeyourownpower.com\/wp-content\/uploads\/2022\/10\/Compatibility-list-English.pdf\" target=\"_blank\" rel=\"noopener\">Lista de compatibilidade Ingl\u00eas<\/a><\/li>\n<li><a href=\"https:\/\/storeyourownpower.com\/wp-content\/uploads\/2022\/10\/Operation-manual-English.pdf\" target=\"_blank\" rel=\"noopener\">Manual de instru\u00e7\u00f5es Ingl\u00eas<\/a><\/li>\n<li><a href=\"https:\/\/storeyourownpower.com\/wp-content\/uploads\/2022\/10\/Consumer-Warranty.pdf\" target=\"_blank\" rel=\"noopener\">Garantia do consumidor<\/a><\/li>\n<\/ul>","protected":false},"excerpt":{"rendered":"<p>Este m\u00f3dulo de gest\u00e3o de base est\u00e1 preparado para os inversores Kostal !!!<\/p>","protected":false},"featured_media":425,"template":"","meta":{"_seopress_robots_primary_cat":"none","_seopress_titles_title":"PYLONTECH FORCE H1 V2 BMU Base Battery Management Unit","_seopress_titles_desc":"Communication unit between the Force H1 battery and the inverter. Find product documents, compatibility list, installation manual, and warranty.","_seopress_robots_index":"","_kad_blocks_custom_css":"","_kad_blocks_head_custom_js":"","_kad_blocks_body_custom_js":"","_kad_blocks_footer_custom_js":""},"product_cat":[17],"product_tag":[],"class_list":{"0":"post-917","1":"product","2":"type-product","3":"status-publish","4":"has-post-thumbnail","6":"product_cat-home-batteries","8":"first","9":"instock","10":"sale","11":"taxable","12":"shipping-taxable","13":"purchasable","14":"product-type-simple"},"taxonomy_info":{"product_cat":[{"value":17,"label":"Home batteries"}]},"featured_image_src_large":["https:\/\/ownpowr.com\/wp-content\/uploads\/2023\/05\/IMG_0548.webp",800,408,false],"author_info":[],"comment_info":"","_links":{"self":[{"href":"https:\/\/ownpowr.com\/pt\/wp-json\/wp\/v2\/product\/917","targetHints":{"allow":["GET"]}}],"collection":[{"href":"https:\/\/ownpowr.com\/pt\/wp-json\/wp\/v2\/product"}],"about":[{"href":"https:\/\/ownpowr.com\/pt\/wp-json\/wp\/v2\/types\/product"}],"wp:featuredmedia":[{"embeddable":true,"href":"https:\/\/ownpowr.com\/pt\/wp-json\/wp\/v2\/media\/425"}],"wp:attachment":[{"href":"https:\/\/ownpowr.com\/pt\/wp-json\/wp\/v2\/media?parent=917"}],"wp:term":[{"taxonomy":"product_cat","embeddable":true,"href":"https:\/\/ownpowr.com\/pt\/wp-json\/wp\/v2\/product_cat?post=917"},{"taxonomy":"product_tag","embeddable":true,"href":"https:\/\/ownpowr.com\/pt\/wp-json\/wp\/v2\/product_tag?post=917"}],"curies":[{"name":"wp","href":"https:\/\/api.w.org\/{rel}","templated":true}]}}