{"id":932,"date":"2023-10-04T16:37:39","date_gmt":"2023-10-04T14:37:39","guid":{"rendered":"https:\/\/ownpowr.com\/product\/enphase-encharge-3t-battery-only-15-year-warantee\/"},"modified":"2025-04-02T14:31:50","modified_gmt":"2025-04-02T12:31:50","slug":"enphase-encharge-3t-battery","status":"publish","type":"product","link":"https:\/\/ownpowr.com\/pt\/product\/bateria-enphase-encharge-3t\/","title":{"rendered":"Bateria Enphase Encharge 3T"},"content":{"rendered":"<p>Enphase Encharge 3T com uma garantia de 15 anos<\/p>\n<p>Observa\u00e7\u00e3o: \u00c9 necess\u00e1ria a certifica\u00e7\u00e3o do instalador! Visite a Universidade Enphase para completar a sua certifica\u00e7\u00e3o.<\/p>\n<p>Bateria Enphase IQ 3T\/10T Benef\u00edcios do Enphase IQ 3T e 10T:<\/p>\n<ul>\n<li>Sistema de bateria CA totalmente integrado com microinversores IQ 8X-BAT integrados<\/li>\n<li>Liga\u00e7\u00e3o simples \u00e0 alimenta\u00e7\u00e3o CA de uma instala\u00e7\u00e3o dom\u00e9stica normal<\/li>\n<li>Adapta-se com precis\u00e3o \u00e0s circunst\u00e2ncias espec\u00edficas do utilizador<\/li>\n<li>Controlo e monitoriza\u00e7\u00e3o f\u00e1ceis de utilizar atrav\u00e9s de uma aplica\u00e7\u00e3o m\u00f3vel<\/li>\n<li>Sistema de arrefecimento passivo (sem pe\u00e7as m\u00f3veis ou ventoinhas)<\/li>\n<li>Durabilidade excecional com uma garantia de 10 anos<\/li>\n<li>A certifica\u00e7\u00e3o do instalador \u00e9 obrigat\u00f3ria para a instala\u00e7\u00e3o da bateria. Entre em contacto com o seu gestor de conta Enphase para obter detalhes sobre a certifica\u00e7\u00e3o.<\/li>\n<li>Certifique-se de que tem o Art. 270072 - Enphase - IQ Gateway-S Metered device.<\/li>\n<li>O Enphase IQ 3T oferece uma capacidade total de armazenamento de 3,5 kWh, com quatro microinversores integrados com uma pot\u00eancia combinada de 1,28 kW.<\/li>\n<li>Os instaladores podem facilmente adaptar o tamanho do sistema para satisfazer as necessidades dos novos clientes, bem como dos que j\u00e1 possuem pain\u00e9is solares.<\/li>\n<\/ul>\n<p>Sistema de armazenamento de baterias Encharge 3T com microinversores integrados da s\u00e9rie Enphase IQ e unidade de gest\u00e3o de baterias (BMU).<\/p>\n<p>Este conjunto inclui:<\/p>\n<ul>\n<li>1x Unidade base Encharge 3T (ENP-B03-T01-INT00-1-2)<\/li>\n<\/ul>\n<p>Desfrute da paz de esp\u00edrito que vem com o Enphase Encharge 3T, apoiado por uma generosa garantia de 15 anos. Tenha em aten\u00e7\u00e3o o requisito de certifica\u00e7\u00e3o do instalador para uma instala\u00e7\u00e3o e configura\u00e7\u00e3o correctas.<\/p>\n<p><strong>Mais informa\u00e7\u00f5es:<\/strong><\/p>\n<ul>\n<li><a href=\"https:\/\/storeyourownpower.com\/wp-content\/uploads\/2022\/12\/Datenblatt-German-Encharge-3T.pdf\" target=\"_blank\" rel=\"noopener\">Dados alem\u00e3es sobre o Encharge 3T<\/a><\/li>\n<li><a href=\"https:\/\/storeyourownpower.com\/wp-content\/uploads\/2022\/12\/Datasheet-English-Encharge-3T.pdf\" target=\"_blank\" rel=\"noopener\">Ficha de dados Ingl\u00eas Encharge 3T<\/a><\/li>\n<li><a href=\"https:\/\/storeyourownpower.com\/wp-content\/uploads\/2022\/12\/Warranty-terms-English-Encharge-3T.pdf\" target=\"_blank\" rel=\"noopener\">Termos da garantia Ingl\u00eas Encharge 3T<\/a><\/li>\n<li><a href=\"https:\/\/storeyourownpower.com\/wp-content\/uploads\/2022\/12\/Warranty-terms-German-Encharge-3T.pdf\" target=\"_blank\" rel=\"noopener\">Condi\u00e7\u00f5es de garantia German Encharge 3T<\/a><\/li>\n<li><a href=\"https:\/\/storeyourownpower.com\/wp-content\/uploads\/2022\/12\/Mounting-instructions-English-Encharge-3T.pdf\" target=\"_blank\" rel=\"noopener\">Instru\u00e7\u00f5es de montagem Ingl\u00eas Encharge 3T<\/a><\/li>\n<\/ul>","protected":false},"excerpt":{"rendered":"<p>15 anos de garantia neste pre\u00e7o!<\/p>","protected":false},"featured_media":39969,"template":"","meta":{"_seopress_robots_primary_cat":"none","_seopress_titles_title":"Enphase Encharge 3T: 15-Year Warranty, Installer Certification Required","_seopress_titles_desc":"Discover the advantages of Enphase IQ Battery 3T\/10T, a fully integrated AC battery system that optimally adjusts to your needs. Get certified at Enphase University.","_seopress_robots_index":"","_kad_blocks_custom_css":"","_kad_blocks_head_custom_js":"","_kad_blocks_body_custom_js":"","_kad_blocks_footer_custom_js":""},"product_cat":[17],"product_tag":[],"class_list":{"0":"post-932","1":"product","2":"type-product","3":"status-publish","4":"has-post-thumbnail","6":"product_cat-home-batteries","8":"first","9":"outofstock","10":"sale","11":"taxable","12":"shipping-taxable","13":"purchasable","14":"product-type-simple"},"taxonomy_info":{"product_cat":[{"value":17,"label":"Home batteries"}]},"featured_image_src_large":["https:\/\/ownpowr.com\/wp-content\/uploads\/2023\/10\/enphase-iq-batterij-3t-achterkant-900x900-2.jpeg",658,658,false],"author_info":[],"comment_info":"","_links":{"self":[{"href":"https:\/\/ownpowr.com\/pt\/wp-json\/wp\/v2\/product\/932","targetHints":{"allow":["GET"]}}],"collection":[{"href":"https:\/\/ownpowr.com\/pt\/wp-json\/wp\/v2\/product"}],"about":[{"href":"https:\/\/ownpowr.com\/pt\/wp-json\/wp\/v2\/types\/product"}],"wp:featuredmedia":[{"embeddable":true,"href":"https:\/\/ownpowr.com\/pt\/wp-json\/wp\/v2\/media\/39969"}],"wp:attachment":[{"href":"https:\/\/ownpowr.com\/pt\/wp-json\/wp\/v2\/media?parent=932"}],"wp:term":[{"taxonomy":"product_cat","embeddable":true,"href":"https:\/\/ownpowr.com\/pt\/wp-json\/wp\/v2\/product_cat?post=932"},{"taxonomy":"product_tag","embeddable":true,"href":"https:\/\/ownpowr.com\/pt\/wp-json\/wp\/v2\/product_tag?post=932"}],"curies":[{"name":"wp","href":"https:\/\/api.w.org\/{rel}","templated":true}]}}