{"id":22,"date":"2023-08-25T18:52:26","date_gmt":"2023-08-25T16:52:26","guid":{"rendered":"https:\/\/ownpowr.com\/?page_id=22"},"modified":"2023-09-11T14:43:48","modified_gmt":"2023-09-11T12:43:48","slug":"refund-returns","status":"publish","type":"page","link":"https:\/\/ownpowr.com\/ro\/rambursare-retururi\/","title":{"rendered":"Politica de rambursare \u0219i returnare"},"content":{"rendered":"<p>Timpul de livrare al produselor este listat \u00eempreun\u0103 cu fiecare produs.<br>Materialele mici care pot fi expediate prin colete po\u0219tale, de obicei le livr\u0103m \u00een 1-2 zile.<br><br>\u00cen cazul \u00een care greutatea sau dimensiunile nu sunt potrivite pentru colete po\u0219tale, materialele vor fi livrate cu camionul. Vom stabili \u00een prealabil o \u00eent\u00e2lnire cu dvs. \u00een ziua \u00een care ve\u021bi putea primi materialele.<br><br>\u00cen ziua livr\u0103rii, ve\u021bi primi diminea\u021ba ora de livrare preconizat\u0103, aceasta fiind o or\u0103 orientativ\u0103.<\/p><h3 class=\"wp-block-heading\"><strong>Timp de livrare<\/strong><\/h3><ul class=\"wp-block-list\"><li>Materiale de colete po\u0219tale 1-2 zile<\/li>\n\n<li>Panouri \u0219i materiale de montaj 1-4 zile Costurile de transport se calculeaz\u0103 \u00een func\u021bie de con\u021binutul co\u0219ului de cump\u0103r\u0103turi. C\u00e2nd pune\u021bi toate materialele \u00een co\u0219ul de cump\u0103r\u0103turi, pute\u021bi vedea la c\u00e2t se ridic\u0103 costurile de transport. Costurile reale de expediere sunt semnificativ mai mari.<\/li><\/ul><ul class=\"wp-block-list\"><li>Colet po\u0219tal p\u00e2n\u0103 la 23 kg 8,95 \u20ac 8,95<\/li>\n\n<li>Colet po\u0219tal p\u00e2n\u0103 la 30 kg 12,50 euro<\/li>\n\n<li>Livrarea cu camionul, \u00eentre 25 \u0219i 85 de euro, va fi indicat\u0103 \u00een co\u0219ul de cump\u0103r\u0103turi. <strong>Retururi \/ Dreptul de retragere<\/strong> Ave\u021bi dreptul de a v\u0103 anula comanda \u00een termen de p\u00e2n\u0103 la 14 zile de la primirea acesteia, f\u0103r\u0103 a oferi un motiv. Dac\u0103 a\u021bi comandat un serviciu, cum ar fi instalarea de panouri solare. Dreptul de retragere expir\u0103 la 14 zile de la confirmarea comenzii. Ave\u021bi la dispozi\u021bie alte 14 zile dup\u0103 anulare pentru a returna produsul. Ve\u021bi fi apoi creditat cu suma integral\u0103 a comenzii, inclusiv costurile de transport. Doar costurile de returnare de la domiciliul dvs. la magazinul web sunt \u00een contul dvs. personal. \u00cen cazul \u00een care v\u0103 folosi\u021bi dreptul de retragere, produsul va fi returnat antreprenorului cu toate accesoriile livrate \u0219i \u00een starea \u0219i ambalajul s\u0103u original. Pentru a v\u0103 exercita acest drept, v\u0103 rug\u0103m s\u0103 ne contacta\u021bi la info@ownpowr.com. Vom rambursa apoi suma datorat\u0103 pentru comand\u0103 \u00een termen de 14 zile de la notificarea return\u0103rii, cu condi\u021bia ca produsul s\u0103 fi fost deja primit \u00een stare bun\u0103. Adresa de returnare:<br>Contorizare returnabil\u0103 Blauhoff BV, Heemstraweg 123, 6651 KH, Druten<\/li><\/ul><h3 class=\"wp-block-heading\"><strong>\u00cenapoi Plata<\/strong><\/h3><p>Dup\u0103 utilizarea dreptului de retragere, ve\u021bi primi \u00eenapoi toate pl\u0103\u021bile, inclusiv costurile de livrare, \u00een termen de paisprezece zile. Costurile de transport pentru retur sunt suportate de dumneavoastr\u0103.<\/p><h3 class=\"wp-block-heading\"><strong>Excluderea dreptului de retragere<\/strong><\/h3><ul class=\"wp-block-list\"><li>Produse personalizate sau compozite<\/li>\n\n<li>Accesorii \u0219i materiale de montare.<\/li>\n\n<li>Lucr\u0103ri de instalare deja efectuate<\/li>\n\n<li>Clien\u021bi corporativi <strong>Colec\u021bia<\/strong> Plasa\u021bi comanda \u00een avans \u00een magazinul nostru online \u0219i alege\u021bi op\u021biunea de ridicare. Dup\u0103 ce am procesat comanda, ve\u021bi primi un e-mail de confirmare. Acesta v\u0103 va spune c\u00e2nd pute\u021bi ridica comanda. Ridicarea este posibil\u0103 de luni p\u00e2n\u0103 vineri, \u00eentre orele 9.00 \u0219i 16.00. Trebuie s\u0103 pl\u0103ti\u021bi \u00een avans \u00een webshop.<\/li><\/ul>","protected":false},"excerpt":{"rendered":"<p>Timpul de livrare al produselor este listat \u00eempreun\u0103 cu fiecare produs.Materialele mici care pot fi expediate prin colete po\u0219tale, le livr\u0103m de obicei \u00een 1-2 zile. \u00cen cazul \u00een care greutatea sau dimensiunea [...]<\/p>","protected":false},"author":1,"featured_media":0,"parent":0,"menu_order":0,"comment_status":"closed","ping_status":"closed","template":"","meta":{"_seopress_robots_primary_cat":"","_seopress_titles_title":"","_seopress_titles_desc":"","_seopress_robots_index":"","_kad_blocks_custom_css":"","_kad_blocks_head_custom_js":"","_kad_blocks_body_custom_js":"","_kad_blocks_footer_custom_js":"","footnotes":""},"class_list":["post-22","page","type-page","status-publish"],"taxonomy_info":[],"featured_image_src_large":false,"author_info":{"display_name":"job-39sj@s9jal019","author_link":"https:\/\/ownpowr.com\/ro\/author\/job-39sjs9jal019\/"},"comment_info":0,"_links":{"self":[{"href":"https:\/\/ownpowr.com\/ro\/wp-json\/wp\/v2\/pages\/22","targetHints":{"allow":["GET"]}}],"collection":[{"href":"https:\/\/ownpowr.com\/ro\/wp-json\/wp\/v2\/pages"}],"about":[{"href":"https:\/\/ownpowr.com\/ro\/wp-json\/wp\/v2\/types\/page"}],"author":[{"embeddable":true,"href":"https:\/\/ownpowr.com\/ro\/wp-json\/wp\/v2\/users\/1"}],"replies":[{"embeddable":true,"href":"https:\/\/ownpowr.com\/ro\/wp-json\/wp\/v2\/comments?post=22"}],"version-history":[{"count":0,"href":"https:\/\/ownpowr.com\/ro\/wp-json\/wp\/v2\/pages\/22\/revisions"}],"wp:attachment":[{"href":"https:\/\/ownpowr.com\/ro\/wp-json\/wp\/v2\/media?parent=22"}],"curies":[{"name":"wp","href":"https:\/\/api.w.org\/{rel}","templated":true}]}}