{"id":1090,"date":"2023-10-04T16:42:23","date_gmt":"2023-10-04T14:42:23","guid":{"rendered":"https:\/\/ownpowr.com\/product\/lg-chem-resu-6-5-prime\/"},"modified":"2025-02-27T12:49:47","modified_gmt":"2025-02-27T10:49:47","slug":"lg-chem-resu-6-5-prime","status":"publish","type":"product","link":"https:\/\/ownpowr.com\/ro\/product\/lg-chem-resu-6-5-prime\/","title":{"rendered":"LG Chem Resu 6.5 PRIME"},"content":{"rendered":"<p>&nbsp;<\/p>\n<p>LG CHEM RESU 6.5 LI-IO 6.5 kWh Baterie de stocare CHEM RESU 6.5 LI-IO 6.5 kWh<\/p>\n<p>LG Chem ESS Sistem reziden\u021bial de stocare a energiei compatibil cu Sunny Island 3.0M, Sunny Island 4.4M, Sunny Island 6.0 H, SolaX, Sungrow, Schneider, Ingeteam, GoodWe, Redback, Victron Energy.<\/p>\n<p>RESU reprezint\u0103 o solu\u021bie energetic\u0103 inteligent\u0103 pentru gospod\u0103rii, reduc\u00e2nd \u00een mod eficient cheltuielile cu energia electric\u0103 prin gestionarea v\u00e2rfurilor de consum. Atunci c\u00e2nd este cuplat cu sisteme fotovoltaice, RESU optimizeaz\u0103 utilizarea energiei electrice autogenerate, contribuind \u0219i mai mult la reducerea costurilor. \u00cen plus, RESU serve\u0219te ca surs\u0103 de energie fiabil\u0103 \u00een timpul \u00eentreruperilor nea\u0219teptate de curent.<\/p>\n<p>Specifica\u021bii tehnice pentru RESU 6.5 ESS Storage:<\/p>\n<ul>\n<li>Economii la factura de electricitate: Gestionarea eficient\u0103 a v\u00e2rfurilor de consum<\/li>\n<li>Utilizarea energiei nepoluante din sistemele fotovoltaice<\/li>\n<li>Surs\u0103 de alimentare fiabil\u0103<\/li>\n<li>Materiale prietenoase cu mediul \u00eenconjur\u0103tor<\/li>\n<li>\u00centre\u021binere redus\u0103<\/li>\n<\/ul>\n<p>Detalii tehnice cheie:<\/p>\n<ul>\n<li>Model: RESU 6.5<\/li>\n<li>Capacitate energetic\u0103 (kWh): 6.5<\/li>\n<li>Tensiune (V): 48<\/li>\n<li>Capacitate (Ah): 126<\/li>\n<li>Sistem de gestionare a bateriei (BMS): integrat<\/li>\n<li>Greutate (kg): 52<\/li>\n<li>Dimensiuni (mm): L\u0103\u021bime 452, \u00cen\u0103l\u021bime 654, Ad\u00e2ncime 120<\/li>\n<\/ul>","protected":false},"excerpt":{"rendered":"<p>&nbsp; LG CHEM RESU 6.5 LI-IO 6.5 kWh Baterie de stocare LG Chem ESS Sistem reziden\u021bial de stocare a energiei compatibil cu Sunny Island 3.0M, Sunny Island 4.4M, Sunny Island 6.0 H, SolaX, [...]<\/p>","protected":false},"featured_media":1091,"template":"","meta":{"_seopress_robots_primary_cat":"none","_seopress_titles_title":"LG CHEM RESU 6.5 LI-IO: Smart Energy Solution for Homes","_seopress_titles_desc":"Lower your electricity bill with peak management, enhance self-consumption of self-generated electricity, and enjoy a reliable power source with LG Chem RESU 6.5 ESS storage battery.","_seopress_robots_index":"","_kad_blocks_custom_css":"","_kad_blocks_head_custom_js":"","_kad_blocks_body_custom_js":"","_kad_blocks_footer_custom_js":""},"product_cat":[17],"product_tag":[],"class_list":{"0":"post-1090","1":"product","2":"type-product","3":"status-publish","4":"has-post-thumbnail","6":"product_cat-home-batteries","8":"first","9":"instock","10":"sale","11":"taxable","12":"shipping-taxable","13":"purchasable","14":"product-type-simple"},"taxonomy_info":{"product_cat":[{"value":17,"label":"Home batteries"}]},"featured_image_src_large":["https:\/\/ownpowr.com\/wp-content\/uploads\/2023\/07\/Resu6.5.jpeg",600,540,false],"author_info":[],"comment_info":"","_links":{"self":[{"href":"https:\/\/ownpowr.com\/ro\/wp-json\/wp\/v2\/product\/1090","targetHints":{"allow":["GET"]}}],"collection":[{"href":"https:\/\/ownpowr.com\/ro\/wp-json\/wp\/v2\/product"}],"about":[{"href":"https:\/\/ownpowr.com\/ro\/wp-json\/wp\/v2\/types\/product"}],"wp:featuredmedia":[{"embeddable":true,"href":"https:\/\/ownpowr.com\/ro\/wp-json\/wp\/v2\/media\/1091"}],"wp:attachment":[{"href":"https:\/\/ownpowr.com\/ro\/wp-json\/wp\/v2\/media?parent=1090"}],"wp:term":[{"taxonomy":"product_cat","embeddable":true,"href":"https:\/\/ownpowr.com\/ro\/wp-json\/wp\/v2\/product_cat?post=1090"},{"taxonomy":"product_tag","embeddable":true,"href":"https:\/\/ownpowr.com\/ro\/wp-json\/wp\/v2\/product_tag?post=1090"}],"curies":[{"name":"wp","href":"https:\/\/api.w.org\/{rel}","templated":true}]}}