{"id":11224,"date":"2024-04-04T12:26:31","date_gmt":"2024-04-04T10:26:31","guid":{"rendered":"https:\/\/ownpowr.com\/?post_type=product&#038;p=11224"},"modified":"2025-02-27T11:42:24","modified_gmt":"2025-02-27T09:42:24","slug":"deye-ai-w5-1-only-battery","status":"publish","type":"product","link":"https:\/\/ownpowr.com\/ro\/product\/deye-ai-w5-1-only-battery\/","title":{"rendered":"Deye AI-W5.1-B 5,1 kWh Stocarea energiei LV LiFePO4"},"content":{"rendered":"<p>Deye AI-W5.1(LV)<\/p>\n<div class=\"woocommerce-product-details__short-description\">Deye introduce o solu\u021bie mai sigur\u0103, mai fiabil\u0103 \u0219i mai flexibil\u0103 de baterii solare cu fosfat de litiu \u0219i fier (LFP), care ofer\u0103 o solu\u021bie sigur\u0103 \u0219i fiabil\u0103 de stocare a energiei, optimizat\u0103 pentru aplica\u021bii reziden\u021biale \u0219i comerciale care necesit\u0103 energie \u00een spa\u021bii \u00eenguste sau cu restric\u021bii de sarcin\u0103.<\/div>\n<div><\/div>\n<div>\n<p>Descriere<\/p>\n<p>Pachetul de baterii solare cu litiu-fosfat de fier Deye ofer\u0103 o solu\u021bie sigur\u0103 \u0219i fiabil\u0103 de stocare a energiei pentru aplica\u021biile reziden\u021biale \u0219i comerciale care necesit\u0103 energie \u00een spa\u021bii \u00eenguste sau \u00een condi\u021bii de restric\u021bii de sarcin\u0103. Compact \u0219i u\u0219or, acesta este potrivit pentru echipamentele de mare putere care func\u021bioneaz\u0103 \u00een spa\u021bii limitate, oferind performan\u021be de lung\u0103 durat\u0103 prin intermediul unui ciclu de via\u021b\u0103 extins.<\/p>\n<p>Chimia LFP f\u0103r\u0103 cobalt a bateriei ofer\u0103 o densitate mare de energie f\u0103r\u0103 a compromite siguran\u021ba. Un sistem inteligent de gestionare a bateriei (BMS) monitorizeaz\u0103 punctele de date critice ale celulei, cum ar fi tensiunea, curentul \u0219i temperatura, echilibr\u00e2nd \u00eenc\u0103rcarea \u0219i desc\u0103rcarea pentru a maximiza durata de via\u021b\u0103 a bateriei.<\/p>\n<p>Capacitatea \u0219i randamentul pot fi m\u0103rite prin conexiuni paralele ale mai multor baterii, \u00een func\u021bie de necesit\u0103\u021bi. Configura\u021biile mai mari ale b\u0103ncilor ofer\u0103 o capacitate energetic\u0103 mai mare \u0219i timpi de func\u021bionare mai lungi. Construit\u0103 pentru fiabilitate, bateria suport\u0103 capacit\u0103\u021bi mari de desc\u0103rcare, men\u021bin\u00e2nd func\u021bionarea de la -20\u00b0C la 55\u00b0C cu un rating IP55 \u0219i r\u0103cire natural\u0103.<\/p>\n<p>Modulare \u0219i flexibile, bateriile \u00ee\u0219i extind cu u\u0219urin\u021b\u0103 capacitatea p\u00e2n\u0103 la 184 kWh prin combinarea unor grupuri de 36 de unit\u0103\u021bi.<\/p>\n<p>Acest acumulator cu energie solar\u0103 are un design ecologic, care utilizeaz\u0103 materiale non-toxice \u0219i nepoluante.<\/p>\n<p>Instalarea este simplificat\u0103 printr-un design stivuibil, montat pe podea, f\u0103r\u0103 cabluri sau elemente de fixare suplimentare. Instalarea \u0219i desf\u0103\u0219urarea sunt rapide \u0219i f\u0103r\u0103 efort.<\/p>\n<p>Comoditatea este asigurat\u0103 prin intermediul re\u021belei automate de module pentru monitorizare, \u00eentre\u021binere \u0219i actualiz\u0103ri de firmware de la distan\u021b\u0103.<\/p>\n<p><a href=\"https:\/\/ownpowr.com\/wp-content\/uploads\/2023\/12\/deye-ai-w5.1-datasheet.pdf\" target=\"_blank\" rel=\"noopener\">Deye AI-W5.1 Fi\u0219\u0103 tehnic\u0103<\/a><\/p>\n<\/div>","protected":false},"excerpt":{"rendered":"<p>Deye AI-W5.1(LV) Deye introduce o solu\u021bie mai sigur\u0103, mai fiabil\u0103 \u0219i mai flexibil\u0103 de baterii solare cu fosfat de litiu \u0219i fier (LFP), care ofer\u0103 o solu\u021bie sigur\u0103 \u0219i fiabil\u0103 de stocare a energiei, optimizat\u0103 pentru [...]<\/p>","protected":false},"featured_media":138814,"template":"","meta":{"_seopress_robots_primary_cat":"none","_seopress_titles_title":"Reliable and Compact Deye AI-W5.1(LV) Battery Solution","_seopress_titles_desc":"Experience the Deye AI-W5.1(LV): A safe, reliable and flexible solar powered lithium iron phosphate battery pack. Perfect for small spaces and load restrictions.","_seopress_robots_index":"","_kad_blocks_custom_css":"","_kad_blocks_head_custom_js":"","_kad_blocks_body_custom_js":"","_kad_blocks_footer_custom_js":""},"product_cat":[17],"product_tag":[],"class_list":{"0":"post-11224","1":"product","2":"type-product","3":"status-publish","4":"has-post-thumbnail","6":"product_cat-home-batteries","8":"first","9":"instock","10":"sale","11":"taxable","12":"shipping-taxable","13":"purchasable","14":"product-type-simple"},"taxonomy_info":{"product_cat":[{"value":17,"label":"Home batteries"}]},"featured_image_src_large":["https:\/\/ownpowr.com\/wp-content\/uploads\/2024\/04\/ai-b-version.png",673,341,false],"author_info":[],"comment_info":"","_links":{"self":[{"href":"https:\/\/ownpowr.com\/ro\/wp-json\/wp\/v2\/product\/11224","targetHints":{"allow":["GET"]}}],"collection":[{"href":"https:\/\/ownpowr.com\/ro\/wp-json\/wp\/v2\/product"}],"about":[{"href":"https:\/\/ownpowr.com\/ro\/wp-json\/wp\/v2\/types\/product"}],"wp:featuredmedia":[{"embeddable":true,"href":"https:\/\/ownpowr.com\/ro\/wp-json\/wp\/v2\/media\/138814"}],"wp:attachment":[{"href":"https:\/\/ownpowr.com\/ro\/wp-json\/wp\/v2\/media?parent=11224"}],"wp:term":[{"taxonomy":"product_cat","embeddable":true,"href":"https:\/\/ownpowr.com\/ro\/wp-json\/wp\/v2\/product_cat?post=11224"},{"taxonomy":"product_tag","embeddable":true,"href":"https:\/\/ownpowr.com\/ro\/wp-json\/wp\/v2\/product_tag?post=11224"}],"curies":[{"name":"wp","href":"https:\/\/api.w.org\/{rel}","templated":true}]}}