{"id":119,"date":"2022-11-11T09:25:43","date_gmt":"2022-11-11T07:25:43","guid":{"rendered":"https:\/\/ownpowr.com\/product\/sungrow-sbr096-battery-blue\/"},"modified":"2025-03-27T13:29:55","modified_gmt":"2025-03-27T11:29:55","slug":"sungrow-sbr096-battery-blue","status":"publish","type":"product","link":"https:\/\/ownpowr.com\/ro\/product\/sungrow-sbr096-baterie-albastra\/","title":{"rendered":"Sungrow SBR 9,6kWh SBR096"},"content":{"rendered":"<p>Sungrow SBR 9,6kWh SBR096 V2 albastru LFP baterie + accesoriu<\/p>\n<p>Acest set de baterii de cas\u0103 de la Sungrow include urm\u0103toarele:<br \/>\n3x Sungrow SBR premium SBR modul de baterii 3,2 kWh<br \/>\n1x Sungrow sistem premium de gestionare a bateriei Sungrow + accesorii<\/p>\n<p>- Tipul de baterie: Celula prismatic\u0103 LiFePO4<br \/>\n- Putere nominal\u0103: 9,6 kWh<br \/>\n- Energie (utilizabil\u0103): 9,6 kWh<br \/>\n- Tensiune nominal\u0103: 192 V<br \/>\n- Tensiune de func\u021bionare: 150 - 219 V<br \/>\n- Putere nominal\u0103 DC: 5,76 kW<br \/>\n- Puterea maxim\u0103 de \u00eenc\u0103rcare\/desc\u0103rcare: 6,57 kW<br \/>\n- Curent maxim de \u00eenc\u0103rcare\/desc\u0103rcare (continuu): 30 A<br \/>\n- Curent maxim de \u00eenc\u0103rcare\/desc\u0103rcare (impuls de 10s): 42 A<br \/>\n- Ad\u00e2ncimea de desc\u0103rcare: 100%<br \/>\n- Curent de scurtcircuit: 1700 A<br \/>\n- Afi\u0219aj: Indicator SOC, indicator de stare<br \/>\n- Interfa\u021b\u0103 de comunicare: CAN<br \/>\n- Locul de instalare: Interior \/ exterior<br \/>\n- Metoda de montare: Suport de podea<br \/>\n- Gama de temperaturi de func\u021bionare: \u00cenc\u0103rcare: 0 p\u00e2n\u0103 la 50 \u2103 \/ Desc\u0103rcare: -30 p\u00e2n\u0103 la 50 \u2103<br \/>\n- Grad de protec\u021bie: IP55<br \/>\n- Umiditate relativ\u0103 admisibil\u0103: 0% p\u00e2n\u0103 la 95% (f\u0103r\u0103 condensare)<br \/>\n- \u00cen\u0103l\u021bimea maxim\u0103 de utilizare: 2000 m<br \/>\n- Metoda de r\u0103cire: convec\u021bie natural\u0103<br \/>\n- Certific\u0103ri: CE, CEC, IEC 62619, IEC 62040, UN38.3, VDE 2510-50<br \/>\n- Adaptare pentru extindere: P\u00e2n\u0103 la 4 unit\u0103\u021bi \u00een paralel (este necesar\u0103 o cutie de jonc\u021biune suplimentar\u0103, dar nu este disponibil\u0103 \u00een prezent)<\/p>\n<p><a href=\"https:\/\/storeyourownpower.com\/wp-content\/uploads\/2022\/08\/Datasheet-German-2.pdf\" target=\"_blank\" rel=\"noopener\">Fi\u0219\u0103 tehnic\u0103 german\u0103<\/a><br \/>\n<a href=\"https:\/\/storeyourownpower.com\/wp-content\/uploads\/2022\/08\/Datasheets-English.pdf\" target=\"_blank\" rel=\"noopener\">Fi\u0219e tehnice Rom\u00e2n\u0103<\/a><br \/>\n<a href=\"https:\/\/storeyourownpower.com\/wp-content\/uploads\/2022\/08\/Mounting-instructions-English-2.pdf\" target=\"_blank\" rel=\"noopener\">Instruc\u021biuni de asamblare Rom\u00e2n\u0103<\/a><br \/>\n<a href=\"https:\/\/storeyourownpower.com\/wp-content\/uploads\/2022\/08\/Mounting-instructions-German-2.pdf\" target=\"_blank\" rel=\"noopener\">Instruc\u021biuni de asamblare German\u0103<\/a><br \/>\n<a href=\"https:\/\/storeyourownpower.com\/wp-content\/uploads\/2022\/08\/Warranty-terms-English-2.pdf\" target=\"_blank\" rel=\"noopener\">Condi\u021bii de garan\u021bie Rom\u00e2n\u0103<\/a><br \/>\n<a href=\"https:\/\/storeyourownpower.com\/wp-content\/uploads\/2022\/08\/Warranty-terms-German-1.pdf\" target=\"_blank\" rel=\"noopener\">Condi\u021bii de garan\u021bie German\u0103<\/a><\/p>","protected":false},"excerpt":{"rendered":"<p>Sungrow SBR 9,6kWh SBR096 V2 albastru Baterie LFP + accesoriu Acest set de baterii pentru acas\u0103 de la Sungrow include urm\u0103toarele: 3x Sungrow SBR modul baterie premium 3,2 kWh 1x Sungrow premium [...]<\/p>","protected":false},"featured_media":120,"template":"","meta":{"_seopress_robots_primary_cat":"none","_seopress_titles_title":"","_seopress_titles_desc":"","_seopress_robots_index":"","_kad_blocks_custom_css":"","_kad_blocks_head_custom_js":"","_kad_blocks_body_custom_js":"","_kad_blocks_footer_custom_js":""},"product_cat":[17],"product_tag":[],"class_list":{"0":"post-119","1":"product","2":"type-product","3":"status-publish","4":"has-post-thumbnail","6":"product_cat-home-batteries","8":"first","9":"instock","10":"sale","11":"taxable","12":"shipping-taxable","13":"purchasable","14":"product-type-simple"},"taxonomy_info":{"product_cat":[{"value":17,"label":"Home batteries"}]},"featured_image_src_large":["https:\/\/ownpowr.com\/wp-content\/uploads\/2022\/11\/Screenshot-2022-06-22-at-16.19.50.jpg",982,810,false],"author_info":[],"comment_info":"","_links":{"self":[{"href":"https:\/\/ownpowr.com\/ro\/wp-json\/wp\/v2\/product\/119","targetHints":{"allow":["GET"]}}],"collection":[{"href":"https:\/\/ownpowr.com\/ro\/wp-json\/wp\/v2\/product"}],"about":[{"href":"https:\/\/ownpowr.com\/ro\/wp-json\/wp\/v2\/types\/product"}],"wp:featuredmedia":[{"embeddable":true,"href":"https:\/\/ownpowr.com\/ro\/wp-json\/wp\/v2\/media\/120"}],"wp:attachment":[{"href":"https:\/\/ownpowr.com\/ro\/wp-json\/wp\/v2\/media?parent=119"}],"wp:term":[{"taxonomy":"product_cat","embeddable":true,"href":"https:\/\/ownpowr.com\/ro\/wp-json\/wp\/v2\/product_cat?post=119"},{"taxonomy":"product_tag","embeddable":true,"href":"https:\/\/ownpowr.com\/ro\/wp-json\/wp\/v2\/product_tag?post=119"}],"curies":[{"name":"wp","href":"https:\/\/api.w.org\/{rel}","templated":true}]}}